{"id":11,"date":"2018-03-04T16:59:39","date_gmt":"2018-03-04T15:59:39","guid":{"rendered":"https:\/\/pp-performance.de\/shop\/?page_id=11"},"modified":"2025-01-03T19:42:28","modified_gmt":"2025-01-03T18:42:28","slug":"unternehmen","status":"publish","type":"page","link":"https:\/\/pp-performance.de\/shop\/unternehmen\/","title":{"rendered":"Unternehmen"},"content":{"rendered":"<p>[vc_row][vc_column el_class=&#8221;page-header page-header-mini page-header-md-medium&#8221;]<div class=\"dzsparallaxer dzsparallaxer0 auto-init use-loading \"  data-options='{\"direction\": \"reverse\",\"scroll_axis_x\":\"off\",\"scroll_axis_y\":\"on\"}' data-parallax_content_type=\"image\" style=\" height: 100%;\"><div class=\"divimage dzsparallaxer--target \" data-src=\"https:\/\/pp-performance.de\/shop\/wp-content\/uploads\/2020\/09\/backgroundcompany.jpg\"style=\";  height: 150%;\"><\/div><div class=\"preloader-semicircles\"><\/div><div class=\"parallaxer-content\"><\/p>\n<div class=\"big-text center-it\">\n<h1 class=\"text-white text-uppercase\">Unternehmen<\/h1>\n<\/div>\n<p><\/div><\/div>[\/vc_column][\/vc_row][vc_row full_height=&#8221;yes&#8221; columns_placement=&#8221;stretch&#8221; equal_height=&#8221;yes&#8221;][vc_column][vc_row_inner equal_height=&#8221;yes&#8221;][vc_column_inner el_class=&#8221;section contentoverflowhidden&#8221; width=&#8221;1\/2&#8243; css=&#8221;.vc_custom_1599661490879{padding-right: 30px !important;padding-left: 30px !important;}&#8221;][vc_column_text css_animation=&#8221;fadeInUp&#8221;]<\/p>\n<h2 class=\"text-uppercase\">\u00dcber PP-Performance<\/h2>\n<p class=\"text-justify\">Wir sind eines der f\u00fchrenden Unternehmen im Tuningbereich und vertreten maximale Leistung auf allen Ebenen der Motortechnik. Die langj\u00e4hrige Erfahrung unserer Fachexperten und die Nutzung der modernsten Messger\u00e4te geben uns seit Jahren die M\u00f6glichkeit die internationalen Leistungsrekorde mitzubestimmen. Doch unser Aufstieg zu einem der f\u00fchrenden Unternehmen im Tuningbereich begann klein und bescheiden bei Auftragsarbeiten f\u00fcr Jimmy\u2019s Freund und heutigen Gesch\u00e4ftspartner Salah Alamoudi. Die Serienautos der Emirati wurden im Jahr 2008 von Jimmy<br \/>\nzu atemberaubenden Geschwindigkeiten mit Leistungswerten jenseits von Gut und B\u00f6se optimiert. Die Kunden waren mit der Arbeit des jungen Schwaben so zufrieden, dass in einer vertr\u00e4umten arabischen Nacht bei Kaffee, Tee und Autos \u00fcber die Gr\u00fcndung einer Firma in der Hauptstadt Abu Dhabi gesprochen wurde. Unsere Hauptzentrale PP-Performance Middle East z\u00e4hlt heute zu den modernsten Hallen, wenn es um Leistungssteigerungen und Softwareoptimierungen geht. Es werden die modernsten Optimierungen\u00a0an den schnellsten Autos und neuesten Modellen des Marktes direkt vor Ort\u00a0 getestet und umgesetzt. Wir haben uns dadurch einen Wettbewerbsvorteil geschaffen, den wir direkt an unsere Kunden weitergeben. Im Tuningbereich haben wir mit einzigartigen Softwarel\u00f6sungen bereits zahlreiche Rekorde aufgestellt und unsere Welt des Hochleistungstunings bei GRIP dem Motorsport Magazin und anderen namenhaften Fernsehsendern pr\u00e4sentiert. Unsere Liebe zur Motortechnik, Autos und Tuning wird unsere Geschichte weiterschreiben, deshalb setzen wir auf kontinuierliche Weiterentwicklung getreu nach unserem Motto \u2013 We lead, others follow.<\/p>\n<p>[\/vc_column_text][\/vc_column_inner][vc_column_inner el_class=&#8221;content-min-height px-0&#8243; width=&#8221;1\/2&#8243; css=&#8221;.vc_custom_1599757869905{background-image: url(https:\/\/pp-performance.de\/shop\/wp-content\/uploads\/2018\/04\/Jimmy_Pelka_Salah_Alamoudi.jpg?id=2019) !important;background-position: center !important;background-repeat: no-repeat !important;background-size: cover !important;}&#8221;][\/vc_column_inner][\/vc_row_inner][\/vc_column][\/vc_row][vc_row equal_height=&#8221;yes&#8221; el_class=&#8221;border-bottom-hr&#8221;][vc_column width=&#8221;1\/2&#8243; el_class=&#8221;bg-red py-cta&#8221;][vc_raw_html]JTNDZGl2JTIwY2xhc3MlM0QlMjJpbmZvJTIwaW5mby1ob3ZlciUyMiUzRSUwQSUyMCUyMCUzQ2RpdiUyMGNsYXNzJTNEJTIyaWNvbiUyMGljb24td2hpdGUlMjIlM0UlMEElMjAlMjAlMjAlM0NpJTIwY2xhc3MlM0QlMjJ1aS1pY29uJTIwdWktZW1haWwtODMtMiUyMiUzRSUzQyUyRmklM0UlMEElMjAlMjAlM0MlMkZkaXYlM0UlMEElMjAlMjAlM0NoMiUyMGNsYXNzJTNEJTIydGl0bGUlMjBtdC0zMCUyMiUzRUtvbnRha3QlM0MlMkZoMiUzRSUwQSUyMCUyMCUzQ3AlMjBjbGFzcyUzRCUyMmRlc2NyaXB0aW9uJTIwbXQtMjAlMjIlM0VIYXN0JTIwZHUlMjBGcmFnZW4lM0YlMjBNZWxkZSUyMGRpY2glMjB1bmQlMjB3aXIlMjBoZWxmZW4lMjBkaXIuJTNDJTJGcCUzRSUwQSUwQSUyMCUyMCUzQ2RpdiUyMGNsYXNzJTNEJTIydmNfYnRuMy1jb250YWluZXIlMjB2Y19idG4zLWlubGluZSUyMG10LTIwJTIyJTNFJTBBJTIwJTIwJTIwJTNDYSUyMGNsYXNzJTNEJTIydmNfZ2VuZXJhbCUyMHZjX2J0bjMlMjB2Y19idG4zLXNpemUtbWQlMjB2Y19idG4zLXNoYXBlLXJvdW5kZWQlMjB2Y19idG4zLXN0eWxlLW1vZGVybiUyMCUyMCUyMHZjX2J0bjMtY29sb3Itd2hpdGUlMjIlMjBocmVmJTNEJTIyJTJGc2hvcCUyRmtvbnRha3QlMkYlMjIlMjB0aXRsZSUzRCUyMiUyMiUzRUtvbnRha3RpZXJlJTIwJTIwJTIwdW5zJTBBJTIwJTIwJTIwJTNDJTJGYSUzRSUwQSUyMCUyMCUzQyUyRmRpdiUzRSUwQSUwQSUyMCUzQyUyRmRpdiUzRQ==[\/vc_raw_html][\/vc_column][vc_column width=&#8221;1\/2&#8243; el_class=&#8221;bg-dark-gray py-cta&#8221;][vc_raw_html]JTNDZGl2JTIwY2xhc3MlM0QlMjJpbmZvJTIwaW5mby1ob3ZlciUyMiUzRSUwQSUyMCUyMCUzQ2RpdiUyMGNsYXNzJTNEJTIyaWNvbiUyMGljb24td2hpdGUlMjIlM0UlMEElMjAlMjAlMjAlM0NpJTIwY2xhc3MlM0QlMjJ1aS1pY29uJTIwdWktYnVpbGRpbmclMjIlM0UlM0MlMkZpJTNFJTBBJTIwJTIwJTNDJTJGZGl2JTNFJTBBJTIwJTIwJTNDaDIlMjBjbGFzcyUzRCUyMnRpdGxlJTIwbXQtMzAlMjIlM0VVbnRlcm5laG1lbiUzQyUyRmgyJTNFJTBBJTIwJTIwJTNDcCUyMGNsYXNzJTNEJTIyZGVzY3JpcHRpb24lMjBtdC0yMCUyMiUzRUVyZmFocmUlMjBtZWhyJTIwJUMzJUJDYmVyJTIwUFAtUGVyZm9ybWFuY2UlMjBhdWYlMjB1bnNlcmVyJTIwVW50ZXJuZWhtZW5zd2Vic2l0ZS4lM0MlMkZwJTNFJTBBJTBBJTIwJTIwJTNDZGl2JTIwY2xhc3MlM0QlMjJ2Y19idG4zLWNvbnRhaW5lciUyMHZjX2J0bjMtaW5saW5lJTIwbXQtMjAlMjIlM0UlMEElMjAlMjAlMjAlM0NhJTIwY2xhc3MlM0QlMjJ2Y19nZW5lcmFsJTIwdmNfYnRuMyUyMHZjX2J0bjMtc2l6ZS1tZCUyMHZjX2J0bjMtc2hhcGUtcm91bmRlZCUyMHZjX2J0bjMtc3R5bGUtbW9kZXJuJTIwJTIwJTIwdmNfYnRuMy1jb2xvci13aGl0ZSUyMiUyMGhyZWYlM0QlMjJodHRwcyUzQSUyRiUyRnd3dy5wcC1wZXJmb3JtYW5jZS5kZSUyRmNvbXBhbnklMjIlMjB0aXRsZSUzRCUyMiUyMiUzRU1laHIlMjBlcmZhaHJlbiUwQSUyMCUyMCUyMCUzQyUyRmElM0UlMEElMjAlMjAlM0MlMkZkaXYlM0UlMEElMEElMjAlM0MlMkZkaXYlM0U=[\/vc_raw_html][\/vc_column][\/vc_row]<\/p>\n","protected":false},"excerpt":{"rendered":"<p>[vc_row][vc_column el_class=&#8221;page-header page-header-mini page-header-md-medium&#8221;][\/vc_column][\/vc_row][vc_row full_height=&#8221;yes&#8221; columns_placement=&#8221;stretch&#8221; equal_height=&#8221;yes&#8221;][vc_column][vc_row_inner equal_height=&#8221;yes&#8221;][vc_column_inner el_class=&#8221;section contentoverflowhidden&#8221; width=&#8221;1\/2&#8243; css=&#8221;.vc_custom_1599661490879{padding-right: 30px !important;padding-left: 30px !important;}&#8221;][vc_column_text css_animation=&#8221;fadeInUp&#8221;] \u00dcber PP-Performance Wir sind eines der f\u00fchrenden Unternehmen im Tuningbereich und vertreten maximale Leistung auf allen Ebenen der Motortechnik. Die langj\u00e4hrige Erfahrung unserer Fachexperten und die Nutzung der modernsten Messger\u00e4te geben uns seit Jahren die M\u00f6glichkeit die internationalen [&hellip;]<\/p>\n","protected":false},"author":19,"featured_media":0,"parent":0,"menu_order":0,"comment_status":"closed","ping_status":"closed","template":"page-full-width.php","meta":[],"yoast_head":"<!-- This site is optimized with the Yoast SEO plugin v20.9 - https:\/\/yoast.com\/wordpress\/plugins\/seo\/ -->\n<title>Unternehmen - PP-Perfomance Shop<\/title>\n<meta name=\"robots\" content=\"index, follow, max-snippet:-1, max-image-preview:large, max-video-preview:-1\" \/>\n<link rel=\"canonical\" href=\"https:\/\/pp-performance.de\/shop\/unternehmen\/\" \/>\n<meta property=\"og:locale\" content=\"de_DE\" \/>\n<meta property=\"og:type\" content=\"article\" \/>\n<meta property=\"og:title\" content=\"Unternehmen - PP-Perfomance Shop\" \/>\n<meta property=\"og:description\" content=\"[vc_row][vc_column el_class=&#8221;page-header page-header-mini page-header-md-medium&#8221;][\/vc_column][\/vc_row][vc_row full_height=&#8221;yes&#8221; columns_placement=&#8221;stretch&#8221; equal_height=&#8221;yes&#8221;][vc_column][vc_row_inner equal_height=&#8221;yes&#8221;][vc_column_inner el_class=&#8221;section contentoverflowhidden&#8221; width=&#8221;1\/2&#8243; css=&#8221;.vc_custom_1599661490879{padding-right: 30px !important;padding-left: 30px !important;}&#8221;][vc_column_text css_animation=&#8221;fadeInUp&#8221;] \u00dcber PP-Performance Wir sind eines der f\u00fchrenden Unternehmen im Tuningbereich und vertreten maximale Leistung auf allen Ebenen der Motortechnik. Die langj\u00e4hrige Erfahrung unserer Fachexperten und die Nutzung der modernsten Messger\u00e4te geben uns seit Jahren die M\u00f6glichkeit die internationalen [&hellip;]\" \/>\n<meta property=\"og:url\" content=\"https:\/\/pp-performance.de\/shop\/unternehmen\/\" \/>\n<meta property=\"og:site_name\" content=\"PP-Perfomance Shop\" \/>\n<meta property=\"article:modified_time\" content=\"2025-01-03T18:42:28+00:00\" \/>\n<meta name=\"twitter:card\" content=\"summary_large_image\" \/>\n<meta name=\"twitter:label1\" content=\"Gesch\u00e4tzte Lesezeit\" \/>\n\t<meta name=\"twitter:data1\" content=\"2\u00a0Minuten\" \/>\n<script type=\"application\/ld+json\" class=\"yoast-schema-graph\">{\"@context\":\"https:\/\/schema.org\",\"@graph\":[{\"@type\":\"WebPage\",\"@id\":\"https:\/\/pp-performance.de\/shop\/unternehmen\/\",\"url\":\"https:\/\/pp-performance.de\/shop\/unternehmen\/\",\"name\":\"Unternehmen - PP-Perfomance Shop\",\"isPartOf\":{\"@id\":\"https:\/\/pp-performance.de\/shop\/#website\"},\"datePublished\":\"2018-03-04T15:59:39+00:00\",\"dateModified\":\"2025-01-03T18:42:28+00:00\",\"breadcrumb\":{\"@id\":\"https:\/\/pp-performance.de\/shop\/unternehmen\/#breadcrumb\"},\"inLanguage\":\"de\",\"potentialAction\":[{\"@type\":\"ReadAction\",\"target\":[\"https:\/\/pp-performance.de\/shop\/unternehmen\/\"]}]},{\"@type\":\"BreadcrumbList\",\"@id\":\"https:\/\/pp-performance.de\/shop\/unternehmen\/#breadcrumb\",\"itemListElement\":[{\"@type\":\"ListItem\",\"position\":1,\"name\":\"Startseite\",\"item\":\"https:\/\/pp-performance.de\/shop\/\"},{\"@type\":\"ListItem\",\"position\":2,\"name\":\"Unternehmen\"}]},{\"@type\":\"WebSite\",\"@id\":\"https:\/\/pp-performance.de\/shop\/#website\",\"url\":\"https:\/\/pp-performance.de\/shop\/\",\"name\":\"PP-Perfomance Shop\",\"description\":\"\",\"potentialAction\":[{\"@type\":\"SearchAction\",\"target\":{\"@type\":\"EntryPoint\",\"urlTemplate\":\"https:\/\/pp-performance.de\/shop\/?s={search_term_string}\"},\"query-input\":\"required name=search_term_string\"}],\"inLanguage\":\"de\"}]}<\/script>\n<!-- \/ Yoast SEO plugin. -->","yoast_head_json":{"title":"Unternehmen - PP-Perfomance Shop","robots":{"index":"index","follow":"follow","max-snippet":"max-snippet:-1","max-image-preview":"max-image-preview:large","max-video-preview":"max-video-preview:-1"},"canonical":"https:\/\/pp-performance.de\/shop\/unternehmen\/","og_locale":"de_DE","og_type":"article","og_title":"Unternehmen - PP-Perfomance Shop","og_description":"[vc_row][vc_column el_class=&#8221;page-header page-header-mini page-header-md-medium&#8221;][\/vc_column][\/vc_row][vc_row full_height=&#8221;yes&#8221; columns_placement=&#8221;stretch&#8221; equal_height=&#8221;yes&#8221;][vc_column][vc_row_inner equal_height=&#8221;yes&#8221;][vc_column_inner el_class=&#8221;section contentoverflowhidden&#8221; width=&#8221;1\/2&#8243; css=&#8221;.vc_custom_1599661490879{padding-right: 30px !important;padding-left: 30px !important;}&#8221;][vc_column_text css_animation=&#8221;fadeInUp&#8221;] \u00dcber PP-Performance Wir sind eines der f\u00fchrenden Unternehmen im Tuningbereich und vertreten maximale Leistung auf allen Ebenen der Motortechnik. Die langj\u00e4hrige Erfahrung unserer Fachexperten und die Nutzung der modernsten Messger\u00e4te geben uns seit Jahren die M\u00f6glichkeit die internationalen [&hellip;]","og_url":"https:\/\/pp-performance.de\/shop\/unternehmen\/","og_site_name":"PP-Perfomance Shop","article_modified_time":"2025-01-03T18:42:28+00:00","twitter_card":"summary_large_image","twitter_misc":{"Gesch\u00e4tzte Lesezeit":"2\u00a0Minuten"},"schema":{"@context":"https:\/\/schema.org","@graph":[{"@type":"WebPage","@id":"https:\/\/pp-performance.de\/shop\/unternehmen\/","url":"https:\/\/pp-performance.de\/shop\/unternehmen\/","name":"Unternehmen - PP-Perfomance Shop","isPartOf":{"@id":"https:\/\/pp-performance.de\/shop\/#website"},"datePublished":"2018-03-04T15:59:39+00:00","dateModified":"2025-01-03T18:42:28+00:00","breadcrumb":{"@id":"https:\/\/pp-performance.de\/shop\/unternehmen\/#breadcrumb"},"inLanguage":"de","potentialAction":[{"@type":"ReadAction","target":["https:\/\/pp-performance.de\/shop\/unternehmen\/"]}]},{"@type":"BreadcrumbList","@id":"https:\/\/pp-performance.de\/shop\/unternehmen\/#breadcrumb","itemListElement":[{"@type":"ListItem","position":1,"name":"Startseite","item":"https:\/\/pp-performance.de\/shop\/"},{"@type":"ListItem","position":2,"name":"Unternehmen"}]},{"@type":"WebSite","@id":"https:\/\/pp-performance.de\/shop\/#website","url":"https:\/\/pp-performance.de\/shop\/","name":"PP-Perfomance Shop","description":"","potentialAction":[{"@type":"SearchAction","target":{"@type":"EntryPoint","urlTemplate":"https:\/\/pp-performance.de\/shop\/?s={search_term_string}"},"query-input":"required name=search_term_string"}],"inLanguage":"de"}]}},"_links":{"self":[{"href":"https:\/\/pp-performance.de\/shop\/wp-json\/wp\/v2\/pages\/11"}],"collection":[{"href":"https:\/\/pp-performance.de\/shop\/wp-json\/wp\/v2\/pages"}],"about":[{"href":"https:\/\/pp-performance.de\/shop\/wp-json\/wp\/v2\/types\/page"}],"author":[{"embeddable":true,"href":"https:\/\/pp-performance.de\/shop\/wp-json\/wp\/v2\/users\/19"}],"replies":[{"embeddable":true,"href":"https:\/\/pp-performance.de\/shop\/wp-json\/wp\/v2\/comments?post=11"}],"version-history":[{"count":103,"href":"https:\/\/pp-performance.de\/shop\/wp-json\/wp\/v2\/pages\/11\/revisions"}],"predecessor-version":[{"id":24332,"href":"https:\/\/pp-performance.de\/shop\/wp-json\/wp\/v2\/pages\/11\/revisions\/24332"}],"wp:attachment":[{"href":"https:\/\/pp-performance.de\/shop\/wp-json\/wp\/v2\/media?parent=11"}],"curies":[{"name":"wp","href":"https:\/\/api.w.org\/{rel}","templated":true}]}}