{"id":228,"date":"2018-03-15T16:04:26","date_gmt":"2018-03-15T15:04:26","guid":{"rendered":"https:\/\/pp-performance.de\/shop\/?page_id=228"},"modified":"2025-01-03T19:33:43","modified_gmt":"2025-01-03T18:33:43","slug":"privatssphaere-und-datenschutz","status":"publish","type":"page","link":"https:\/\/pp-performance.de\/shop\/privatssphaere-und-datenschutz\/","title":{"rendered":"Privatssph\u00e4re und Datenschutz"},"content":{"rendered":"<p>[vc_row][vc_column el_class=&#8221;page-header page-header-mini page-header-md-medium&#8221;]<div class=\"dzsparallaxer dzsparallaxer0 auto-init use-loading \"  data-options='{\"direction\": \"reverse\",\"mode_scroll\":\"`{`object Object`}`\",\"scroll_axis_x\":\"off\",\"scroll_axis_y\":\"on\"}' data-parallax_content_type=\"image\" style=\" height: 100%;\"><div class=\"divimage dzsparallaxer--target \" data-src=\"https:\/\/pp-performance.de\/shop\/wp-content\/uploads\/2018\/04\/backgroundprivacy.jpg\"style=\";  height: 130%;\"><\/div><div class=\"preloader-semicircles\"><\/div><div class=\"parallaxer-content\"><\/p>\n<div class=\"big-text center-it\">\n<h1 class=\"text-white text-uppercase\">Privatssph\u00e4re und Datenschutz<\/h1>\n<\/div>\n<p><\/div><\/div>[\/vc_column][\/vc_row][vc_row type=&#8221;boxed&#8221; el_class=&#8221;section&#8221;][vc_column][vc_column_text]<\/p>\n<h4><strong>Verantwortliche Stelle<\/strong><\/h4>\n<p>PP-Performance GmbH<br \/>\nHerrenwiesenstra\u00dfe 41<br \/>\n97980 Bad Mergentheim<br \/>\nTel.: +49 7931 48 10 094<br \/>\nEmail: info@pp-performance.de<br \/>\nGesch\u00e4ftsf\u00fchrer: Przemyslaw Pelka<br \/>\nAmtsgericht Ulm, HRB 749070<br \/>\nUmsatzsteuer-Identifikationsnummer: Beantragt<\/p>\n<p>&nbsp;<\/p>\n<h4><strong>Allgemeines<\/strong><\/h4>\n<p>Der Schutz und die Sicherheit Ihrer pers\u00f6nlichen Daten sind uns ein wichtiges Anliegen. Diese Webseite speichert und verarbeitet Daten daher ausschlie\u00dflich im Sinne der deutschen und europ\u00e4ischen Datenschutzgrundverordnung (DSGVO). Sie als Nutzer stimmen der Datenverarbeitung im Sinne dieser Erkl\u00e4rung zu. Nachstehend informieren wir Sie deshalb \u00fcber die Erhebung und \u00a0erwendung pers\u00f6nlicher Daten bei Nutzung unserer Webseite.<\/p>\n<p>Diese Datenschutzerkl\u00e4rung bezieht sich nur auf diesen Webshop. Falls Sie \u00fcber Links auf unseren Seiten auf andere Seiten weitergeleitet werden, informieren Sie sich direkt auf der weitergeleiteten Webseite \u00fcber den jeweiligen Umgang mit Ihren Daten. Ihre personenbezogenen Daten (z.B. Anrede, Name, Anschrift, E-Mail-Adresse, Telefonnummer, Bankverbindung, Kreditkartennummer) werden von uns nur gem\u00e4\u00df den Bestimmungen des deutschen Datenschutzrechts verarbeitet. Die nachfolgenden Vorschriften informieren Sie \u00fcber Art, Umfang und Zweck der Erhebung, Verarbeitung und Nutzung personenbezogener Daten.<\/p>\n<p>Wir weisen darauf hin, dass die Daten\u00fcbertragung im Internet (z.B. bei der Kommunikation per E-Mail, oder \u00fcber nicht verschl\u00fcsselte Webseiten) Sicherheitsl\u00fccken aufweisen kann. Ein l\u00fcckenloser Schutz der Daten vor dem Zugriff durch Dritte ist nicht m\u00f6glich.<\/p>\n<p>Bei Beauftragung \u00fcber unsere Webseite werden Ihre \u00fcbermittelten oder eingegebenen Daten manuell oder automatisiert mit dem vorhandenen Datenbestand auf G\u00fcltigkeit und Aktualit\u00e4t \u00fcberpr\u00fcft und gegebenenfalls abgeglichen um die bei uns gespeicherten Daten zu korrigieren. Dazu kann es notwendig sein, dass unsere MitarbeiterInnen mit Ihnen Kontakt aufnehmen m\u00fcssen. Dies geschieht mittels E-Mail oder telefonisch. Die von Ihnen eingegebenen Daten werden ausschlie\u00dflich f\u00fcr die Bearbeitung der Bestellung oder die Abwicklung der Anmeldung verwendet, eine Weitergabe der Daten an Dritte erfolgt nicht.<\/p>\n<p>Wir erheben personenbezogene Daten (Einzelangaben \u00fcber pers\u00f6nliche oder sachliche Verh\u00e4ltnisse einer bestimmten oder bestimmbaren nat\u00fcrlichen Person) nur in dem von Ihnen zur Verf\u00fcgung gestellten Umfang. Die Verarbeitung und Nutzung Ihrer personenbezogenen Daten erfolgt zur Erf\u00fcllung und Abwicklung Ihrer Bestellung sowie zur Bearbeitung Ihrer Anfragen. Nach vollst\u00e4ndiger Vertragsabwicklung werden alle personenbezogenen Daten zun\u00e4chst unter Ber\u00fccksichtigung steuer- und handelsrechtlicher Aufbewahrungsfristen gespeichert und dann nach Fristablauf gel\u00f6scht, sofern Sie der weitergehenden Verarbeitung und Nutzung nicht zugestimmt haben.<\/p>\n<p>&nbsp;<\/p>\n<h4><strong>Anonyme Datenerhebung<\/strong><\/h4>\n<p>Wir speichern, wenn Sie keine Angaben zu ihrer Person beim Besuch unserer Website machen, in diesem Zusammenhang keinerlei pers\u00f6nliche Daten. Um unser Angebot zu verbessern, werten wir lediglich statistische Daten aus, die keinen R\u00fcckschluss auf Ihre Person erlauben.<\/p>\n<p>&nbsp;<\/p>\n<h4><strong>Links<\/strong><\/h4>\n<p>Wir \u00fcberpr\u00fcfen Links, die unsere Webseite verlassen, redaktionell sehr sorgf\u00e4ltig. Trotzdem \u00fcbernehmen wir f\u00fcr Inhalte auf Seiten, auf die von dieser Webseite oder von einem anderen Internetauftritt aus gelinkt wird, keinerlei Verantwortung oder Haftung.<\/p>\n<p>&nbsp;<\/p>\n<h4><strong>Weitergabe ihrer Daten an Dritte<\/strong><\/h4>\n<p>Eine Weitergabe Ihrer Daten an Dritte ohne Ihre ausdr\u00fcckliche Einwilligung erfolgt nicht. Ausgenommen hiervon sind lediglich unsere Dienstleistungspartner, die wir zur Abwicklung des Vertragsverh\u00e4ltnisses ben\u00f6tigen. In diesen F\u00e4llen beachten wir strikt die Vorgaben des Bundesdatenschutzgesetzes. Der Umfang der Daten\u00fcbermittlung beschr\u00e4nkt sich auf ein Mindestma\u00df.<\/p>\n<p>&nbsp;<\/p>\n<h4><strong>Kontaktformular<\/strong><\/h4>\n<p>Wenn Sie uns per Kontaktformular Anfragen zukommen lassen, werden Ihre Angaben aus dem Anfrageformular inklusive der von Ihnen dort angegebenen Kontaktdaten zwecks Bearbeitung der Anfrage und f\u00fcr den Fall von Anschlussfragen bei uns gespeichert. Diese Daten geben wir nicht ohne Ihrer Einwilligung weiter. Ihre Daten werden anschlie\u00dfend gel\u00f6scht, sofern Sie der weitergehenden Verarbeitung und Nutzung nicht zugestimmt haben.<\/p>\n<p>&nbsp;<\/p>\n<h4><strong>Bestandsdaten<\/strong><\/h4>\n<p>Ohne Ihre ausdr\u00fcckliche Einwilligung oder ohne gesetzliche Grundlage werden Ihre personenbezogenen Daten nicht an au\u00dferhalb der Vertragsabwicklung stehende Dritte weitergegeben. Nach vollst\u00e4ndiger Vertragsabwicklung werden Ihre Daten f\u00fcr die weitere Verwendung gesperrt. Nach Ablauf der steuer- und handelsrechtlichen Vorschriften werden diese Daten gel\u00f6scht, sofern Sie nicht ausdr\u00fccklich in die weitere Nutzung eingewilligt haben.<\/p>\n<p>Ihre personenbezogenen Daten, soweit diese f\u00fcr die Begr\u00fcndung, inhaltliche Ausgestaltung oder \u00c4nderung des Vertragsverh\u00e4ltnisses erforderlich sind (Bestandsdaten), werden ausschlie\u00dflich zur Vertragsabwicklung verwendet. So muss z.B. zur Zustellung der Waren Ihr Name und Ihre Anschrift an den Warenlieferanten weitergegeben werden.<\/p>\n<p>&nbsp;<\/p>\n<h4><strong>Bonit\u00e4ts\u00fcberpr\u00fcfung<\/strong><\/h4>\n<p>Soweit wir in Vorleistung treten, z.B. bei Zahlung auf Rechnung, holen wir ggf. eine Bonit\u00e4tsauskunft \u00fcber Sie ein.<\/p>\n<p>Daf\u00fcr werden wir Ihre personenbezogenen Daten (z.B. Name und Anschrift) an dieses Unternehmen weiterleiten. Auf der Basis mathematisch-statistischer Verfahren wird gepr\u00fcft, wie hoch das Risiko eines Zahlungsausfalls ist. Vom Ergebnis der Bonit\u00e4ts\u00fcberpr\u00fcfung machen wir den Kaufvertragsabschluss abh\u00e4ngig.<\/p>\n<p>&nbsp;<\/p>\n<h4><strong>Webanalyse mit Google Analytics<\/strong><\/h4>\n<p>Diese Website nutzt Funktionen des Webanalysedienstes Google Analytics. Anbieter ist die Google Inc., 1600 Amphitheatre Parkway Mountain View, CA 94043, USA. Google Analytics verwendet solche zielorientierten Cookies.<\/p>\n<p>Mehr Informationen zum Umgang mit Nutzerdaten bei Google Analytics finden Sie in der Datenschutzerkl\u00e4rung von Google: <a href=\"https:\/\/support.google.com\/analytics\/answer\/6004245?hl=de\">https:\/\/support.google.com\/analytics\/answer\/6004245?hl=de<\/a><\/p>\n<p>Sie k\u00f6nnen die Erfassung, der durch das Cookie erzeugten und auf Ihre Nutzung der Website bezogenen Daten an Google, sowie die Verarbeitung dieser Daten durch Google verhindern, indem Sie das unter dem folgenden Link verf\u00fcgbare Browser-Plugin herunterladen und installieren: <a href=\"https:\/\/tools.google.com\/dlpage\/gaoptout?hl=de\">https:\/\/tools.google.com\/dlpage\/gaoptout?hl=de<\/a><\/p>\n<p>Alternativ k\u00f6nnen Sie die Erfassung Ihrer Daten durch Google Analytics verhindern, indem Sie auf folgenden Link klicken. Es wird ein Opt-Out-Cookie gesetzt, das die Erfassung Ihrer Daten bei zuk\u00fcnftigen Besuchen dieser Website verhindert: Google Analytics deaktivieren<\/p>\n<p>Diese Webseite benutzt Google Analytics mit der Erweiterung &#8220;anonymizeIP()&#8221;, damit die IP-Adressen nur gek\u00fcrzt weiterverarbeitet werden, um eine direkte Personenbeziehbarkeit auszuschlie\u00dfen.<\/p>\n<p>&nbsp;<\/p>\n<h4><strong>Google AdWords Remarketing und Conversion Tracking<\/strong><\/h4>\n<p>Wir nutzen das Online-Werbeprogramm \u201eGoogle AdWords\u201c und im Rahmen von Google AdWords das<\/p>\n<p>Conversion-Tracking. Das Google Conversion Tracking ist ein Analysedienst der Google Inc. (1600 Amphitheatre<\/p>\n<p>Parkway, Mountain View, CA 94043, USA; \u201eGoogle\u201c).<\/p>\n<p>Wenn Sie auf eine von Google geschaltete Anzeige klicken, wird ein Cookie f\u00fcr das Conversion-Tracking auf Ihrem Rechner abgelegt. Diese Cookies haben eine begrenzte G\u00fcltigkeit, enthalten keine personenbezogenen Daten und dienen somit nicht der pers\u00f6nlichen Identifizierung. Wenn Sie bestimmte Internetseiten unserer Website besuchen und das Cookie noch nicht abgelaufen ist, k\u00f6nnen Google und wir erkennen, dass Sie auf die Anzeige geklickt haben und zu dieser Seite weitergeleitet wurden. eder Google AdWords-Kunde erh\u00e4lt ein anderes Cookie. Somit besteht keine M\u00f6glichkeit, dass Cookies \u00fcber \u00a0die Websites von AdWords-Kunden nachverfolgt werden k\u00f6nnen. ie Informationen, die mit Hilfe des Conversion-Cookie eingeholt werden, dienen dazu, Conversion-Statistiken f\u00fcr \u00a0AdWords-Kunden zu erstellen, die sich f\u00fcr Conversion-Tracking entschieden haben. Hierbei erfahren die Kunden die Gesamtanzahl der Nutzer, die auf ihre Anzeige geklickt haben und zu einer mit einem Conversion-Tracking-Tag versehenen Seite weitergeleitet wurden. Sie erhalten jedoch keine Informationen, mit denen sich Nutzer pers\u00f6nlich identifizieren lassen.<\/p>\n<p>Wenn Sie nicht am Tracking teilnehmen m\u00f6chten, k\u00f6nnen Sie dieser Nutzung widersprechen, indem Sie die Installation der Cookies durch eine entsprechende Einstellung Ihrer Browser Software verhindern (Deaktivierungsm\u00f6glichkeit). Sie werden sodann nicht in die Conversion-Tracking Statistiken aufgenommen.<\/p>\n<p>Weiterf\u00fchrende Informationen sowie die Datenschutzerkl\u00e4rung von Google finden Sie unter:<\/p>\n<p><a href=\"http:\/\/www.google.de\/policies\/privacy\/\">http:\/\/www.google.de\/policies\/privacy\/<\/a><\/p>\n<p>&nbsp;<\/p>\n<h4><strong>Informationen \u00fcber Cookies<\/strong><\/h4>\n<p>Man unterscheidet drei Kategorien von Cookies:<\/p>\n<ol>\n<li>unbedingt notwendige Cookies um grundlegende Funktionen der Website sicherzustellen<\/li>\n<li>funktionelle Cookies um die Leistung der Webseite sicherzustellen<\/li>\n<li>zielorientierte Cookies um das Benutzererlebnis zu verbessern.<\/li>\n<\/ol>\n<p>Die Internetseiten verwenden teilweise sogenannte Cookies. Cookies richten auf Ihrem Rechner keinen Schaden an und enthalten keine Viren. Cookies dienen dazu, unser Angebot nutzerfreundlicher, effektiver und sicherer zu machen. Cookies sind kleine Textdateien, die auf Ihrem Rechner abgelegt werden und die Ihr Browser speichert.<\/p>\n<p>Die meisten der von uns verwendeten Cookies sind so genannte \u201eSession-Cookies\u201c. Sie werden nach Ende Ihres Besuchs automatisch gel\u00f6scht. Andere Cookies bleiben auf Ihrem Endger\u00e4t gespeichert, bis Sie diese l\u00f6schen. Diese Cookies erm\u00f6glichen es uns, Ihren Browser beim n\u00e4chsten Besuch wiederzuerkennen.<\/p>\n<p>Sie k\u00f6nnen Ihren Browser so einstellen, dass Sie \u00fcber das Setzen von Cookies informiert werden und Cookies nur im Einzelfall erlauben, die Annahme von Cookies f\u00fcr bestimmte F\u00e4lle oder generell ausschlie\u00dfen sowie das automatische L\u00f6schen der Cookies beim Schlie\u00dfen des Browsers aktivieren. Bei der Deaktivierung von Cookies kann die Funktionalit\u00e4t dieser Website eingeschr\u00e4nkt sein.<\/p>\n<p>&nbsp;<\/p>\n<h4><strong>Funktionseinschr\u00e4nkungen ohne Cookies<\/strong><\/h4>\n<p>Wenn Sie uns generell nicht gestatten, Cookies zu nutzen, werden gewisse Funktionen und Seiten nicht wie erwartet funktionieren. Insbesondere wird das Login nicht funktionieren.<\/p>\n<p>&nbsp;<\/p>\n<h4><strong>Kommentarfunktion auf dieser Webseite<\/strong><\/h4>\n<p>F\u00fcr die Kommentarfunktion auf dieser Seite werden neben Ihrem Kommentar auch Angaben zum Zeitpunkt der Erstellung des Kommentars, Ihre E-Mail-Adresse und, wenn Sie nicht anonym posten, der von Ihnen gew\u00e4hlte Nutzername gespeichert.<\/p>\n<p>&nbsp;<\/p>\n<h4><strong>Server-Log-Files<\/strong><\/h4>\n<p>Der Provider der Seiten erhebt und speichert automatisch Informationen in so genannten Server-Log Files, die Ihr Browser automatisch an uns \u00fcbermittelt. Dies sind:<\/p>\n<ul>\n<li>Browsertyp und Browserversion<\/li>\n<li>verwendetes Betriebssystem<\/li>\n<li>Referrer URL<\/li>\n<li>Hostname des zugreifenden Rechners<\/li>\n<li>Uhrzeit der Serveranfrage<\/li>\n<li>IP Adresse<\/li>\n<\/ul>\n<p>Diese Daten sind nicht bestimmten Personen zuordenbar. Eine Zusammenf\u00fchrung dieser Daten mit anderen Datenquellen wird nicht vorgenommen. Wir behalten uns vor, diese Daten nachtr\u00e4glich zu pr\u00fcfen, wenn uns konkrete Anhaltspunkte f\u00fcr eine rechtswidrige Nutzung bekannt werden.<\/p>\n<p>&nbsp;<\/p>\n<h4><strong>Social Plugins von Facebook<\/strong><\/h4>\n<p>Wir verwenden Social Plugins von facebook.com, betrieben durch Facebook Inc., 1601 S. California Ave, Palo Alto, CA 94304, USA. Die Plugins sind an dem Facebook Logo oder dem Zusatz &#8220;Facebook Social Plugin&#8221; zu erkennen. Wenn Sie z.B. den &#8220;Gef\u00e4llt mir&#8221; Button anklicken oder einen Kommentar abgeben, wird die entsprechende Information von Ihrem Browser direkt an Facebook \u00fcbermittelt und dort gespeichert. Weiterhin macht Facebook Ihre Vorlieben f\u00fcr Ihre Facebook-Freunde \u00f6ffentlich. Sind Sie bei Facebook eingeloggt, kann Facebook den Aufruf unserer Seite Ihrem Facebook-Konto direkt zuordnen. Auch wenn Sie nicht eingeloggt sind oder gar kein Facebook-Konto besitzen, \u00fcbermittelt Ihr Browser Informationen (z.B. welchen Webseite Sie aufgerufen haben, Ihre IP-Adresse), die von Facebook gespeichert werden. Details zum Umgang mit Ihren pers\u00f6nlichen Daten durch Facebook sowie Ihren diesbez\u00fcglichen Rechten entnehmen Sie bitte den Datenschutzhinweisen von Facebook: <a href=\"http:\/\/www.facebook.com\/policy.php\">http:\/\/www.facebook.com\/policy.php<\/a>. Wenn Sie nicht m\u00f6chten, dass Facebook die \u00fcber unsere Webseiten \u00fcber Sie gesammelten Daten Ihrem Facebook-Konto zuordnet, m\u00fcssen Sie sich vor Ihrem Besuch unserer Webseiten bei Facebook ausloggen.<\/p>\n<p>&nbsp;<\/p>\n<h4><strong>Newsletter<\/strong><\/h4>\n<p>Wenn Sie den auf der Webseite angebotenen Newsletter beziehen m\u00f6chten, ben\u00f6tigen wir von Ihnen eine E-Mail-Adresse sowie Informationen, welche uns die \u00dcberpr\u00fcfung gestatten, dass Sie der Inhaber der angegebenen E-Mail-Adresse sind und mit dem Empfang des Newsletters einverstanden sind. Weitere Daten werden nicht erhoben. Diese Daten verwenden wir ausschlie\u00dflich f\u00fcr den Versand der angeforderten Informationen und geben sie nicht an Dritte weiter.<\/p>\n<p>Die erteilte Einwilligung zur Speicherung der Daten, der E-Mail-Adresse sowie deren Nutzung zum Versand des Newsletters k\u00f6nnen Sie jederzeit widerrufen, etwa \u00fcber den &#8220;Austragen&#8221;-Link im Newsletter.<\/p>\n<p>&nbsp;<\/p>\n<h4><strong>SSL-Verschl\u00fcsselung<\/strong><\/h4>\n<p>Diese Seite nutzt aus Gr\u00fcnden der Sicherheit und zum Schutz der \u00dcbertragung vertraulicher Inhalte, wie zum Beispiel der Anfragen, die Sie an uns als Seitenbetreiber senden, eine SSL-Verschl\u00fcsselung. Eine verschl\u00fcsselte Verbindung erkennen Sie daran, dass die Adresszeile des Browsers von &#8220;http:\/\/&#8221; auf &#8220;https:\/\/&#8221; wechselt und an dem Schloss-Symbol in Ihrer Browserzeile.<\/p>\n<p>Wenn die SSL Verschl\u00fcsselung aktiviert ist, k\u00f6nnen die Daten, die Sie an uns \u00fcbermitteln, nicht von Dritten mitgelesen werden.<\/p>\n<h4><strong>Auskunft<\/strong><\/h4>\n<p>Nach der EU Datenschutzgrundverordnung haben Sie ein Recht auf unentgeltliche Auskunft \u00fcber Ihre gespeicherten Daten sowie ggf. ein Recht auf Berichtigung, Sperrung oder L\u00f6schung dieser Daten.[\/vc_column_text][\/vc_column][\/vc_row]<\/p>\n","protected":false},"excerpt":{"rendered":"<p>[vc_row][vc_column el_class=&#8221;page-header page-header-mini page-header-md-medium&#8221;][\/vc_column][\/vc_row][vc_row type=&#8221;boxed&#8221; el_class=&#8221;section&#8221;][vc_column][vc_column_text] Verantwortliche Stelle PP-Performance GmbH Herrenwiesenstra\u00dfe 41 97980 Bad Mergentheim Tel.: +49 7931 48 10 094 Email: info@pp-performance.de Gesch\u00e4ftsf\u00fchrer: Przemyslaw Pelka Amtsgericht Ulm, HRB 749070 Umsatzsteuer-Identifikationsnummer: Beantragt &nbsp; Allgemeines Der Schutz und die Sicherheit Ihrer pers\u00f6nlichen Daten sind uns ein wichtiges Anliegen. Diese Webseite speichert und verarbeitet Daten daher ausschlie\u00dflich [&hellip;]<\/p>\n","protected":false},"author":19,"featured_media":0,"parent":0,"menu_order":0,"comment_status":"closed","ping_status":"closed","template":"page-full-width.php","meta":[],"yoast_head":"<!-- This site is optimized with the Yoast SEO plugin v20.9 - https:\/\/yoast.com\/wordpress\/plugins\/seo\/ -->\n<title>Privatssph\u00e4re und Datenschutz - PP-Perfomance Shop<\/title>\n<meta name=\"robots\" content=\"index, follow, max-snippet:-1, max-image-preview:large, max-video-preview:-1\" \/>\n<link rel=\"canonical\" href=\"https:\/\/pp-performance.de\/shop\/privatssphaere-und-datenschutz\/\" \/>\n<meta property=\"og:locale\" content=\"de_DE\" \/>\n<meta property=\"og:type\" content=\"article\" \/>\n<meta property=\"og:title\" content=\"Privatssph\u00e4re und Datenschutz - PP-Perfomance Shop\" \/>\n<meta property=\"og:description\" content=\"[vc_row][vc_column el_class=&#8221;page-header page-header-mini page-header-md-medium&#8221;][\/vc_column][\/vc_row][vc_row type=&#8221;boxed&#8221; el_class=&#8221;section&#8221;][vc_column][vc_column_text] Verantwortliche Stelle PP-Performance GmbH Herrenwiesenstra\u00dfe 41 97980 Bad Mergentheim Tel.: +49 7931 48 10 094 Email: info@pp-performance.de Gesch\u00e4ftsf\u00fchrer: Przemyslaw Pelka Amtsgericht Ulm, HRB 749070 Umsatzsteuer-Identifikationsnummer: Beantragt &nbsp; Allgemeines Der Schutz und die Sicherheit Ihrer pers\u00f6nlichen Daten sind uns ein wichtiges Anliegen. Diese Webseite speichert und verarbeitet Daten daher ausschlie\u00dflich [&hellip;]\" \/>\n<meta property=\"og:url\" content=\"https:\/\/pp-performance.de\/shop\/privatssphaere-und-datenschutz\/\" \/>\n<meta property=\"og:site_name\" content=\"PP-Perfomance Shop\" \/>\n<meta property=\"article:modified_time\" content=\"2025-01-03T18:33:43+00:00\" \/>\n<meta name=\"twitter:card\" content=\"summary_large_image\" \/>\n<meta name=\"twitter:label1\" content=\"Gesch\u00e4tzte Lesezeit\" \/>\n\t<meta name=\"twitter:data1\" content=\"10\u00a0Minuten\" \/>\n<script type=\"application\/ld+json\" class=\"yoast-schema-graph\">{\"@context\":\"https:\/\/schema.org\",\"@graph\":[{\"@type\":\"WebPage\",\"@id\":\"https:\/\/pp-performance.de\/shop\/privatssphaere-und-datenschutz\/\",\"url\":\"https:\/\/pp-performance.de\/shop\/privatssphaere-und-datenschutz\/\",\"name\":\"Privatssph\u00e4re und Datenschutz - PP-Perfomance Shop\",\"isPartOf\":{\"@id\":\"https:\/\/pp-performance.de\/shop\/#website\"},\"datePublished\":\"2018-03-15T15:04:26+00:00\",\"dateModified\":\"2025-01-03T18:33:43+00:00\",\"breadcrumb\":{\"@id\":\"https:\/\/pp-performance.de\/shop\/privatssphaere-und-datenschutz\/#breadcrumb\"},\"inLanguage\":\"de\",\"potentialAction\":[{\"@type\":\"ReadAction\",\"target\":[\"https:\/\/pp-performance.de\/shop\/privatssphaere-und-datenschutz\/\"]}]},{\"@type\":\"BreadcrumbList\",\"@id\":\"https:\/\/pp-performance.de\/shop\/privatssphaere-und-datenschutz\/#breadcrumb\",\"itemListElement\":[{\"@type\":\"ListItem\",\"position\":1,\"name\":\"Startseite\",\"item\":\"https:\/\/pp-performance.de\/shop\/\"},{\"@type\":\"ListItem\",\"position\":2,\"name\":\"Privatssph\u00e4re und Datenschutz\"}]},{\"@type\":\"WebSite\",\"@id\":\"https:\/\/pp-performance.de\/shop\/#website\",\"url\":\"https:\/\/pp-performance.de\/shop\/\",\"name\":\"PP-Perfomance Shop\",\"description\":\"\",\"potentialAction\":[{\"@type\":\"SearchAction\",\"target\":{\"@type\":\"EntryPoint\",\"urlTemplate\":\"https:\/\/pp-performance.de\/shop\/?s={search_term_string}\"},\"query-input\":\"required name=search_term_string\"}],\"inLanguage\":\"de\"}]}<\/script>\n<!-- \/ Yoast SEO plugin. -->","yoast_head_json":{"title":"Privatssph\u00e4re und Datenschutz - PP-Perfomance Shop","robots":{"index":"index","follow":"follow","max-snippet":"max-snippet:-1","max-image-preview":"max-image-preview:large","max-video-preview":"max-video-preview:-1"},"canonical":"https:\/\/pp-performance.de\/shop\/privatssphaere-und-datenschutz\/","og_locale":"de_DE","og_type":"article","og_title":"Privatssph\u00e4re und Datenschutz - PP-Perfomance Shop","og_description":"[vc_row][vc_column el_class=&#8221;page-header page-header-mini page-header-md-medium&#8221;][\/vc_column][\/vc_row][vc_row type=&#8221;boxed&#8221; el_class=&#8221;section&#8221;][vc_column][vc_column_text] Verantwortliche Stelle PP-Performance GmbH Herrenwiesenstra\u00dfe 41 97980 Bad Mergentheim Tel.: +49 7931 48 10 094 Email: info@pp-performance.de Gesch\u00e4ftsf\u00fchrer: Przemyslaw Pelka Amtsgericht Ulm, HRB 749070 Umsatzsteuer-Identifikationsnummer: Beantragt &nbsp; Allgemeines Der Schutz und die Sicherheit Ihrer pers\u00f6nlichen Daten sind uns ein wichtiges Anliegen. Diese Webseite speichert und verarbeitet Daten daher ausschlie\u00dflich [&hellip;]","og_url":"https:\/\/pp-performance.de\/shop\/privatssphaere-und-datenschutz\/","og_site_name":"PP-Perfomance Shop","article_modified_time":"2025-01-03T18:33:43+00:00","twitter_card":"summary_large_image","twitter_misc":{"Gesch\u00e4tzte Lesezeit":"10\u00a0Minuten"},"schema":{"@context":"https:\/\/schema.org","@graph":[{"@type":"WebPage","@id":"https:\/\/pp-performance.de\/shop\/privatssphaere-und-datenschutz\/","url":"https:\/\/pp-performance.de\/shop\/privatssphaere-und-datenschutz\/","name":"Privatssph\u00e4re und Datenschutz - PP-Perfomance Shop","isPartOf":{"@id":"https:\/\/pp-performance.de\/shop\/#website"},"datePublished":"2018-03-15T15:04:26+00:00","dateModified":"2025-01-03T18:33:43+00:00","breadcrumb":{"@id":"https:\/\/pp-performance.de\/shop\/privatssphaere-und-datenschutz\/#breadcrumb"},"inLanguage":"de","potentialAction":[{"@type":"ReadAction","target":["https:\/\/pp-performance.de\/shop\/privatssphaere-und-datenschutz\/"]}]},{"@type":"BreadcrumbList","@id":"https:\/\/pp-performance.de\/shop\/privatssphaere-und-datenschutz\/#breadcrumb","itemListElement":[{"@type":"ListItem","position":1,"name":"Startseite","item":"https:\/\/pp-performance.de\/shop\/"},{"@type":"ListItem","position":2,"name":"Privatssph\u00e4re und Datenschutz"}]},{"@type":"WebSite","@id":"https:\/\/pp-performance.de\/shop\/#website","url":"https:\/\/pp-performance.de\/shop\/","name":"PP-Perfomance Shop","description":"","potentialAction":[{"@type":"SearchAction","target":{"@type":"EntryPoint","urlTemplate":"https:\/\/pp-performance.de\/shop\/?s={search_term_string}"},"query-input":"required name=search_term_string"}],"inLanguage":"de"}]}},"_links":{"self":[{"href":"https:\/\/pp-performance.de\/shop\/wp-json\/wp\/v2\/pages\/228"}],"collection":[{"href":"https:\/\/pp-performance.de\/shop\/wp-json\/wp\/v2\/pages"}],"about":[{"href":"https:\/\/pp-performance.de\/shop\/wp-json\/wp\/v2\/types\/page"}],"author":[{"embeddable":true,"href":"https:\/\/pp-performance.de\/shop\/wp-json\/wp\/v2\/users\/19"}],"replies":[{"embeddable":true,"href":"https:\/\/pp-performance.de\/shop\/wp-json\/wp\/v2\/comments?post=228"}],"version-history":[{"count":16,"href":"https:\/\/pp-performance.de\/shop\/wp-json\/wp\/v2\/pages\/228\/revisions"}],"predecessor-version":[{"id":24328,"href":"https:\/\/pp-performance.de\/shop\/wp-json\/wp\/v2\/pages\/228\/revisions\/24328"}],"wp:attachment":[{"href":"https:\/\/pp-performance.de\/shop\/wp-json\/wp\/v2\/media?parent=228"}],"curies":[{"name":"wp","href":"https:\/\/api.w.org\/{rel}","templated":true}]}}