{"id":232,"date":"2018-03-15T16:06:16","date_gmt":"2018-03-15T15:06:16","guid":{"rendered":"https:\/\/pp-performance.de\/shop\/?page_id=232"},"modified":"2020-09-09T20:29:02","modified_gmt":"2020-09-09T18:29:02","slug":"zahlungsarten","status":"publish","type":"page","link":"https:\/\/pp-performance.de\/shop\/zahlungsarten\/","title":{"rendered":"Zahlungsarten"},"content":{"rendered":"<p>[vc_row][vc_column el_class=&#8221;page-header page-header-mini page-header-md-medium&#8221;]<div class=\"dzsparallaxer dzsparallaxer0 auto-init use-loading \"  data-options='{\"direction\": \"reverse\",\"mode_scroll\":\"`{`object Object`}`\",\"scroll_axis_x\":\"off\",\"scroll_axis_y\":\"on\"}' data-parallax_content_type=\"image\" style=\" height: 100%;\"><div class=\"divimage dzsparallaxer--target \" data-src=\"https:\/\/pp-performance.de\/shop\/wp-content\/uploads\/2018\/03\/Home_1.jpg\"style=\";  height: 150%;\"><\/div><div class=\"preloader-semicircles\"><\/div><div class=\"parallaxer-content\"><\/p>\n<div class=\"big-text center-it\">\n<h1 class=\"text-white text-uppercase\">Zahlungsarten<\/h1>\n<\/div>\n<p><\/div><\/div>[\/vc_column][\/vc_row][vc_row type=&#8221;boxed&#8221; el_class=&#8221;section&#8221;][vc_column][vc_column_text]<\/p>\n<h3><strong>Zahlungsarten<\/strong><\/h3>\n<p>Wir bieten Ihnen folgende Zahlungsarten an. Suchen Sie sich einfach die f\u00fcr Sie optimale Zahlart aus. Die in den jeweiligen Angeboten angef\u00fchrten Preise stellen Endpreise dar. Sie beinhalten alle Preisbestandteile einschlie\u00dflich etwaig anfallender Steuern wie Mehrwertsteuer. Nur bei grenz\u00fcberschreitender Lieferung k\u00f6nnen im Einzelfall weitere Steuern (z.B. im Falle eines innergemeinschaftlichen Erwerbs) und\/oder Abgaben (z.B. Z\u00f6lle) von Ihnen zu zahlen sein, jedoch nicht an den Verk\u00e4ufer, sondern an die dort zust\u00e4ndigen Zoll- bzw. Steuerbeh\u00f6rden. Die anfallenden Liefer- und Versandkosten sind nicht im Kaufpreis enthalten, sie sind \u00fcber die Seite \u201eVersandkosten\u201c aufrufbar, werden im Laufe des Bestellvorganges gesondert ausgewiesen und sind von Ihnen zus\u00e4tzlich zu tragen.<\/p>\n<p><em>Kreditkarte<\/em><\/p>\n<p>Zahlen Sie ganz einfach und bequem per Kreditkarte. Unterst\u00fctzt werden alle g\u00e4ngigen Kreditkarten wie VISA, Mastercard, AMEX etc.<\/p>\n<p><em>Sofort\u00fcberweisung<\/em><\/p>\n<p>Direkt und unkompliziert Ihre Bestellung per Sofort\u00fcberweisung bezahlen.<\/p>\n<p><em>PayPal<\/em><\/p>\n<p>Noch schneller und sicherer bezahlen mit ihrem PayPal-Konto.[\/vc_column_text][\/vc_column][\/vc_row]<\/p>\n","protected":false},"excerpt":{"rendered":"<p>[vc_row][vc_column el_class=&#8221;page-header page-header-mini page-header-md-medium&#8221;][\/vc_column][\/vc_row][vc_row type=&#8221;boxed&#8221; el_class=&#8221;section&#8221;][vc_column][vc_column_text] Zahlungsarten Wir bieten Ihnen folgende Zahlungsarten an. Suchen Sie sich einfach die f\u00fcr Sie optimale Zahlart aus. Die in den jeweiligen Angeboten angef\u00fchrten Preise stellen Endpreise dar. Sie beinhalten alle Preisbestandteile einschlie\u00dflich etwaig anfallender Steuern wie Mehrwertsteuer. Nur bei grenz\u00fcberschreitender Lieferung k\u00f6nnen im Einzelfall weitere Steuern (z.B. im Falle [&hellip;]<\/p>\n","protected":false},"author":19,"featured_media":0,"parent":0,"menu_order":0,"comment_status":"closed","ping_status":"closed","template":"page-full-width.php","meta":[],"yoast_head":"<!-- This site is optimized with the Yoast SEO plugin v20.9 - https:\/\/yoast.com\/wordpress\/plugins\/seo\/ -->\n<title>Zahlungsarten - PP-Perfomance Shop<\/title>\n<meta name=\"robots\" content=\"index, follow, max-snippet:-1, max-image-preview:large, max-video-preview:-1\" \/>\n<link rel=\"canonical\" href=\"https:\/\/pp-performance.de\/shop\/zahlungsarten\/\" \/>\n<meta property=\"og:locale\" content=\"de_DE\" \/>\n<meta property=\"og:type\" content=\"article\" \/>\n<meta property=\"og:title\" content=\"Zahlungsarten - PP-Perfomance Shop\" \/>\n<meta property=\"og:description\" content=\"[vc_row][vc_column el_class=&#8221;page-header page-header-mini page-header-md-medium&#8221;][\/vc_column][\/vc_row][vc_row type=&#8221;boxed&#8221; el_class=&#8221;section&#8221;][vc_column][vc_column_text] Zahlungsarten Wir bieten Ihnen folgende Zahlungsarten an. Suchen Sie sich einfach die f\u00fcr Sie optimale Zahlart aus. Die in den jeweiligen Angeboten angef\u00fchrten Preise stellen Endpreise dar. Sie beinhalten alle Preisbestandteile einschlie\u00dflich etwaig anfallender Steuern wie Mehrwertsteuer. Nur bei grenz\u00fcberschreitender Lieferung k\u00f6nnen im Einzelfall weitere Steuern (z.B. im Falle [&hellip;]\" \/>\n<meta property=\"og:url\" content=\"https:\/\/pp-performance.de\/shop\/zahlungsarten\/\" \/>\n<meta property=\"og:site_name\" content=\"PP-Perfomance Shop\" \/>\n<meta property=\"article:modified_time\" content=\"2020-09-09T18:29:02+00:00\" \/>\n<meta name=\"twitter:card\" content=\"summary_large_image\" \/>\n<meta name=\"twitter:label1\" content=\"Gesch\u00e4tzte Lesezeit\" \/>\n\t<meta name=\"twitter:data1\" content=\"1\u00a0Minute\" \/>\n<script type=\"application\/ld+json\" class=\"yoast-schema-graph\">{\"@context\":\"https:\/\/schema.org\",\"@graph\":[{\"@type\":\"WebPage\",\"@id\":\"https:\/\/pp-performance.de\/shop\/zahlungsarten\/\",\"url\":\"https:\/\/pp-performance.de\/shop\/zahlungsarten\/\",\"name\":\"Zahlungsarten - PP-Perfomance Shop\",\"isPartOf\":{\"@id\":\"https:\/\/pp-performance.de\/shop\/#website\"},\"datePublished\":\"2018-03-15T15:06:16+00:00\",\"dateModified\":\"2020-09-09T18:29:02+00:00\",\"breadcrumb\":{\"@id\":\"https:\/\/pp-performance.de\/shop\/zahlungsarten\/#breadcrumb\"},\"inLanguage\":\"de\",\"potentialAction\":[{\"@type\":\"ReadAction\",\"target\":[\"https:\/\/pp-performance.de\/shop\/zahlungsarten\/\"]}]},{\"@type\":\"BreadcrumbList\",\"@id\":\"https:\/\/pp-performance.de\/shop\/zahlungsarten\/#breadcrumb\",\"itemListElement\":[{\"@type\":\"ListItem\",\"position\":1,\"name\":\"Startseite\",\"item\":\"https:\/\/pp-performance.de\/shop\/\"},{\"@type\":\"ListItem\",\"position\":2,\"name\":\"Zahlungsarten\"}]},{\"@type\":\"WebSite\",\"@id\":\"https:\/\/pp-performance.de\/shop\/#website\",\"url\":\"https:\/\/pp-performance.de\/shop\/\",\"name\":\"PP-Perfomance Shop\",\"description\":\"\",\"potentialAction\":[{\"@type\":\"SearchAction\",\"target\":{\"@type\":\"EntryPoint\",\"urlTemplate\":\"https:\/\/pp-performance.de\/shop\/?s={search_term_string}\"},\"query-input\":\"required name=search_term_string\"}],\"inLanguage\":\"de\"}]}<\/script>\n<!-- \/ Yoast SEO plugin. -->","yoast_head_json":{"title":"Zahlungsarten - PP-Perfomance Shop","robots":{"index":"index","follow":"follow","max-snippet":"max-snippet:-1","max-image-preview":"max-image-preview:large","max-video-preview":"max-video-preview:-1"},"canonical":"https:\/\/pp-performance.de\/shop\/zahlungsarten\/","og_locale":"de_DE","og_type":"article","og_title":"Zahlungsarten - PP-Perfomance Shop","og_description":"[vc_row][vc_column el_class=&#8221;page-header page-header-mini page-header-md-medium&#8221;][\/vc_column][\/vc_row][vc_row type=&#8221;boxed&#8221; el_class=&#8221;section&#8221;][vc_column][vc_column_text] Zahlungsarten Wir bieten Ihnen folgende Zahlungsarten an. Suchen Sie sich einfach die f\u00fcr Sie optimale Zahlart aus. Die in den jeweiligen Angeboten angef\u00fchrten Preise stellen Endpreise dar. Sie beinhalten alle Preisbestandteile einschlie\u00dflich etwaig anfallender Steuern wie Mehrwertsteuer. Nur bei grenz\u00fcberschreitender Lieferung k\u00f6nnen im Einzelfall weitere Steuern (z.B. im Falle [&hellip;]","og_url":"https:\/\/pp-performance.de\/shop\/zahlungsarten\/","og_site_name":"PP-Perfomance Shop","article_modified_time":"2020-09-09T18:29:02+00:00","twitter_card":"summary_large_image","twitter_misc":{"Gesch\u00e4tzte Lesezeit":"1\u00a0Minute"},"schema":{"@context":"https:\/\/schema.org","@graph":[{"@type":"WebPage","@id":"https:\/\/pp-performance.de\/shop\/zahlungsarten\/","url":"https:\/\/pp-performance.de\/shop\/zahlungsarten\/","name":"Zahlungsarten - PP-Perfomance Shop","isPartOf":{"@id":"https:\/\/pp-performance.de\/shop\/#website"},"datePublished":"2018-03-15T15:06:16+00:00","dateModified":"2020-09-09T18:29:02+00:00","breadcrumb":{"@id":"https:\/\/pp-performance.de\/shop\/zahlungsarten\/#breadcrumb"},"inLanguage":"de","potentialAction":[{"@type":"ReadAction","target":["https:\/\/pp-performance.de\/shop\/zahlungsarten\/"]}]},{"@type":"BreadcrumbList","@id":"https:\/\/pp-performance.de\/shop\/zahlungsarten\/#breadcrumb","itemListElement":[{"@type":"ListItem","position":1,"name":"Startseite","item":"https:\/\/pp-performance.de\/shop\/"},{"@type":"ListItem","position":2,"name":"Zahlungsarten"}]},{"@type":"WebSite","@id":"https:\/\/pp-performance.de\/shop\/#website","url":"https:\/\/pp-performance.de\/shop\/","name":"PP-Perfomance Shop","description":"","potentialAction":[{"@type":"SearchAction","target":{"@type":"EntryPoint","urlTemplate":"https:\/\/pp-performance.de\/shop\/?s={search_term_string}"},"query-input":"required name=search_term_string"}],"inLanguage":"de"}]}},"_links":{"self":[{"href":"https:\/\/pp-performance.de\/shop\/wp-json\/wp\/v2\/pages\/232"}],"collection":[{"href":"https:\/\/pp-performance.de\/shop\/wp-json\/wp\/v2\/pages"}],"about":[{"href":"https:\/\/pp-performance.de\/shop\/wp-json\/wp\/v2\/types\/page"}],"author":[{"embeddable":true,"href":"https:\/\/pp-performance.de\/shop\/wp-json\/wp\/v2\/users\/19"}],"replies":[{"embeddable":true,"href":"https:\/\/pp-performance.de\/shop\/wp-json\/wp\/v2\/comments?post=232"}],"version-history":[{"count":7,"href":"https:\/\/pp-performance.de\/shop\/wp-json\/wp\/v2\/pages\/232\/revisions"}],"predecessor-version":[{"id":20396,"href":"https:\/\/pp-performance.de\/shop\/wp-json\/wp\/v2\/pages\/232\/revisions\/20396"}],"wp:attachment":[{"href":"https:\/\/pp-performance.de\/shop\/wp-json\/wp\/v2\/media?parent=232"}],"curies":[{"name":"wp","href":"https:\/\/api.w.org\/{rel}","templated":true}]}}