{"id":19898,"date":"2020-07-06T13:05:14","date_gmt":"2020-07-06T11:05:14","guid":{"rendered":"https:\/\/pp-performance.de\/shop\/?post_type=product&#038;p=19898"},"modified":"2025-09-10T11:53:16","modified_gmt":"2025-09-10T09:53:16","slug":"pp1-ceramic-oil-additiv","status":"publish","type":"product","link":"https:\/\/pp-performance.de\/shop\/product\/pp1-ceramic-oil-additiv\/","title":{"rendered":"PP1 Motorsport Oil Additiv"},"content":{"rendered":"<h3>PP1 Motorsport \u00d6l-Zusatz reduziert Reibung und Verschlei\u00df in Motor &amp; Getriebe<\/h3>\n<p>Aufgrund der Reibung muss von Haus aus jeder Motor und jedes Differentialgetriebe mit Verschlei\u00df rechnen. Die verarbeiteten Metallteile reiben im laufenden Betrieb unter enormen Kr\u00e4ften unabl\u00e4ssig aneinander.\u00a0\u00a0Eine gute Schmierung durch Motor- oder Getriebe\u00f6l ist dabei unabl\u00e4ssig.<br \/>\nIst der Verschlei\u00df an Reibstellen im Motor wie z.B. Lager, Zylinder, Kolben, Kolbenringe, Nocken, Ventile u.v.m. oder im Getriebe wie Zahnr\u00e4der, Lager etc. erst einmal fortgeschritten, k\u00f6nnen metallische Motorenger\u00e4usche, ein rau laufender Motor, klingende oder singende Getriebeger\u00e4usche, sogar Kompressionsverlust, hoher \u00d6lverbrauch und schwarzer Rauch die Folge sein.<\/p>\n<p>Das PP1 Motorsport Ceramic Oil wird durch das Basis-\u00d6l schnell an die reibintensivsten stellen transportiert und in den unebenen Metalloberfl\u00e4chen eingelagert. Ein Sicherheitsdepot bleibt auch weiterhin im \u00d6lkreislauf bestehen, sodass auch bei einem Kaltstart der Verschlei\u00dfschutz gegeben ist. Die \u00e4u\u00dferst kleinen Ceramic-Teilchen dringen dabei durch jeden herk\u00f6mmlichen \u00d6l-Filter hindurch und sind unsch\u00e4dlich.<br \/>\nDurch die nun glatteren Oberfl\u00e4chen k\u00f6nnen die verschlei\u00dfanf\u00e4lligen Teile auch besser aneinander vorbeigleiten und sind so weniger Reibung und dem daraus resultierendem Verschlei\u00df ausgesetzt.<\/p>\n<h4>Vorteile<\/h4>\n<ul>\n<li>mehr Fahrfreude durch verbesserten Durchzug<\/li>\n<li><strong>reduzierter Spritverbrauch<\/strong> und Emissionen<\/li>\n<li>l\u00e4ngere Lebensdauer des Motors &amp; Getriebes (insb. Diff.-Getriebe)<\/li>\n<li>senkung der Motor- und Getriebe\u00f6ltemperatur<\/li>\n<li>senkung der Motor- oder Getriebeger\u00e4usche<\/li>\n<li>geschmeidigere Schaltvorg\u00e4nge<\/li>\n<li><strong>h\u00f6here Endgeschwindigkeiten<\/strong><\/li>\n<li>weniger Verschlei\u00df<\/li>\n<\/ul>\n<h4>Anwendungsbereich<\/h4>\n<p>PP1 Motorsport Oil kann jedem handels\u00fcblichen Motoren- und Getriebe\u00f6l zugesetzt werden. Es ist Turbolader- u. katalysatortauglich.<\/p>\n<p><strong>NICHT einsetzbar<\/strong>\u00a0in PKW-Automatikgetrieben sowie in DSG\/CVT-Getrieben, Vario-Getrieben sowie nassen Ein- oder Mehrscheibenbremsen und Wandlergetrieben!<\/p>\n<h4>Dosierung<\/h4>\n<p>10 % des Getriebe- oder Motor\u00f6lvolumens durch PP1 Motorsport Ceramic Oil ersetzen.<\/p>\n<h4>Produktdatenblatt<\/h4>\n<p><a href=\"https:\/\/pp-performance.de\/shop\/wp-content\/uploads\/2020\/07\/Data-sheet-PP13500_uk.pdf\">Produktdatenblatt ansehen<\/a><\/p>\n","protected":false},"excerpt":{"rendered":"<h2>weniger Reibung = mehr Radleistung!<\/h2>\n<p>\u00d6l, nicht der glamour\u00f6seste Werkstoff eines Rennwagens, aber mit Sicherheit eines der wichtigsten. Ganz gleich, ob du ein Alltagsauto oder ein F1-Auto f\u00e4hrst.<\/p>\n<p>PP1 Ceramic Oil ist eine Mischung aus Grundstoff und Additiven, worin der eigentliche <strong>Zauber des Motorsports<\/strong> liegt. In der Regel werden solche Geheimnisse streng geh\u00fctet. Bei PP-Performance+ bekommst du\u2019s!<\/p>\n<p>Universell einsetzbarer Schmier\u00f6lzusatz in allen Motoren- und Getriebe\u00f6len reduziert Reibung und Verschlei\u00df. Sp\u00fcrbare Leistungssteigerung ist die Folge!<\/p>\n","protected":false},"featured_media":20558,"template":"","meta":[],"product_cat":[77,15],"product_tag":[],"yoast_head":"<!-- This site is optimized with the Yoast SEO plugin v20.9 - https:\/\/yoast.com\/wordpress\/plugins\/seo\/ -->\n<title>PP1 Motorsport Oil Additiv | PP-Performance Shop<\/title>\n<meta name=\"description\" content=\"PP1 Motorsport \u00d6l-Zusatz reduzierter Spritverbrauch &amp; Reibung im Motor. F\u00fcr 76,90\u20ac Versandkostenfrei erh\u00e4ltlich. Jetzt shoppen!\" \/>\n<meta name=\"robots\" content=\"index, follow, max-snippet:-1, max-image-preview:large, max-video-preview:-1\" \/>\n<link rel=\"canonical\" href=\"https:\/\/pp-performance.de\/shop\/product\/pp1-ceramic-oil-additiv\/\" \/>\n<meta property=\"og:locale\" content=\"de_DE\" \/>\n<meta property=\"og:type\" content=\"article\" \/>\n<meta property=\"og:title\" content=\"PP1 Motorsport Oil Additiv | PP-Performance Shop\" \/>\n<meta property=\"og:description\" content=\"PP1 Motorsport \u00d6l-Zusatz reduzierter Spritverbrauch &amp; Reibung im Motor. F\u00fcr 76,90\u20ac Versandkostenfrei erh\u00e4ltlich. Jetzt shoppen!\" \/>\n<meta property=\"og:url\" content=\"https:\/\/pp-performance.de\/shop\/product\/pp1-ceramic-oil-additiv\/\" \/>\n<meta property=\"og:site_name\" content=\"PP-Perfomance Shop\" \/>\n<meta property=\"article:modified_time\" content=\"2025-09-10T09:53:16+00:00\" \/>\n<meta property=\"og:image\" content=\"https:\/\/pp-performance.de\/shop\/wp-content\/uploads\/2020\/09\/pp-performance-pp1-motorsport-oil-additiv.jpg\" \/>\n\t<meta property=\"og:image:width\" content=\"920\" \/>\n\t<meta property=\"og:image:height\" content=\"920\" \/>\n\t<meta property=\"og:image:type\" content=\"image\/jpeg\" \/>\n<meta name=\"twitter:card\" content=\"summary_large_image\" \/>\n<meta name=\"twitter:label1\" content=\"Gesch\u00e4tzte Lesezeit\" \/>\n\t<meta name=\"twitter:data1\" content=\"1\u00a0Minute\" \/>\n<script type=\"application\/ld+json\" class=\"yoast-schema-graph\">{\"@context\":\"https:\/\/schema.org\",\"@graph\":[{\"@type\":\"WebPage\",\"@id\":\"https:\/\/pp-performance.de\/shop\/product\/pp1-ceramic-oil-additiv\/\",\"url\":\"https:\/\/pp-performance.de\/shop\/product\/pp1-ceramic-oil-additiv\/\",\"name\":\"PP1 Motorsport Oil Additiv | PP-Performance Shop\",\"isPartOf\":{\"@id\":\"https:\/\/pp-performance.de\/shop\/#website\"},\"datePublished\":\"2020-07-06T11:05:14+00:00\",\"dateModified\":\"2025-09-10T09:53:16+00:00\",\"description\":\"PP1 Motorsport \u00d6l-Zusatz reduzierter Spritverbrauch & Reibung im Motor. F\u00fcr 76,90\u20ac Versandkostenfrei erh\u00e4ltlich. Jetzt shoppen!\",\"breadcrumb\":{\"@id\":\"https:\/\/pp-performance.de\/shop\/product\/pp1-ceramic-oil-additiv\/#breadcrumb\"},\"inLanguage\":\"de\",\"potentialAction\":[{\"@type\":\"ReadAction\",\"target\":[\"https:\/\/pp-performance.de\/shop\/product\/pp1-ceramic-oil-additiv\/\"]}]},{\"@type\":\"BreadcrumbList\",\"@id\":\"https:\/\/pp-performance.de\/shop\/product\/pp1-ceramic-oil-additiv\/#breadcrumb\",\"itemListElement\":[{\"@type\":\"ListItem\",\"position\":1,\"name\":\"Startseite\",\"item\":\"https:\/\/pp-performance.de\/shop\/\"},{\"@type\":\"ListItem\",\"position\":2,\"name\":\"Shop\",\"item\":\"https:\/\/pp-performance.de\/shop\/shop\/\"},{\"@type\":\"ListItem\",\"position\":3,\"name\":\"PP1 Motorsport Oil Additiv\"}]},{\"@type\":\"WebSite\",\"@id\":\"https:\/\/pp-performance.de\/shop\/#website\",\"url\":\"https:\/\/pp-performance.de\/shop\/\",\"name\":\"PP-Perfomance Shop\",\"description\":\"\",\"potentialAction\":[{\"@type\":\"SearchAction\",\"target\":{\"@type\":\"EntryPoint\",\"urlTemplate\":\"https:\/\/pp-performance.de\/shop\/?s={search_term_string}\"},\"query-input\":\"required name=search_term_string\"}],\"inLanguage\":\"de\"}]}<\/script>\n<!-- \/ Yoast SEO plugin. -->","yoast_head_json":{"title":"PP1 Motorsport Oil Additiv | PP-Performance Shop","description":"PP1 Motorsport \u00d6l-Zusatz reduzierter Spritverbrauch & Reibung im Motor. F\u00fcr 76,90\u20ac Versandkostenfrei erh\u00e4ltlich. Jetzt shoppen!","robots":{"index":"index","follow":"follow","max-snippet":"max-snippet:-1","max-image-preview":"max-image-preview:large","max-video-preview":"max-video-preview:-1"},"canonical":"https:\/\/pp-performance.de\/shop\/product\/pp1-ceramic-oil-additiv\/","og_locale":"de_DE","og_type":"article","og_title":"PP1 Motorsport Oil Additiv | PP-Performance Shop","og_description":"PP1 Motorsport \u00d6l-Zusatz reduzierter Spritverbrauch & Reibung im Motor. F\u00fcr 76,90\u20ac Versandkostenfrei erh\u00e4ltlich. Jetzt shoppen!","og_url":"https:\/\/pp-performance.de\/shop\/product\/pp1-ceramic-oil-additiv\/","og_site_name":"PP-Perfomance Shop","article_modified_time":"2025-09-10T09:53:16+00:00","og_image":[{"width":920,"height":920,"url":"https:\/\/pp-performance.de\/shop\/wp-content\/uploads\/2020\/09\/pp-performance-pp1-motorsport-oil-additiv.jpg","type":"image\/jpeg"}],"twitter_card":"summary_large_image","twitter_misc":{"Gesch\u00e4tzte Lesezeit":"1\u00a0Minute"},"schema":{"@context":"https:\/\/schema.org","@graph":[{"@type":"WebPage","@id":"https:\/\/pp-performance.de\/shop\/product\/pp1-ceramic-oil-additiv\/","url":"https:\/\/pp-performance.de\/shop\/product\/pp1-ceramic-oil-additiv\/","name":"PP1 Motorsport Oil Additiv | PP-Performance Shop","isPartOf":{"@id":"https:\/\/pp-performance.de\/shop\/#website"},"datePublished":"2020-07-06T11:05:14+00:00","dateModified":"2025-09-10T09:53:16+00:00","description":"PP1 Motorsport \u00d6l-Zusatz reduzierter Spritverbrauch & Reibung im Motor. F\u00fcr 76,90\u20ac Versandkostenfrei erh\u00e4ltlich. Jetzt shoppen!","breadcrumb":{"@id":"https:\/\/pp-performance.de\/shop\/product\/pp1-ceramic-oil-additiv\/#breadcrumb"},"inLanguage":"de","potentialAction":[{"@type":"ReadAction","target":["https:\/\/pp-performance.de\/shop\/product\/pp1-ceramic-oil-additiv\/"]}]},{"@type":"BreadcrumbList","@id":"https:\/\/pp-performance.de\/shop\/product\/pp1-ceramic-oil-additiv\/#breadcrumb","itemListElement":[{"@type":"ListItem","position":1,"name":"Startseite","item":"https:\/\/pp-performance.de\/shop\/"},{"@type":"ListItem","position":2,"name":"Shop","item":"https:\/\/pp-performance.de\/shop\/shop\/"},{"@type":"ListItem","position":3,"name":"PP1 Motorsport Oil Additiv"}]},{"@type":"WebSite","@id":"https:\/\/pp-performance.de\/shop\/#website","url":"https:\/\/pp-performance.de\/shop\/","name":"PP-Perfomance Shop","description":"","potentialAction":[{"@type":"SearchAction","target":{"@type":"EntryPoint","urlTemplate":"https:\/\/pp-performance.de\/shop\/?s={search_term_string}"},"query-input":"required name=search_term_string"}],"inLanguage":"de"}]}},"_links":{"self":[{"href":"https:\/\/pp-performance.de\/shop\/wp-json\/wp\/v2\/product\/19898"}],"collection":[{"href":"https:\/\/pp-performance.de\/shop\/wp-json\/wp\/v2\/product"}],"about":[{"href":"https:\/\/pp-performance.de\/shop\/wp-json\/wp\/v2\/types\/product"}],"wp:featuredmedia":[{"embeddable":true,"href":"https:\/\/pp-performance.de\/shop\/wp-json\/wp\/v2\/media\/20558"}],"wp:attachment":[{"href":"https:\/\/pp-performance.de\/shop\/wp-json\/wp\/v2\/media?parent=19898"}],"wp:term":[{"taxonomy":"product_cat","embeddable":true,"href":"https:\/\/pp-performance.de\/shop\/wp-json\/wp\/v2\/product_cat?post=19898"},{"taxonomy":"product_tag","embeddable":true,"href":"https:\/\/pp-performance.de\/shop\/wp-json\/wp\/v2\/product_tag?post=19898"}],"curies":[{"name":"wp","href":"https:\/\/api.w.org\/{rel}","templated":true}]}}