{"id":19904,"date":"2020-07-06T13:33:21","date_gmt":"2020-07-06T11:33:21","guid":{"rendered":"https:\/\/pp-performance.de\/shop\/?post_type=product&#038;p=19904"},"modified":"2025-09-10T11:52:56","modified_gmt":"2025-09-10T09:52:56","slug":"octane-booster","status":"publish","type":"product","link":"https:\/\/pp-performance.de\/shop\/product\/octane-booster\/","title":{"rendered":"Octane Booster High-Class"},"content":{"rendered":"<h3><strong>Octane Booster bringt mehr Energie und verbessert die Verbrennung<\/strong><\/h3>\n<p>Der Oktan Booster bringt mehr Energie und verbessert die Verbrennung bei Benzinmotoren. Das Additiv wirkt bei der Zugabe zum Benzin im Gegensatz zu den handels\u00fcblichen manganhaltigen Oktanzahlverbesserern (MMT) durch Erh\u00f6hung des Siedepunkts und der Energiedichte.<\/p>\n<p>Durch Zugabe von bis zu 5% Oktan Booster pro Liter Benzin wird der Siedeverlauf des Kraftstoffes nachhaltig verbessert und seine Selbstentz\u00fcndungstemperatur abgesenkt. Die Folge ist ein homogener Verbrennungsverlauf, eine effiziente und nachhaltige Verbrennung und somit eine wesentliche h\u00f6here Leistungsausbeute des zugef\u00fchrten Kraftstoffes. Der Octane Booster verbrennt nahezu r\u00fcckstandsfrei mit einer <strong>messbaren Leistungs- und Drehmomentsteigerung des Motors<\/strong>. Motorger\u00e4usche wie Klingeln, Klopfen oder ein Nachz\u00fcnden werden verhindert.<\/p>\n<p>Die langj\u00e4hrige Erfahrung und ausf\u00fchrliche Tests mit diesem Benzinzusatz haben gezeigt, dass dieses Produkt nicht nur eine beachtliche Mehrleistung bringt, sondern auch schonende Eigenschaften f\u00fcr viele Motorenteile hat.<\/p>\n<h4><strong>Vorteile des Octane Booster als Benzinzusatz<\/strong><\/h4>\n<ul>\n<li>steigert die Leistung<\/li>\n<li>erh\u00f6ht die Oktanzahl<\/li>\n<li>erh\u00f6ht die Energiedichte<\/li>\n<li>k\u00fchlere und effizientere Verbrennung<\/li>\n<li>senkt den Verbrauch und Abgaswerte<\/li>\n<li>umweltfreundlich, ohne sch\u00e4dliche Zus\u00e4tze<\/li>\n<li>verbessert Drehmoment und Beschleunigung<\/li>\n<li>reinigt das Kraftstoffsystem und die Einlasskan\u00e4le<\/li>\n<li>geeignet f\u00fcr GDI-(Gasoline Direct Injection) Motoren<\/li>\n<li>verhindert den Verschlei\u00df an Ventilen und Ventilsitzen<\/li>\n<li>verl\u00e4ngert die Lebensdauer des gesamten Kraftstoffsystems<\/li>\n<li>verbrennt r\u00fcckstandsfrei ohne Ablagerungen an Ventilen, Ventilsitzen, Kolbenb\u00f6den und Z\u00fcndkerzen<\/li>\n<\/ul>\n<h4>Anwendungsbereich<\/h4>\n<p>Ideal geeignet f\u00fcr hochverdichtende Motoren in Rennsportfahrzeugen, sowie f\u00fcr alle anderen benzinbetriebenen Fahrzeuge und Motorr\u00e4der.<\/p>\n<p>Octane Booster ist mit jeder Benzinqualit\u00e4t mischbar. Auch f\u00fcr ethanolhaltige Kraftstoffe mit 5%, 10%, 15%, 50% und 85% Ethanol-Anteil geeignet.<\/p>\n<h4>Anwendungsempfehlung<\/h4>\n<p>Die Anwendungsmenge ist abh\u00e4ngig von der Qualit\u00e4t und Oktanzahl des Ausgangskraftstoffes.<br \/>\nDie Kraftstoffqualit\u00e4ten variieren sehr stark, demnach kann keine genaue Faustformel f\u00fcr die Einsatzmengen gegeben werden. Niedrige Qualit\u00e4ten k\u00f6nnen leichter geboostet werden als Premium Benzinqualit\u00e4ten.<\/p>\n<h4>Dosierungsempfehlung<\/h4>\n<p>1 Liter pro 50 Liter Benzin<\/p>\n<p>Bis zu 5% Octane Booster k\u00f6nnen dem Benzin problemlos beigemischt werden.<br \/>\nOctane Booster sollte regelm\u00e4\u00dfig, vorzugsweise vor jeder Betankung, beigegeben werden.<\/p>\n<p>Hochleistungsmotoren sind in der Regel \u201efett\u201c eingestellt (Lambdawert &lt; 1), um eine entsprechende K\u00fchlung zu gew\u00e4hrleisten. Durch eine Abstimmung und Anpassung des Lambdawertes auf den jeweils mit dem Octane Booster \u201egeboosteten\u201c Kraftstoff k\u00f6nnen weitere Leistungssteigerungen und Verbrauchsreduzierungen erzielt werden.<\/p>\n<p>Versehentliche \u00dcberdosierungen f\u00fchren zu keiner Beeintr\u00e4chtigung des Kraftstoffsystems und der Betriebssicherheit.<\/p>\n<h4>Produktdatenblatt<\/h4>\n<p><a href=\"https:\/\/pp-performance.de\/shop\/wp-content\/uploads\/2020\/07\/Data-sheet-PP054001_uk.pdf\">Produktdatenblatt ansehen<\/a><\/p>\n","protected":false},"excerpt":{"rendered":"<h3>Fl\u00fcssiges High-Tech Tuning<\/h3>\n<h5>Wichtig: Metall-Frei!<\/h5>\n<p>High-Tech Kraftstoff-Zusatz zur Erh\u00f6hung der Oktanzahl und optimaler Leistungsaussch\u00f6pfung des Motors. Die neuentwickelte, metallfreie Wirkstoffkombination unserer Additive schont die Lambdasonden, schafft einen stabilen Ausgleich zu schlechter Benzinqualit\u00e4t und steigert die Oktanzahl um bis zu 4 Punkte. Nur damit wird das volle Reservepotential eines Motors ausgesch\u00f6pft!<\/p>\n<p>Unser bester Benzinzusatz bringt eine Leistungssteigerung aller Benzinmotoren und tr\u00e4gt zur Qualit\u00e4tsverbesserung von Renn- und Sonderkraftstoffen bei. Octane Booster ist mit jeder Benzinqualit\u00e4t mischbar und vertr\u00e4glich.<\/p>\n","protected":false},"featured_media":20557,"template":"","meta":[],"product_cat":[77,15],"product_tag":[],"yoast_head":"<!-- This site is optimized with the Yoast SEO plugin v20.9 - https:\/\/yoast.com\/wordpress\/plugins\/seo\/ -->\n<title>Octane Booster High-Class | PP-Performance Shop<\/title>\n<meta name=\"description\" content=\"Octane Booster. Bringt mehr Energie und verbessert die Verbrennung. 1 Ltr. f\u00fcr 50 Ltr. F\u00fcr XX,XX\u20ac Versandkostenfrei erh\u00e4ltlich. Jetzt shoppen!\" \/>\n<meta name=\"robots\" content=\"index, follow, max-snippet:-1, max-image-preview:large, max-video-preview:-1\" \/>\n<link rel=\"canonical\" href=\"https:\/\/pp-performance.de\/shop\/product\/octane-booster\/\" \/>\n<meta property=\"og:locale\" content=\"de_DE\" \/>\n<meta property=\"og:type\" content=\"article\" \/>\n<meta property=\"og:title\" content=\"Octane Booster High-Class | PP-Performance Shop\" \/>\n<meta property=\"og:description\" content=\"Octane Booster. Bringt mehr Energie und verbessert die Verbrennung. 1 Ltr. f\u00fcr 50 Ltr. F\u00fcr XX,XX\u20ac Versandkostenfrei erh\u00e4ltlich. Jetzt shoppen!\" \/>\n<meta property=\"og:url\" content=\"https:\/\/pp-performance.de\/shop\/product\/octane-booster\/\" \/>\n<meta property=\"og:site_name\" content=\"PP-Perfomance Shop\" \/>\n<meta property=\"article:modified_time\" content=\"2025-09-10T09:52:56+00:00\" \/>\n<meta property=\"og:image\" content=\"https:\/\/pp-performance.de\/shop\/wp-content\/uploads\/2020\/09\/pp-performance-octan-booster-high-class-x.jpg\" \/>\n\t<meta property=\"og:image:width\" content=\"920\" \/>\n\t<meta property=\"og:image:height\" content=\"920\" \/>\n\t<meta property=\"og:image:type\" content=\"image\/jpeg\" \/>\n<meta name=\"twitter:card\" content=\"summary_large_image\" \/>\n<meta name=\"twitter:label1\" content=\"Gesch\u00e4tzte Lesezeit\" \/>\n\t<meta name=\"twitter:data1\" content=\"2\u00a0Minuten\" \/>\n<script type=\"application\/ld+json\" class=\"yoast-schema-graph\">{\"@context\":\"https:\/\/schema.org\",\"@graph\":[{\"@type\":\"WebPage\",\"@id\":\"https:\/\/pp-performance.de\/shop\/product\/octane-booster\/\",\"url\":\"https:\/\/pp-performance.de\/shop\/product\/octane-booster\/\",\"name\":\"Octane Booster High-Class | PP-Performance Shop\",\"isPartOf\":{\"@id\":\"https:\/\/pp-performance.de\/shop\/#website\"},\"datePublished\":\"2020-07-06T11:33:21+00:00\",\"dateModified\":\"2025-09-10T09:52:56+00:00\",\"description\":\"Octane Booster. Bringt mehr Energie und verbessert die Verbrennung. 1 Ltr. f\u00fcr 50 Ltr. F\u00fcr XX,XX\u20ac Versandkostenfrei erh\u00e4ltlich. Jetzt shoppen!\",\"breadcrumb\":{\"@id\":\"https:\/\/pp-performance.de\/shop\/product\/octane-booster\/#breadcrumb\"},\"inLanguage\":\"de\",\"potentialAction\":[{\"@type\":\"ReadAction\",\"target\":[\"https:\/\/pp-performance.de\/shop\/product\/octane-booster\/\"]}]},{\"@type\":\"BreadcrumbList\",\"@id\":\"https:\/\/pp-performance.de\/shop\/product\/octane-booster\/#breadcrumb\",\"itemListElement\":[{\"@type\":\"ListItem\",\"position\":1,\"name\":\"Startseite\",\"item\":\"https:\/\/pp-performance.de\/shop\/\"},{\"@type\":\"ListItem\",\"position\":2,\"name\":\"Shop\",\"item\":\"https:\/\/pp-performance.de\/shop\/shop\/\"},{\"@type\":\"ListItem\",\"position\":3,\"name\":\"Octane Booster High-Class\"}]},{\"@type\":\"WebSite\",\"@id\":\"https:\/\/pp-performance.de\/shop\/#website\",\"url\":\"https:\/\/pp-performance.de\/shop\/\",\"name\":\"PP-Perfomance Shop\",\"description\":\"\",\"potentialAction\":[{\"@type\":\"SearchAction\",\"target\":{\"@type\":\"EntryPoint\",\"urlTemplate\":\"https:\/\/pp-performance.de\/shop\/?s={search_term_string}\"},\"query-input\":\"required name=search_term_string\"}],\"inLanguage\":\"de\"}]}<\/script>\n<!-- \/ Yoast SEO plugin. -->","yoast_head_json":{"title":"Octane Booster High-Class | PP-Performance Shop","description":"Octane Booster. Bringt mehr Energie und verbessert die Verbrennung. 1 Ltr. f\u00fcr 50 Ltr. F\u00fcr XX,XX\u20ac Versandkostenfrei erh\u00e4ltlich. Jetzt shoppen!","robots":{"index":"index","follow":"follow","max-snippet":"max-snippet:-1","max-image-preview":"max-image-preview:large","max-video-preview":"max-video-preview:-1"},"canonical":"https:\/\/pp-performance.de\/shop\/product\/octane-booster\/","og_locale":"de_DE","og_type":"article","og_title":"Octane Booster High-Class | PP-Performance Shop","og_description":"Octane Booster. Bringt mehr Energie und verbessert die Verbrennung. 1 Ltr. f\u00fcr 50 Ltr. F\u00fcr XX,XX\u20ac Versandkostenfrei erh\u00e4ltlich. Jetzt shoppen!","og_url":"https:\/\/pp-performance.de\/shop\/product\/octane-booster\/","og_site_name":"PP-Perfomance Shop","article_modified_time":"2025-09-10T09:52:56+00:00","og_image":[{"width":920,"height":920,"url":"https:\/\/pp-performance.de\/shop\/wp-content\/uploads\/2020\/09\/pp-performance-octan-booster-high-class-x.jpg","type":"image\/jpeg"}],"twitter_card":"summary_large_image","twitter_misc":{"Gesch\u00e4tzte Lesezeit":"2\u00a0Minuten"},"schema":{"@context":"https:\/\/schema.org","@graph":[{"@type":"WebPage","@id":"https:\/\/pp-performance.de\/shop\/product\/octane-booster\/","url":"https:\/\/pp-performance.de\/shop\/product\/octane-booster\/","name":"Octane Booster High-Class | PP-Performance Shop","isPartOf":{"@id":"https:\/\/pp-performance.de\/shop\/#website"},"datePublished":"2020-07-06T11:33:21+00:00","dateModified":"2025-09-10T09:52:56+00:00","description":"Octane Booster. Bringt mehr Energie und verbessert die Verbrennung. 1 Ltr. f\u00fcr 50 Ltr. F\u00fcr XX,XX\u20ac Versandkostenfrei erh\u00e4ltlich. Jetzt shoppen!","breadcrumb":{"@id":"https:\/\/pp-performance.de\/shop\/product\/octane-booster\/#breadcrumb"},"inLanguage":"de","potentialAction":[{"@type":"ReadAction","target":["https:\/\/pp-performance.de\/shop\/product\/octane-booster\/"]}]},{"@type":"BreadcrumbList","@id":"https:\/\/pp-performance.de\/shop\/product\/octane-booster\/#breadcrumb","itemListElement":[{"@type":"ListItem","position":1,"name":"Startseite","item":"https:\/\/pp-performance.de\/shop\/"},{"@type":"ListItem","position":2,"name":"Shop","item":"https:\/\/pp-performance.de\/shop\/shop\/"},{"@type":"ListItem","position":3,"name":"Octane Booster High-Class"}]},{"@type":"WebSite","@id":"https:\/\/pp-performance.de\/shop\/#website","url":"https:\/\/pp-performance.de\/shop\/","name":"PP-Perfomance Shop","description":"","potentialAction":[{"@type":"SearchAction","target":{"@type":"EntryPoint","urlTemplate":"https:\/\/pp-performance.de\/shop\/?s={search_term_string}"},"query-input":"required name=search_term_string"}],"inLanguage":"de"}]}},"_links":{"self":[{"href":"https:\/\/pp-performance.de\/shop\/wp-json\/wp\/v2\/product\/19904"}],"collection":[{"href":"https:\/\/pp-performance.de\/shop\/wp-json\/wp\/v2\/product"}],"about":[{"href":"https:\/\/pp-performance.de\/shop\/wp-json\/wp\/v2\/types\/product"}],"wp:featuredmedia":[{"embeddable":true,"href":"https:\/\/pp-performance.de\/shop\/wp-json\/wp\/v2\/media\/20557"}],"wp:attachment":[{"href":"https:\/\/pp-performance.de\/shop\/wp-json\/wp\/v2\/media?parent=19904"}],"wp:term":[{"taxonomy":"product_cat","embeddable":true,"href":"https:\/\/pp-performance.de\/shop\/wp-json\/wp\/v2\/product_cat?post=19904"},{"taxonomy":"product_tag","embeddable":true,"href":"https:\/\/pp-performance.de\/shop\/wp-json\/wp\/v2\/product_tag?post=19904"}],"curies":[{"name":"wp","href":"https:\/\/api.w.org\/{rel}","templated":true}]}}