{"id":23163,"date":"2022-09-08T17:17:02","date_gmt":"2022-09-08T15:17:02","guid":{"rendered":"https:\/\/pp-performance.de\/shop\/?post_type=product&#038;p=23163"},"modified":"2025-11-03T14:12:38","modified_gmt":"2025-11-03T13:12:38","slug":"alpha-line-felgenreiniger","status":"publish","type":"product","link":"https:\/\/pp-performance.de\/shop\/product\/alpha-line-felgenreiniger\/","title":{"rendered":"Alpha Line Felgenreiniger"},"content":{"rendered":"<p style=\"font-weight: 400;\"><strong>ALPHA LINE Felgenreiniger<\/strong><\/p>\n<p style=\"font-weight: 400;\">Hochwirksamer, s\u00e4urefreier Felgenreiniger zur schnellen und effektiven Reinigung aller Felgenarten.<\/p>\n<p style=\"font-weight: 400;\">L\u00f6st problemlos eingebrannten Bremsstaub und Strassenschmutz.<\/p>\n<p style=\"font-weight: 400;\">Die Gel Formel haftet ideal an vertikalen Stellen und verbessert so die Reinigungsleistung.<\/p>\n<p style=\"font-weight: 400;\">Ein sauberes und breites Spr\u00fchbild hilft den Verbrauch zu optimieren.<\/p>\n<p style=\"font-weight: 400;\">Mit Wirkindikator f\u00fcr die einfache Erkennung der Einwirkzeit durch einen Farbumschlag ins violette.<\/p>\n<p style=\"font-weight: 400;\">Hohe Anwendungssicherheit f\u00fcr Mensch und Auto durch eine s\u00e4urefreie und materialschonende Formel.<\/p>\n<p style=\"font-weight: 400;\"><strong>EMPFOHLEN F\u00dcR: <\/strong><\/p>\n<p style=\"font-weight: 400;\">Alle Arten von Leichtmetall-, Chrom- und Stahlfelgen<\/p>\n<p style=\"font-weight: 400;\"><strong>DUFT: <\/strong><\/p>\n<p style=\"font-weight: 400;\">Green Lemon<\/p>\n<p style=\"font-weight: 400;\"><strong>ANWENDUNGSHINWEISE: <\/strong><\/p>\n<ul>\n<li style=\"font-weight: 400;\">Abgek\u00fchlte Felgen aus geringem Abstand gleichm\u00e4ssig einspr\u00fchen.<\/li>\n<li style=\"font-weight: 400;\">Je nach Verschmutzungsgrad 3-5 Minuten einwirken lassen; das Produkt verf\u00e4rbt sich dabei rot-violett und zeigt dadurch die Wirkung an.<\/li>\n<\/ul>\n<p style=\"font-weight: 400;\">Bei starker Verschmutzung mit einem Schwamm oder einer B\u00fcrste nachhelfen.<\/p>\n<ul>\n<li style=\"font-weight: 400;\">Anschliessend den gel\u00f6sten Schmutz und Reste des Felgenreinigers mit dem Hochdruckreiniger und viel Wasser absp\u00fclen.<\/li>\n<\/ul>\n<p style=\"font-weight: 400;\">BITTE BEACHTEN: Nicht in praller Sonne oder auf heissen Oberfl\u00e4chen anwenden und nicht eintrocknen lassen!<\/p>\n<p style=\"font-weight: 400;\"><strong>Youtube link: <\/strong><a href=\"https:\/\/www.youtube.com\/watch?v=VuUHUdvDjVU\">https:\/\/www.youtube.com\/watch?v=VuUHUdvDjVU<\/a><\/p>\n<p style=\"font-weight: 400;\">\n","protected":false},"excerpt":{"rendered":"<p style=\"font-weight: 400;\">Hochwirksamer, s\u00e4urefreier Felgenreiniger zur schnellen und effektiven Reinigung aller Felgenarten.<\/p>\n<p style=\"font-weight: 400;\">L\u00f6st problemlos eingebrannten Bremsstaub und Strassenschmutz.<\/p>\n","protected":false},"featured_media":23160,"template":"","meta":[],"product_cat":[253,15],"product_tag":[],"yoast_head":"<!-- This site is optimized with the Yoast SEO plugin v20.9 - https:\/\/yoast.com\/wordpress\/plugins\/seo\/ -->\n<title>Alpha Line Felgenreiniger | PP-Performance Shop<\/title>\n<meta name=\"description\" content=\"Hochwirksamer Felgenreiniger zur effektiven Reinigung aller Felgenarten. Jetzt f\u00fcr 16,94\u20ac Versandkostenfrei shoppen! PP-Performance\" \/>\n<meta name=\"robots\" content=\"index, follow, max-snippet:-1, max-image-preview:large, max-video-preview:-1\" \/>\n<link rel=\"canonical\" href=\"https:\/\/pp-performance.de\/shop\/product\/alpha-line-felgenreiniger\/\" \/>\n<meta property=\"og:locale\" content=\"de_DE\" \/>\n<meta property=\"og:type\" content=\"article\" \/>\n<meta property=\"og:title\" content=\"Alpha Line Felgenreiniger | PP-Performance Shop\" \/>\n<meta property=\"og:description\" content=\"Hochwirksamer Felgenreiniger zur effektiven Reinigung aller Felgenarten. Jetzt f\u00fcr 16,94\u20ac Versandkostenfrei shoppen! PP-Performance\" \/>\n<meta property=\"og:url\" content=\"https:\/\/pp-performance.de\/shop\/product\/alpha-line-felgenreiniger\/\" \/>\n<meta property=\"og:site_name\" content=\"PP-Perfomance Shop\" \/>\n<meta property=\"article:modified_time\" content=\"2025-11-03T13:12:38+00:00\" \/>\n<meta property=\"og:image\" content=\"https:\/\/pp-performance.de\/shop\/wp-content\/uploads\/2022\/09\/Felgeneiniger-Trigger.png\" \/>\n\t<meta property=\"og:image:width\" content=\"920\" \/>\n\t<meta property=\"og:image:height\" content=\"920\" \/>\n\t<meta property=\"og:image:type\" content=\"image\/png\" \/>\n<meta name=\"twitter:card\" content=\"summary_large_image\" \/>\n<meta name=\"twitter:label1\" content=\"Gesch\u00e4tzte Lesezeit\" \/>\n\t<meta name=\"twitter:data1\" content=\"1\u00a0Minute\" \/>\n<script type=\"application\/ld+json\" class=\"yoast-schema-graph\">{\"@context\":\"https:\/\/schema.org\",\"@graph\":[{\"@type\":\"WebPage\",\"@id\":\"https:\/\/pp-performance.de\/shop\/product\/alpha-line-felgenreiniger\/\",\"url\":\"https:\/\/pp-performance.de\/shop\/product\/alpha-line-felgenreiniger\/\",\"name\":\"Alpha Line Felgenreiniger | PP-Performance Shop\",\"isPartOf\":{\"@id\":\"https:\/\/pp-performance.de\/shop\/#website\"},\"datePublished\":\"2022-09-08T15:17:02+00:00\",\"dateModified\":\"2025-11-03T13:12:38+00:00\",\"description\":\"Hochwirksamer Felgenreiniger zur effektiven Reinigung aller Felgenarten. Jetzt f\u00fcr 16,94\u20ac Versandkostenfrei shoppen! PP-Performance\",\"breadcrumb\":{\"@id\":\"https:\/\/pp-performance.de\/shop\/product\/alpha-line-felgenreiniger\/#breadcrumb\"},\"inLanguage\":\"de\",\"potentialAction\":[{\"@type\":\"ReadAction\",\"target\":[\"https:\/\/pp-performance.de\/shop\/product\/alpha-line-felgenreiniger\/\"]}]},{\"@type\":\"BreadcrumbList\",\"@id\":\"https:\/\/pp-performance.de\/shop\/product\/alpha-line-felgenreiniger\/#breadcrumb\",\"itemListElement\":[{\"@type\":\"ListItem\",\"position\":1,\"name\":\"Startseite\",\"item\":\"https:\/\/pp-performance.de\/shop\/\"},{\"@type\":\"ListItem\",\"position\":2,\"name\":\"Shop\",\"item\":\"https:\/\/pp-performance.de\/shop\/shop\/\"},{\"@type\":\"ListItem\",\"position\":3,\"name\":\"Alpha Line Felgenreiniger\"}]},{\"@type\":\"WebSite\",\"@id\":\"https:\/\/pp-performance.de\/shop\/#website\",\"url\":\"https:\/\/pp-performance.de\/shop\/\",\"name\":\"PP-Perfomance Shop\",\"description\":\"\",\"potentialAction\":[{\"@type\":\"SearchAction\",\"target\":{\"@type\":\"EntryPoint\",\"urlTemplate\":\"https:\/\/pp-performance.de\/shop\/?s={search_term_string}\"},\"query-input\":\"required name=search_term_string\"}],\"inLanguage\":\"de\"}]}<\/script>\n<!-- \/ Yoast SEO plugin. -->","yoast_head_json":{"title":"Alpha Line Felgenreiniger | PP-Performance Shop","description":"Hochwirksamer Felgenreiniger zur effektiven Reinigung aller Felgenarten. Jetzt f\u00fcr 16,94\u20ac Versandkostenfrei shoppen! PP-Performance","robots":{"index":"index","follow":"follow","max-snippet":"max-snippet:-1","max-image-preview":"max-image-preview:large","max-video-preview":"max-video-preview:-1"},"canonical":"https:\/\/pp-performance.de\/shop\/product\/alpha-line-felgenreiniger\/","og_locale":"de_DE","og_type":"article","og_title":"Alpha Line Felgenreiniger | PP-Performance Shop","og_description":"Hochwirksamer Felgenreiniger zur effektiven Reinigung aller Felgenarten. Jetzt f\u00fcr 16,94\u20ac Versandkostenfrei shoppen! PP-Performance","og_url":"https:\/\/pp-performance.de\/shop\/product\/alpha-line-felgenreiniger\/","og_site_name":"PP-Perfomance Shop","article_modified_time":"2025-11-03T13:12:38+00:00","og_image":[{"width":920,"height":920,"url":"https:\/\/pp-performance.de\/shop\/wp-content\/uploads\/2022\/09\/Felgeneiniger-Trigger.png","type":"image\/png"}],"twitter_card":"summary_large_image","twitter_misc":{"Gesch\u00e4tzte Lesezeit":"1\u00a0Minute"},"schema":{"@context":"https:\/\/schema.org","@graph":[{"@type":"WebPage","@id":"https:\/\/pp-performance.de\/shop\/product\/alpha-line-felgenreiniger\/","url":"https:\/\/pp-performance.de\/shop\/product\/alpha-line-felgenreiniger\/","name":"Alpha Line Felgenreiniger | PP-Performance Shop","isPartOf":{"@id":"https:\/\/pp-performance.de\/shop\/#website"},"datePublished":"2022-09-08T15:17:02+00:00","dateModified":"2025-11-03T13:12:38+00:00","description":"Hochwirksamer Felgenreiniger zur effektiven Reinigung aller Felgenarten. Jetzt f\u00fcr 16,94\u20ac Versandkostenfrei shoppen! PP-Performance","breadcrumb":{"@id":"https:\/\/pp-performance.de\/shop\/product\/alpha-line-felgenreiniger\/#breadcrumb"},"inLanguage":"de","potentialAction":[{"@type":"ReadAction","target":["https:\/\/pp-performance.de\/shop\/product\/alpha-line-felgenreiniger\/"]}]},{"@type":"BreadcrumbList","@id":"https:\/\/pp-performance.de\/shop\/product\/alpha-line-felgenreiniger\/#breadcrumb","itemListElement":[{"@type":"ListItem","position":1,"name":"Startseite","item":"https:\/\/pp-performance.de\/shop\/"},{"@type":"ListItem","position":2,"name":"Shop","item":"https:\/\/pp-performance.de\/shop\/shop\/"},{"@type":"ListItem","position":3,"name":"Alpha Line Felgenreiniger"}]},{"@type":"WebSite","@id":"https:\/\/pp-performance.de\/shop\/#website","url":"https:\/\/pp-performance.de\/shop\/","name":"PP-Perfomance Shop","description":"","potentialAction":[{"@type":"SearchAction","target":{"@type":"EntryPoint","urlTemplate":"https:\/\/pp-performance.de\/shop\/?s={search_term_string}"},"query-input":"required name=search_term_string"}],"inLanguage":"de"}]}},"_links":{"self":[{"href":"https:\/\/pp-performance.de\/shop\/wp-json\/wp\/v2\/product\/23163"}],"collection":[{"href":"https:\/\/pp-performance.de\/shop\/wp-json\/wp\/v2\/product"}],"about":[{"href":"https:\/\/pp-performance.de\/shop\/wp-json\/wp\/v2\/types\/product"}],"wp:featuredmedia":[{"embeddable":true,"href":"https:\/\/pp-performance.de\/shop\/wp-json\/wp\/v2\/media\/23160"}],"wp:attachment":[{"href":"https:\/\/pp-performance.de\/shop\/wp-json\/wp\/v2\/media?parent=23163"}],"wp:term":[{"taxonomy":"product_cat","embeddable":true,"href":"https:\/\/pp-performance.de\/shop\/wp-json\/wp\/v2\/product_cat?post=23163"},{"taxonomy":"product_tag","embeddable":true,"href":"https:\/\/pp-performance.de\/shop\/wp-json\/wp\/v2\/product_tag?post=23163"}],"curies":[{"name":"wp","href":"https:\/\/api.w.org\/{rel}","templated":true}]}}