{"id":23166,"date":"2022-09-08T17:24:46","date_gmt":"2022-09-08T15:24:46","guid":{"rendered":"https:\/\/pp-performance.de\/shop\/?post_type=product&#038;p=23166"},"modified":"2025-05-02T11:22:34","modified_gmt":"2025-05-02T09:22:34","slug":"alpha-line-hybrid-ceramic-spray-coating","status":"publish","type":"product","link":"https:\/\/pp-performance.de\/shop\/product\/alpha-line-hybrid-ceramic-spray-coating\/","title":{"rendered":"Alpha Line Hybrid Ceramic Spray Coating"},"content":{"rendered":"<p style=\"font-weight: 400;\">Das <strong>Alpha Line Hybrid Ceramic Spray Coating<\/strong> ist ein sehr einfach anzuwendendes Spr\u00fchcoating, welches wie ein herk\u00f6mmliches Spr\u00fch-Wachs auf dem nassen oder trockenen Fahrzeug angewendet wird. Es verleiht dem Lack f\u00fcr Monate eine super hydrophobe Versiegelung f\u00fcr extremes Abperlverhalten, Glanz, Schutz und Farbauffrischung. Dank der 2-Layer Technologie werden feinste Kratzer aufgef\u00fcllt und die Farben erhalten mehr Tiefe und S\u00e4ttigung. Der zweite Layer sorgt, dank der erzeugten Nanostruktur, f\u00fcr ein extremes und langanhaltendes Abperlverhalten (Beading). Lackpflege neu definiert!<\/p>\n<p style=\"font-weight: 400;\"><strong>Anwendung:<\/strong><\/p>\n<p style=\"font-weight: 400;\">Flasche gut sch\u00fctteln. Produkt direkt auf den sauber gewaschenen (nassen oder trockenen) Lack sparsam aufspr\u00fchen. Mit einem weichen Microfasertuch sauber verteilen und anschliessend mit einem zweiten weichen Microfasertuch sanft auspolieren. Idealerweise werden etappenweise einzelne Teilfl\u00e4chen bearbeitet. F\u00fcr ein optimales Ergebniss den Lack f\u00fcr ca.2-3 Stunden nach der Anwendung vor N\u00e4sse sch\u00fctzen. Nicht in der prallen Sonne oder auf heissem Lack anwenden.<\/p>\n<p style=\"font-weight: 400;\"><strong>Youtube Link:<\/strong> <a href=\"https:\/\/www.youtube.com\/watch?v=LgjAyVXKY9Q\">https:\/\/www.youtube.com\/watch?v=LgjAyVXKY9Q<\/a><\/p>\n","protected":false},"excerpt":{"rendered":"<div><span lang=\"DE-CH\">Das <b>Alpha Line Hybrid Ceramic Spray Coating<\/b> ist ein sehr einfach anzuwendendes Spr\u00fchcoating, welches wie ein herk\u00f6mmliches Spr\u00fch-Wachs auf dem nassen oder trockenen Fahrzeug angewendet wird. Es verleiht dem Lack f\u00fcr Monate eine super hydrophobe Versiegelung f\u00fcr extremes Abperlverhalten, Glanz, Schutz und Farbauffrischung.<\/span><\/div>\n","protected":false},"featured_media":23169,"template":"","meta":[],"product_cat":[253,15],"product_tag":[],"yoast_head":"<!-- This site is optimized with the Yoast SEO plugin v20.9 - https:\/\/yoast.com\/wordpress\/plugins\/seo\/ -->\n<title>Alpha Line Hybrid Ceramic Spray Coating | PP-Performance Shop<\/title>\n<meta name=\"description\" content=\"Verleiht dem Lack eine hydrophobe Versiegelung f\u00fcr Glanz und Schutz. Jetzt f\u00fcr 21,94\u20ac Versandkostenfrei shoppen! PP-Performance\" \/>\n<meta name=\"robots\" content=\"index, follow, max-snippet:-1, max-image-preview:large, max-video-preview:-1\" \/>\n<link rel=\"canonical\" href=\"https:\/\/pp-performance.de\/shop\/product\/alpha-line-hybrid-ceramic-spray-coating\/\" \/>\n<meta property=\"og:locale\" content=\"de_DE\" \/>\n<meta property=\"og:type\" content=\"article\" \/>\n<meta property=\"og:title\" content=\"Alpha Line Hybrid Ceramic Spray Coating | PP-Performance Shop\" \/>\n<meta property=\"og:description\" content=\"Verleiht dem Lack eine hydrophobe Versiegelung f\u00fcr Glanz und Schutz. Jetzt f\u00fcr 21,94\u20ac Versandkostenfrei shoppen! PP-Performance\" \/>\n<meta property=\"og:url\" content=\"https:\/\/pp-performance.de\/shop\/product\/alpha-line-hybrid-ceramic-spray-coating\/\" \/>\n<meta property=\"og:site_name\" content=\"PP-Perfomance Shop\" \/>\n<meta property=\"article:modified_time\" content=\"2025-05-02T09:22:34+00:00\" \/>\n<meta property=\"og:image\" content=\"https:\/\/pp-performance.de\/shop\/wp-content\/uploads\/2022\/09\/Alphaline_Packshot_Hybrid_Ceramic_Spray_transparent.png\" \/>\n\t<meta property=\"og:image:width\" content=\"920\" \/>\n\t<meta property=\"og:image:height\" content=\"920\" \/>\n\t<meta property=\"og:image:type\" content=\"image\/png\" \/>\n<meta name=\"twitter:card\" content=\"summary_large_image\" \/>\n<meta name=\"twitter:label1\" content=\"Gesch\u00e4tzte Lesezeit\" \/>\n\t<meta name=\"twitter:data1\" content=\"1\u00a0Minute\" \/>\n<script type=\"application\/ld+json\" class=\"yoast-schema-graph\">{\"@context\":\"https:\/\/schema.org\",\"@graph\":[{\"@type\":\"WebPage\",\"@id\":\"https:\/\/pp-performance.de\/shop\/product\/alpha-line-hybrid-ceramic-spray-coating\/\",\"url\":\"https:\/\/pp-performance.de\/shop\/product\/alpha-line-hybrid-ceramic-spray-coating\/\",\"name\":\"Alpha Line Hybrid Ceramic Spray Coating | PP-Performance Shop\",\"isPartOf\":{\"@id\":\"https:\/\/pp-performance.de\/shop\/#website\"},\"datePublished\":\"2022-09-08T15:24:46+00:00\",\"dateModified\":\"2025-05-02T09:22:34+00:00\",\"description\":\"Verleiht dem Lack eine hydrophobe Versiegelung f\u00fcr Glanz und Schutz. Jetzt f\u00fcr 21,94\u20ac Versandkostenfrei shoppen! PP-Performance\",\"breadcrumb\":{\"@id\":\"https:\/\/pp-performance.de\/shop\/product\/alpha-line-hybrid-ceramic-spray-coating\/#breadcrumb\"},\"inLanguage\":\"de\",\"potentialAction\":[{\"@type\":\"ReadAction\",\"target\":[\"https:\/\/pp-performance.de\/shop\/product\/alpha-line-hybrid-ceramic-spray-coating\/\"]}]},{\"@type\":\"BreadcrumbList\",\"@id\":\"https:\/\/pp-performance.de\/shop\/product\/alpha-line-hybrid-ceramic-spray-coating\/#breadcrumb\",\"itemListElement\":[{\"@type\":\"ListItem\",\"position\":1,\"name\":\"Startseite\",\"item\":\"https:\/\/pp-performance.de\/shop\/\"},{\"@type\":\"ListItem\",\"position\":2,\"name\":\"Shop\",\"item\":\"https:\/\/pp-performance.de\/shop\/shop\/\"},{\"@type\":\"ListItem\",\"position\":3,\"name\":\"Alpha Line Hybrid Ceramic Spray Coating\"}]},{\"@type\":\"WebSite\",\"@id\":\"https:\/\/pp-performance.de\/shop\/#website\",\"url\":\"https:\/\/pp-performance.de\/shop\/\",\"name\":\"PP-Perfomance Shop\",\"description\":\"\",\"potentialAction\":[{\"@type\":\"SearchAction\",\"target\":{\"@type\":\"EntryPoint\",\"urlTemplate\":\"https:\/\/pp-performance.de\/shop\/?s={search_term_string}\"},\"query-input\":\"required name=search_term_string\"}],\"inLanguage\":\"de\"}]}<\/script>\n<!-- \/ Yoast SEO plugin. -->","yoast_head_json":{"title":"Alpha Line Hybrid Ceramic Spray Coating | PP-Performance Shop","description":"Verleiht dem Lack eine hydrophobe Versiegelung f\u00fcr Glanz und Schutz. Jetzt f\u00fcr 21,94\u20ac Versandkostenfrei shoppen! PP-Performance","robots":{"index":"index","follow":"follow","max-snippet":"max-snippet:-1","max-image-preview":"max-image-preview:large","max-video-preview":"max-video-preview:-1"},"canonical":"https:\/\/pp-performance.de\/shop\/product\/alpha-line-hybrid-ceramic-spray-coating\/","og_locale":"de_DE","og_type":"article","og_title":"Alpha Line Hybrid Ceramic Spray Coating | PP-Performance Shop","og_description":"Verleiht dem Lack eine hydrophobe Versiegelung f\u00fcr Glanz und Schutz. Jetzt f\u00fcr 21,94\u20ac Versandkostenfrei shoppen! PP-Performance","og_url":"https:\/\/pp-performance.de\/shop\/product\/alpha-line-hybrid-ceramic-spray-coating\/","og_site_name":"PP-Perfomance Shop","article_modified_time":"2025-05-02T09:22:34+00:00","og_image":[{"width":920,"height":920,"url":"https:\/\/pp-performance.de\/shop\/wp-content\/uploads\/2022\/09\/Alphaline_Packshot_Hybrid_Ceramic_Spray_transparent.png","type":"image\/png"}],"twitter_card":"summary_large_image","twitter_misc":{"Gesch\u00e4tzte Lesezeit":"1\u00a0Minute"},"schema":{"@context":"https:\/\/schema.org","@graph":[{"@type":"WebPage","@id":"https:\/\/pp-performance.de\/shop\/product\/alpha-line-hybrid-ceramic-spray-coating\/","url":"https:\/\/pp-performance.de\/shop\/product\/alpha-line-hybrid-ceramic-spray-coating\/","name":"Alpha Line Hybrid Ceramic Spray Coating | PP-Performance Shop","isPartOf":{"@id":"https:\/\/pp-performance.de\/shop\/#website"},"datePublished":"2022-09-08T15:24:46+00:00","dateModified":"2025-05-02T09:22:34+00:00","description":"Verleiht dem Lack eine hydrophobe Versiegelung f\u00fcr Glanz und Schutz. Jetzt f\u00fcr 21,94\u20ac Versandkostenfrei shoppen! PP-Performance","breadcrumb":{"@id":"https:\/\/pp-performance.de\/shop\/product\/alpha-line-hybrid-ceramic-spray-coating\/#breadcrumb"},"inLanguage":"de","potentialAction":[{"@type":"ReadAction","target":["https:\/\/pp-performance.de\/shop\/product\/alpha-line-hybrid-ceramic-spray-coating\/"]}]},{"@type":"BreadcrumbList","@id":"https:\/\/pp-performance.de\/shop\/product\/alpha-line-hybrid-ceramic-spray-coating\/#breadcrumb","itemListElement":[{"@type":"ListItem","position":1,"name":"Startseite","item":"https:\/\/pp-performance.de\/shop\/"},{"@type":"ListItem","position":2,"name":"Shop","item":"https:\/\/pp-performance.de\/shop\/shop\/"},{"@type":"ListItem","position":3,"name":"Alpha Line Hybrid Ceramic Spray Coating"}]},{"@type":"WebSite","@id":"https:\/\/pp-performance.de\/shop\/#website","url":"https:\/\/pp-performance.de\/shop\/","name":"PP-Perfomance Shop","description":"","potentialAction":[{"@type":"SearchAction","target":{"@type":"EntryPoint","urlTemplate":"https:\/\/pp-performance.de\/shop\/?s={search_term_string}"},"query-input":"required name=search_term_string"}],"inLanguage":"de"}]}},"_links":{"self":[{"href":"https:\/\/pp-performance.de\/shop\/wp-json\/wp\/v2\/product\/23166"}],"collection":[{"href":"https:\/\/pp-performance.de\/shop\/wp-json\/wp\/v2\/product"}],"about":[{"href":"https:\/\/pp-performance.de\/shop\/wp-json\/wp\/v2\/types\/product"}],"wp:featuredmedia":[{"embeddable":true,"href":"https:\/\/pp-performance.de\/shop\/wp-json\/wp\/v2\/media\/23169"}],"wp:attachment":[{"href":"https:\/\/pp-performance.de\/shop\/wp-json\/wp\/v2\/media?parent=23166"}],"wp:term":[{"taxonomy":"product_cat","embeddable":true,"href":"https:\/\/pp-performance.de\/shop\/wp-json\/wp\/v2\/product_cat?post=23166"},{"taxonomy":"product_tag","embeddable":true,"href":"https:\/\/pp-performance.de\/shop\/wp-json\/wp\/v2\/product_tag?post=23166"}],"curies":[{"name":"wp","href":"https:\/\/api.w.org\/{rel}","templated":true}]}}