{"id":23170,"date":"2022-09-08T17:36:01","date_gmt":"2022-09-08T15:36:01","guid":{"rendered":"https:\/\/pp-performance.de\/shop\/?post_type=product&#038;p=23170"},"modified":"2025-03-24T07:00:21","modified_gmt":"2025-03-24T06:00:21","slug":"alpha-line-insektenentferner","status":"publish","type":"product","link":"https:\/\/pp-performance.de\/shop\/product\/alpha-line-insektenentferner\/","title":{"rendered":"Alpha Line Insektenentferner"},"content":{"rendered":"<p style=\"font-weight: 400;\"><strong>ALPHA LINE Insektenentferner<\/strong><\/p>\n<p style=\"font-weight: 400;\">Der ALPHA LINE Insektenentferner entfernt schnell und zuverl\u00e4ssig hartn\u00e4ckigsten Schmutz und Insektenr\u00fcckst\u00e4nde.<\/p>\n<p style=\"font-weight: 400;\">Die besonders starke Gel Formel verf\u00fcgt \u00fcber eine optimale Haftung auch an senkrechten Stellen und kann so besser einwirken.<\/p>\n<p style=\"font-weight: 400;\">Extra schonend zu Lack, Metallen, Chrom und allen Kunststoffen.<\/p>\n<p style=\"font-weight: 400;\">Ideal f\u00fcr die Vorbehandlung besonders verschmutzter Stellen.<\/p>\n<p style=\"font-weight: 400;\">Einfach aufspr\u00fchen, einwirken lassen und absp\u00fclen.<\/p>\n<p style=\"font-weight: 400;\"><strong>EMPFOHLEN F\u00dcR: <\/strong><\/p>\n<p style=\"font-weight: 400;\">Die Vorbehandlung der Karosserie bei hartn\u00e4ckigen Verschmutzungen.<\/p>\n<p style=\"font-weight: 400;\"><strong>DUFT: <\/strong><\/p>\n<p style=\"font-weight: 400;\">Pink Grapefruit<\/p>\n<p style=\"font-weight: 400;\"><strong>ANWENDUNGSHINWEIS:<\/strong><\/p>\n<p style=\"font-weight: 400;\">Produkt gleichm\u00e4ssig aufspr\u00fchen und ca. 2-3 Minuten einwirken lassen.<\/p>\n<p style=\"font-weight: 400;\">Anschliessend gr\u00fcndlich mit dem Hochdruckreiniger absp\u00fclen.<\/p>\n<p style=\"font-weight: 400;\">HINWEIS: Produkt nicht antrocknen lassen und nicht auf heissen Oberfl\u00e4chen verwenden.<\/p>\n<p style=\"font-weight: 400;\">Lagertemperatur: +5 bis +30\u00b0C<\/p>\n<p style=\"font-weight: 400;\"><strong>Youtube link:<\/strong> <a href=\"https:\/\/www.youtube.com\/watch?v=AeAy-C7EG24\">https:\/\/www.youtube.com\/watch?v=AeAy-C7EG24<\/a><\/p>\n","protected":false},"excerpt":{"rendered":"<div><span lang=\"DE-CH\">Der ALPHA LINE Insektenentferner entfernt schnell und zuverl\u00e4ssig hartn\u00e4ckigsten Schmutz und Insektenr\u00fcckst\u00e4nde.<\/span><\/div>\n<div>\n<p style=\"font-weight: 400;\">Extra schonend zu Lack, Metallen, Chrom und allen Kunststoffen.<\/p>\n<p style=\"font-weight: 400;\">Ideal f\u00fcr die Vorbehandlung besonders verschmutzter Stellen.<\/p>\n<\/div>\n","protected":false},"featured_media":23171,"template":"","meta":[],"product_cat":[253,15],"product_tag":[],"yoast_head":"<!-- This site is optimized with the Yoast SEO plugin v20.9 - https:\/\/yoast.com\/wordpress\/plugins\/seo\/ -->\n<title>Alpha Line Insektenentferner | PP-Performance Shop<\/title>\n<meta name=\"description\" content=\"Entfernt schnell und zuverl\u00e4ssig hartn\u00e4ckigsten Schmutz und Insektenr\u00fcckst\u00e4nde. Jetzt f\u00fcr 13,94\u20ac Versandkostenfrei shoppen! PP-Performance\" \/>\n<meta name=\"robots\" content=\"index, follow, max-snippet:-1, max-image-preview:large, max-video-preview:-1\" \/>\n<link rel=\"canonical\" href=\"https:\/\/pp-performance.de\/shop\/product\/alpha-line-insektenentferner\/\" \/>\n<meta property=\"og:locale\" content=\"de_DE\" \/>\n<meta property=\"og:type\" content=\"article\" \/>\n<meta property=\"og:title\" content=\"Alpha Line Insektenentferner | PP-Performance Shop\" \/>\n<meta property=\"og:description\" content=\"Entfernt schnell und zuverl\u00e4ssig hartn\u00e4ckigsten Schmutz und Insektenr\u00fcckst\u00e4nde. Jetzt f\u00fcr 13,94\u20ac Versandkostenfrei shoppen! PP-Performance\" \/>\n<meta property=\"og:url\" content=\"https:\/\/pp-performance.de\/shop\/product\/alpha-line-insektenentferner\/\" \/>\n<meta property=\"og:site_name\" content=\"PP-Perfomance Shop\" \/>\n<meta property=\"article:modified_time\" content=\"2025-03-24T06:00:21+00:00\" \/>\n<meta property=\"og:image\" content=\"https:\/\/pp-performance.de\/shop\/wp-content\/uploads\/2022\/09\/Insektenentferner.png\" \/>\n\t<meta property=\"og:image:width\" content=\"920\" \/>\n\t<meta property=\"og:image:height\" content=\"920\" \/>\n\t<meta property=\"og:image:type\" content=\"image\/png\" \/>\n<meta name=\"twitter:card\" content=\"summary_large_image\" \/>\n<meta name=\"twitter:label1\" content=\"Gesch\u00e4tzte Lesezeit\" \/>\n\t<meta name=\"twitter:data1\" content=\"1\u00a0Minute\" \/>\n<script type=\"application\/ld+json\" class=\"yoast-schema-graph\">{\"@context\":\"https:\/\/schema.org\",\"@graph\":[{\"@type\":\"WebPage\",\"@id\":\"https:\/\/pp-performance.de\/shop\/product\/alpha-line-insektenentferner\/\",\"url\":\"https:\/\/pp-performance.de\/shop\/product\/alpha-line-insektenentferner\/\",\"name\":\"Alpha Line Insektenentferner | PP-Performance Shop\",\"isPartOf\":{\"@id\":\"https:\/\/pp-performance.de\/shop\/#website\"},\"datePublished\":\"2022-09-08T15:36:01+00:00\",\"dateModified\":\"2025-03-24T06:00:21+00:00\",\"description\":\"Entfernt schnell und zuverl\u00e4ssig hartn\u00e4ckigsten Schmutz und Insektenr\u00fcckst\u00e4nde. Jetzt f\u00fcr 13,94\u20ac Versandkostenfrei shoppen! PP-Performance\",\"breadcrumb\":{\"@id\":\"https:\/\/pp-performance.de\/shop\/product\/alpha-line-insektenentferner\/#breadcrumb\"},\"inLanguage\":\"de\",\"potentialAction\":[{\"@type\":\"ReadAction\",\"target\":[\"https:\/\/pp-performance.de\/shop\/product\/alpha-line-insektenentferner\/\"]}]},{\"@type\":\"BreadcrumbList\",\"@id\":\"https:\/\/pp-performance.de\/shop\/product\/alpha-line-insektenentferner\/#breadcrumb\",\"itemListElement\":[{\"@type\":\"ListItem\",\"position\":1,\"name\":\"Startseite\",\"item\":\"https:\/\/pp-performance.de\/shop\/\"},{\"@type\":\"ListItem\",\"position\":2,\"name\":\"Shop\",\"item\":\"https:\/\/pp-performance.de\/shop\/shop\/\"},{\"@type\":\"ListItem\",\"position\":3,\"name\":\"Alpha Line Insektenentferner\"}]},{\"@type\":\"WebSite\",\"@id\":\"https:\/\/pp-performance.de\/shop\/#website\",\"url\":\"https:\/\/pp-performance.de\/shop\/\",\"name\":\"PP-Perfomance Shop\",\"description\":\"\",\"potentialAction\":[{\"@type\":\"SearchAction\",\"target\":{\"@type\":\"EntryPoint\",\"urlTemplate\":\"https:\/\/pp-performance.de\/shop\/?s={search_term_string}\"},\"query-input\":\"required name=search_term_string\"}],\"inLanguage\":\"de\"}]}<\/script>\n<!-- \/ Yoast SEO plugin. -->","yoast_head_json":{"title":"Alpha Line Insektenentferner | PP-Performance Shop","description":"Entfernt schnell und zuverl\u00e4ssig hartn\u00e4ckigsten Schmutz und Insektenr\u00fcckst\u00e4nde. Jetzt f\u00fcr 13,94\u20ac Versandkostenfrei shoppen! PP-Performance","robots":{"index":"index","follow":"follow","max-snippet":"max-snippet:-1","max-image-preview":"max-image-preview:large","max-video-preview":"max-video-preview:-1"},"canonical":"https:\/\/pp-performance.de\/shop\/product\/alpha-line-insektenentferner\/","og_locale":"de_DE","og_type":"article","og_title":"Alpha Line Insektenentferner | PP-Performance Shop","og_description":"Entfernt schnell und zuverl\u00e4ssig hartn\u00e4ckigsten Schmutz und Insektenr\u00fcckst\u00e4nde. Jetzt f\u00fcr 13,94\u20ac Versandkostenfrei shoppen! PP-Performance","og_url":"https:\/\/pp-performance.de\/shop\/product\/alpha-line-insektenentferner\/","og_site_name":"PP-Perfomance Shop","article_modified_time":"2025-03-24T06:00:21+00:00","og_image":[{"width":920,"height":920,"url":"https:\/\/pp-performance.de\/shop\/wp-content\/uploads\/2022\/09\/Insektenentferner.png","type":"image\/png"}],"twitter_card":"summary_large_image","twitter_misc":{"Gesch\u00e4tzte Lesezeit":"1\u00a0Minute"},"schema":{"@context":"https:\/\/schema.org","@graph":[{"@type":"WebPage","@id":"https:\/\/pp-performance.de\/shop\/product\/alpha-line-insektenentferner\/","url":"https:\/\/pp-performance.de\/shop\/product\/alpha-line-insektenentferner\/","name":"Alpha Line Insektenentferner | PP-Performance Shop","isPartOf":{"@id":"https:\/\/pp-performance.de\/shop\/#website"},"datePublished":"2022-09-08T15:36:01+00:00","dateModified":"2025-03-24T06:00:21+00:00","description":"Entfernt schnell und zuverl\u00e4ssig hartn\u00e4ckigsten Schmutz und Insektenr\u00fcckst\u00e4nde. Jetzt f\u00fcr 13,94\u20ac Versandkostenfrei shoppen! PP-Performance","breadcrumb":{"@id":"https:\/\/pp-performance.de\/shop\/product\/alpha-line-insektenentferner\/#breadcrumb"},"inLanguage":"de","potentialAction":[{"@type":"ReadAction","target":["https:\/\/pp-performance.de\/shop\/product\/alpha-line-insektenentferner\/"]}]},{"@type":"BreadcrumbList","@id":"https:\/\/pp-performance.de\/shop\/product\/alpha-line-insektenentferner\/#breadcrumb","itemListElement":[{"@type":"ListItem","position":1,"name":"Startseite","item":"https:\/\/pp-performance.de\/shop\/"},{"@type":"ListItem","position":2,"name":"Shop","item":"https:\/\/pp-performance.de\/shop\/shop\/"},{"@type":"ListItem","position":3,"name":"Alpha Line Insektenentferner"}]},{"@type":"WebSite","@id":"https:\/\/pp-performance.de\/shop\/#website","url":"https:\/\/pp-performance.de\/shop\/","name":"PP-Perfomance Shop","description":"","potentialAction":[{"@type":"SearchAction","target":{"@type":"EntryPoint","urlTemplate":"https:\/\/pp-performance.de\/shop\/?s={search_term_string}"},"query-input":"required name=search_term_string"}],"inLanguage":"de"}]}},"_links":{"self":[{"href":"https:\/\/pp-performance.de\/shop\/wp-json\/wp\/v2\/product\/23170"}],"collection":[{"href":"https:\/\/pp-performance.de\/shop\/wp-json\/wp\/v2\/product"}],"about":[{"href":"https:\/\/pp-performance.de\/shop\/wp-json\/wp\/v2\/types\/product"}],"wp:featuredmedia":[{"embeddable":true,"href":"https:\/\/pp-performance.de\/shop\/wp-json\/wp\/v2\/media\/23171"}],"wp:attachment":[{"href":"https:\/\/pp-performance.de\/shop\/wp-json\/wp\/v2\/media?parent=23170"}],"wp:term":[{"taxonomy":"product_cat","embeddable":true,"href":"https:\/\/pp-performance.de\/shop\/wp-json\/wp\/v2\/product_cat?post=23170"},{"taxonomy":"product_tag","embeddable":true,"href":"https:\/\/pp-performance.de\/shop\/wp-json\/wp\/v2\/product_tag?post=23170"}],"curies":[{"name":"wp","href":"https:\/\/api.w.org\/{rel}","templated":true}]}}