{"id":23174,"date":"2022-09-08T17:44:08","date_gmt":"2022-09-08T15:44:08","guid":{"rendered":"https:\/\/pp-performance.de\/shop\/?post_type=product&#038;p=23174"},"modified":"2024-10-23T12:41:45","modified_gmt":"2024-10-23T10:41:45","slug":"alpha-line-reifen-kunststoff-pflege-pp-performance","status":"publish","type":"product","link":"https:\/\/pp-performance.de\/shop\/product\/alpha-line-reifen-kunststoff-pflege-pp-performance\/","title":{"rendered":"Alpha Line Reifen &amp; Kunststoff Pflege"},"content":{"rendered":"<p style=\"font-weight: 400;\"><strong>ALPHA LINE Reifen &amp; Kunststoff Pflege<\/strong><\/p>\n<p style=\"font-weight: 400;\">Die ALPHA LINE Reifen &amp; Kunststoff Pflege verleiht den Autoreifen neuen tiefschwarzen Glanz und echten Schutz.<\/p>\n<p style=\"font-weight: 400;\">Pflegt und frischt alle anderen Gummi- und Kunststoffteile am Exterieur und Motorraum auf und verleiht diesen einen neuen seidenen Glanz.<\/p>\n<p style=\"font-weight: 400;\">Ebenfalls bestens geeignet f\u00fcr alle Kunststoffteile im Fuss- oder Kofferraum sowie Einstiegsleisten und alle weiteren stark beanspruchten Kunststoffe und Gummiteile.<\/p>\n<p style=\"font-weight: 400;\">Der Allesk\u00f6nner unter den Reifenpflegern! Das Universalprodukt, wenn es um echte Pflege und das Wiederherstellen eines sch\u00f6nen Schwarzes geht.<\/p>\n<p style=\"font-weight: 400;\"><strong>EMPFOHLEN F\u00dcR: <\/strong><\/p>\n<p style=\"font-weight: 400;\">-Reifen<\/p>\n<p style=\"font-weight: 400;\">-Motorraum<\/p>\n<p style=\"font-weight: 400;\">-Fuss- und Kofferraum<\/p>\n<p style=\"font-weight: 400;\">-Alle Arten von Kunststoffen und Gummi im Interieur und Exterieur<\/p>\n<p style=\"font-weight: 400;\"><strong>DUFT: <\/strong><\/p>\n<p style=\"font-weight: 400;\">Back to Black<\/p>\n<p style=\"font-weight: 400;\"><strong>ANWENDUNGSHINWEISE:<\/strong><\/p>\n<p style=\"font-weight: 400;\">Produkt gleichm\u00e4ssig auf die gereinigten und trockenen Seitenw\u00e4nde der Autoreifen oder Kunststoffteile aufspr\u00fchen und mit einem Schwamm oder Tuch verteilen.<\/p>\n<p style=\"font-weight: 400;\">Tipp: Regelm\u00e4ssige Anwendung verbessert das Ergebnis.<\/p>\n<p style=\"font-weight: 400;\">ACHTUNG: Nicht an Motorrad- oder Fahrradreifen verwenden. Rutschgefahr!<\/p>\n<p style=\"font-weight: 400;\">Flasche\/Gebinde vor Gebrauch gut sch\u00fctteln!<\/p>\n<p style=\"font-weight: 400;\">Lagertemperatur: +5 bis +30\u00b0C<\/p>\n<p style=\"font-weight: 400;\"><strong>Youtube Link: <\/strong><a href=\"https:\/\/www.youtube.com\/watch?v=6NQVTN28fgE\">https:\/\/www.youtube.com\/watch?v=6NQVTN28fgE<\/a><\/p>\n","protected":false},"excerpt":{"rendered":"<p style=\"font-weight: 400;\">Die ALPHA LINE Reifen &amp; Kunststoff Pflege verleiht den Autoreifen neuen tiefschwarzen Glanz und echten Schutz.<\/p>\n<p style=\"font-weight: 400;\">Pflegt und frischt alle anderen Gummi- und Kunststoffteile am Exterieur und Motorraum auf und verleiht diesen einen neuen seidenen Glanz.<\/p>\n<p style=\"font-weight: 400;\">Ebenfalls bestens geeignet f\u00fcr alle Kunststoffteile im Fuss- oder Kofferraum sowie Einstiegsleisten und alle weiteren stark beanspruchten Kunststoffe und Gummiteile.<\/p>\n<p style=\"font-weight: 400;\">\n","protected":false},"featured_media":23176,"template":"","meta":[],"product_cat":[253,15],"product_tag":[],"yoast_head":"<!-- This site is optimized with the Yoast SEO plugin v20.9 - https:\/\/yoast.com\/wordpress\/plugins\/seo\/ -->\n<title>Alpha Line Reifen &amp; Kunststoff Pflege | PP-Performance Shop<\/title>\n<meta name=\"description\" content=\"Pflegt und frischt alle Gummi- und Kunststoffteile am Exterieur und Motorraum auf. Jetzt f\u00fcr 16,94\u20ac Versandkostenfrei shoppen! PP-Performance\" \/>\n<meta name=\"robots\" content=\"index, follow, max-snippet:-1, max-image-preview:large, max-video-preview:-1\" \/>\n<link rel=\"canonical\" href=\"https:\/\/pp-performance.de\/shop\/product\/alpha-line-reifen-kunststoff-pflege-pp-performance\/\" \/>\n<meta property=\"og:locale\" content=\"de_DE\" \/>\n<meta property=\"og:type\" content=\"article\" \/>\n<meta property=\"og:title\" content=\"Alpha Line Reifen &amp; Kunststoff Pflege | PP-Performance Shop\" \/>\n<meta property=\"og:description\" content=\"Pflegt und frischt alle Gummi- und Kunststoffteile am Exterieur und Motorraum auf. Jetzt f\u00fcr 16,94\u20ac Versandkostenfrei shoppen! PP-Performance\" \/>\n<meta property=\"og:url\" content=\"https:\/\/pp-performance.de\/shop\/product\/alpha-line-reifen-kunststoff-pflege-pp-performance\/\" \/>\n<meta property=\"og:site_name\" content=\"PP-Perfomance Shop\" \/>\n<meta property=\"article:modified_time\" content=\"2024-10-23T10:41:45+00:00\" \/>\n<meta property=\"og:image\" content=\"https:\/\/pp-performance.de\/shop\/wp-content\/uploads\/2022\/09\/ReifenKunststoff-Plege.png\" \/>\n\t<meta property=\"og:image:width\" content=\"920\" \/>\n\t<meta property=\"og:image:height\" content=\"920\" \/>\n\t<meta property=\"og:image:type\" content=\"image\/png\" \/>\n<meta name=\"twitter:card\" content=\"summary_large_image\" \/>\n<meta name=\"twitter:label1\" content=\"Gesch\u00e4tzte Lesezeit\" \/>\n\t<meta name=\"twitter:data1\" content=\"1\u00a0Minute\" \/>\n<script type=\"application\/ld+json\" class=\"yoast-schema-graph\">{\"@context\":\"https:\/\/schema.org\",\"@graph\":[{\"@type\":\"WebPage\",\"@id\":\"https:\/\/pp-performance.de\/shop\/product\/alpha-line-reifen-kunststoff-pflege-pp-performance\/\",\"url\":\"https:\/\/pp-performance.de\/shop\/product\/alpha-line-reifen-kunststoff-pflege-pp-performance\/\",\"name\":\"Alpha Line Reifen &amp; Kunststoff Pflege | PP-Performance Shop\",\"isPartOf\":{\"@id\":\"https:\/\/pp-performance.de\/shop\/#website\"},\"datePublished\":\"2022-09-08T15:44:08+00:00\",\"dateModified\":\"2024-10-23T10:41:45+00:00\",\"description\":\"Pflegt und frischt alle Gummi- und Kunststoffteile am Exterieur und Motorraum auf. Jetzt f\u00fcr 16,94\u20ac Versandkostenfrei shoppen! PP-Performance\",\"breadcrumb\":{\"@id\":\"https:\/\/pp-performance.de\/shop\/product\/alpha-line-reifen-kunststoff-pflege-pp-performance\/#breadcrumb\"},\"inLanguage\":\"de\",\"potentialAction\":[{\"@type\":\"ReadAction\",\"target\":[\"https:\/\/pp-performance.de\/shop\/product\/alpha-line-reifen-kunststoff-pflege-pp-performance\/\"]}]},{\"@type\":\"BreadcrumbList\",\"@id\":\"https:\/\/pp-performance.de\/shop\/product\/alpha-line-reifen-kunststoff-pflege-pp-performance\/#breadcrumb\",\"itemListElement\":[{\"@type\":\"ListItem\",\"position\":1,\"name\":\"Startseite\",\"item\":\"https:\/\/pp-performance.de\/shop\/\"},{\"@type\":\"ListItem\",\"position\":2,\"name\":\"Shop\",\"item\":\"https:\/\/pp-performance.de\/shop\/shop\/\"},{\"@type\":\"ListItem\",\"position\":3,\"name\":\"Alpha Line Reifen &amp; Kunststoff Pflege\"}]},{\"@type\":\"WebSite\",\"@id\":\"https:\/\/pp-performance.de\/shop\/#website\",\"url\":\"https:\/\/pp-performance.de\/shop\/\",\"name\":\"PP-Perfomance Shop\",\"description\":\"\",\"potentialAction\":[{\"@type\":\"SearchAction\",\"target\":{\"@type\":\"EntryPoint\",\"urlTemplate\":\"https:\/\/pp-performance.de\/shop\/?s={search_term_string}\"},\"query-input\":\"required name=search_term_string\"}],\"inLanguage\":\"de\"}]}<\/script>\n<!-- \/ Yoast SEO plugin. -->","yoast_head_json":{"title":"Alpha Line Reifen &amp; Kunststoff Pflege | PP-Performance Shop","description":"Pflegt und frischt alle Gummi- und Kunststoffteile am Exterieur und Motorraum auf. Jetzt f\u00fcr 16,94\u20ac Versandkostenfrei shoppen! PP-Performance","robots":{"index":"index","follow":"follow","max-snippet":"max-snippet:-1","max-image-preview":"max-image-preview:large","max-video-preview":"max-video-preview:-1"},"canonical":"https:\/\/pp-performance.de\/shop\/product\/alpha-line-reifen-kunststoff-pflege-pp-performance\/","og_locale":"de_DE","og_type":"article","og_title":"Alpha Line Reifen &amp; Kunststoff Pflege | PP-Performance Shop","og_description":"Pflegt und frischt alle Gummi- und Kunststoffteile am Exterieur und Motorraum auf. Jetzt f\u00fcr 16,94\u20ac Versandkostenfrei shoppen! PP-Performance","og_url":"https:\/\/pp-performance.de\/shop\/product\/alpha-line-reifen-kunststoff-pflege-pp-performance\/","og_site_name":"PP-Perfomance Shop","article_modified_time":"2024-10-23T10:41:45+00:00","og_image":[{"width":920,"height":920,"url":"https:\/\/pp-performance.de\/shop\/wp-content\/uploads\/2022\/09\/ReifenKunststoff-Plege.png","type":"image\/png"}],"twitter_card":"summary_large_image","twitter_misc":{"Gesch\u00e4tzte Lesezeit":"1\u00a0Minute"},"schema":{"@context":"https:\/\/schema.org","@graph":[{"@type":"WebPage","@id":"https:\/\/pp-performance.de\/shop\/product\/alpha-line-reifen-kunststoff-pflege-pp-performance\/","url":"https:\/\/pp-performance.de\/shop\/product\/alpha-line-reifen-kunststoff-pflege-pp-performance\/","name":"Alpha Line Reifen &amp; Kunststoff Pflege | PP-Performance Shop","isPartOf":{"@id":"https:\/\/pp-performance.de\/shop\/#website"},"datePublished":"2022-09-08T15:44:08+00:00","dateModified":"2024-10-23T10:41:45+00:00","description":"Pflegt und frischt alle Gummi- und Kunststoffteile am Exterieur und Motorraum auf. Jetzt f\u00fcr 16,94\u20ac Versandkostenfrei shoppen! PP-Performance","breadcrumb":{"@id":"https:\/\/pp-performance.de\/shop\/product\/alpha-line-reifen-kunststoff-pflege-pp-performance\/#breadcrumb"},"inLanguage":"de","potentialAction":[{"@type":"ReadAction","target":["https:\/\/pp-performance.de\/shop\/product\/alpha-line-reifen-kunststoff-pflege-pp-performance\/"]}]},{"@type":"BreadcrumbList","@id":"https:\/\/pp-performance.de\/shop\/product\/alpha-line-reifen-kunststoff-pflege-pp-performance\/#breadcrumb","itemListElement":[{"@type":"ListItem","position":1,"name":"Startseite","item":"https:\/\/pp-performance.de\/shop\/"},{"@type":"ListItem","position":2,"name":"Shop","item":"https:\/\/pp-performance.de\/shop\/shop\/"},{"@type":"ListItem","position":3,"name":"Alpha Line Reifen &amp; Kunststoff Pflege"}]},{"@type":"WebSite","@id":"https:\/\/pp-performance.de\/shop\/#website","url":"https:\/\/pp-performance.de\/shop\/","name":"PP-Perfomance Shop","description":"","potentialAction":[{"@type":"SearchAction","target":{"@type":"EntryPoint","urlTemplate":"https:\/\/pp-performance.de\/shop\/?s={search_term_string}"},"query-input":"required name=search_term_string"}],"inLanguage":"de"}]}},"_links":{"self":[{"href":"https:\/\/pp-performance.de\/shop\/wp-json\/wp\/v2\/product\/23174"}],"collection":[{"href":"https:\/\/pp-performance.de\/shop\/wp-json\/wp\/v2\/product"}],"about":[{"href":"https:\/\/pp-performance.de\/shop\/wp-json\/wp\/v2\/types\/product"}],"wp:featuredmedia":[{"embeddable":true,"href":"https:\/\/pp-performance.de\/shop\/wp-json\/wp\/v2\/media\/23176"}],"wp:attachment":[{"href":"https:\/\/pp-performance.de\/shop\/wp-json\/wp\/v2\/media?parent=23174"}],"wp:term":[{"taxonomy":"product_cat","embeddable":true,"href":"https:\/\/pp-performance.de\/shop\/wp-json\/wp\/v2\/product_cat?post=23174"},{"taxonomy":"product_tag","embeddable":true,"href":"https:\/\/pp-performance.de\/shop\/wp-json\/wp\/v2\/product_tag?post=23174"}],"curies":[{"name":"wp","href":"https:\/\/api.w.org\/{rel}","templated":true}]}}