{"id":23179,"date":"2022-09-08T17:53:12","date_gmt":"2022-09-08T15:53:12","guid":{"rendered":"https:\/\/pp-performance.de\/shop\/?post_type=product&#038;p=23179"},"modified":"2022-09-10T08:08:39","modified_gmt":"2022-09-10T06:08:39","slug":"alpha-line-spray-wax-pp-performance","status":"publish","type":"product","link":"https:\/\/pp-performance.de\/shop\/product\/alpha-line-spray-wax-pp-performance\/","title":{"rendered":"Alpha Line Spray Wax"},"content":{"rendered":"<p style=\"font-weight: 400;\"><strong>ALPHA LINE SPRAY WAX<\/strong><\/p>\n<p style=\"font-weight: 400;\">Spr\u00fchwachs mit nat\u00fcrlichem Carnauba Wachs f\u00fcr die alleinige Lackpflege oder als Auffrischung einer bestehenden Wachsschicht.<\/p>\n<p style=\"font-weight: 400;\">Versiegelt und konserviert Lack, Chrom und unlackierte Kunststoffe und sch\u00fctzt diese vor UV-Einstrahlung. Verleiht neuen brillanten Tiefenglanz und gibt einen langanhaltenden Abperleffekt!<\/p>\n<p style=\"font-weight: 400;\">Einfach und schnell in der Verarbeitung. Einfach aufspr\u00fchen, verteilen und anschliessend auspolieren. Das Alpha Line Spray Wax kann auch direkt auf das gewaschene, noch nasse Fahrzeug aufgetragen werden.<\/p>\n<p style=\"font-weight: 400;\"><strong>EMPFOHLEN F\u00dcR: <\/strong><\/p>\n<p style=\"font-weight: 400;\">&#8211; Alle Arten von Glanzlack<\/p>\n<p style=\"font-weight: 400;\">&#8211; Glanzfolie<\/p>\n<p style=\"font-weight: 400;\"><strong>DUFT: <\/strong><\/p>\n<p style=\"font-weight: 400;\">White Cotton<\/p>\n<p style=\"font-weight: 400;\"><strong>ANWENDUNGSHINWEISE:<\/strong><\/p>\n<p style=\"font-weight: 400;\">Fahrzeug sauber reinigen.<\/p>\n<p style=\"font-weight: 400;\">Das Wachs kann direkt auf das gewaschene noch nasse Fahrzeug aufgetragen werden.<\/p>\n<p style=\"font-weight: 400;\">Alphaline Spray Wax sparsam auf Teilfl\u00e4chen aufspr\u00fchen (z.B. ca. 4 Spr\u00fchst\u00f6sse f\u00fcr die Motorhaube).<\/p>\n<p style=\"font-weight: 400;\">Anschliessend mit einem weichen Microfasertuch verteilen und auspolieren und dann die n\u00e4chste Teilfl\u00e4che bearbeiten.<\/p>\n<p style=\"font-weight: 400;\"><strong>Tipp:<\/strong> Wird das Wachs auf ein nasses Fahrzeug aufgetragen, arbeiten Sie mit 2 Microfasert\u00fcchern: Eines f\u00fcr das Verteilen und eines f\u00fcr das Auspolieren, um ein optimales Ergebnis zu erzielen.<\/p>\n<p style=\"font-weight: 400;\">Lagertemperatur: +5 bis +40\u00b0C<\/p>\n<p style=\"font-weight: 400;\">Youtube Link: <a href=\"https:\/\/www.youtube.com\/watch?v=PIdVRIiL55U\">https:\/\/www.youtube.com\/watch?v=PIdVRIiL55U<\/a><\/p>\n<p style=\"font-weight: 400;\">\n","protected":false},"excerpt":{"rendered":"<p style=\"font-weight: 400;\">Spr\u00fchwachs mit nat\u00fcrlichem Carnauba Wachs f\u00fcr die alleinige Lackpflege oder als Auffrischung einer bestehenden Wachsschicht.<\/p>\n<p style=\"font-weight: 400;\">Versiegelt und konserviert Lack, Chrom und unlackierte Kunststoffe und sch\u00fctzt diese vor UV-Einstrahlung. Verleiht neuen brillanten Tiefenglanz und gibt einen langanhaltenden Abperleffekt!<\/p>\n","protected":false},"featured_media":23182,"template":"","meta":[],"product_cat":[253,15],"product_tag":[],"yoast_head":"<!-- This site is optimized with the Yoast SEO plugin v20.9 - https:\/\/yoast.com\/wordpress\/plugins\/seo\/ -->\n<title>Alpha Line Spray Wax | PP-Performance Shop<\/title>\n<meta name=\"description\" content=\"Versiegelt &amp; konserviert Lack, Chrom &amp; Kunststoffe. Sch\u00fctzt vor UV-Einstrahlung. Jetzt f\u00fcr 17,94\u20ac Versandkostenfrei shoppen! PP-Performance\" \/>\n<meta name=\"robots\" content=\"index, follow, max-snippet:-1, max-image-preview:large, max-video-preview:-1\" \/>\n<link rel=\"canonical\" href=\"https:\/\/pp-performance.de\/shop\/product\/alpha-line-spray-wax-pp-performance\/\" \/>\n<meta property=\"og:locale\" content=\"de_DE\" \/>\n<meta property=\"og:type\" content=\"article\" \/>\n<meta property=\"og:title\" content=\"Alpha Line Spray Wax | PP-Performance Shop\" \/>\n<meta property=\"og:description\" content=\"Versiegelt &amp; konserviert Lack, Chrom &amp; Kunststoffe. Sch\u00fctzt vor UV-Einstrahlung. Jetzt f\u00fcr 17,94\u20ac Versandkostenfrei shoppen! PP-Performance\" \/>\n<meta property=\"og:url\" content=\"https:\/\/pp-performance.de\/shop\/product\/alpha-line-spray-wax-pp-performance\/\" \/>\n<meta property=\"og:site_name\" content=\"PP-Perfomance Shop\" \/>\n<meta property=\"article:modified_time\" content=\"2022-09-10T06:08:39+00:00\" \/>\n<meta property=\"og:image\" content=\"https:\/\/pp-performance.de\/shop\/wp-content\/uploads\/2022\/09\/Spray_Wax.png\" \/>\n\t<meta property=\"og:image:width\" content=\"920\" \/>\n\t<meta property=\"og:image:height\" content=\"920\" \/>\n\t<meta property=\"og:image:type\" content=\"image\/png\" \/>\n<meta name=\"twitter:card\" content=\"summary_large_image\" \/>\n<meta name=\"twitter:label1\" content=\"Gesch\u00e4tzte Lesezeit\" \/>\n\t<meta name=\"twitter:data1\" content=\"1\u00a0Minute\" \/>\n<script type=\"application\/ld+json\" class=\"yoast-schema-graph\">{\"@context\":\"https:\/\/schema.org\",\"@graph\":[{\"@type\":\"WebPage\",\"@id\":\"https:\/\/pp-performance.de\/shop\/product\/alpha-line-spray-wax-pp-performance\/\",\"url\":\"https:\/\/pp-performance.de\/shop\/product\/alpha-line-spray-wax-pp-performance\/\",\"name\":\"Alpha Line Spray Wax | PP-Performance Shop\",\"isPartOf\":{\"@id\":\"https:\/\/pp-performance.de\/shop\/#website\"},\"datePublished\":\"2022-09-08T15:53:12+00:00\",\"dateModified\":\"2022-09-10T06:08:39+00:00\",\"description\":\"Versiegelt & konserviert Lack, Chrom & Kunststoffe. Sch\u00fctzt vor UV-Einstrahlung. Jetzt f\u00fcr 17,94\u20ac Versandkostenfrei shoppen! PP-Performance\",\"breadcrumb\":{\"@id\":\"https:\/\/pp-performance.de\/shop\/product\/alpha-line-spray-wax-pp-performance\/#breadcrumb\"},\"inLanguage\":\"de\",\"potentialAction\":[{\"@type\":\"ReadAction\",\"target\":[\"https:\/\/pp-performance.de\/shop\/product\/alpha-line-spray-wax-pp-performance\/\"]}]},{\"@type\":\"BreadcrumbList\",\"@id\":\"https:\/\/pp-performance.de\/shop\/product\/alpha-line-spray-wax-pp-performance\/#breadcrumb\",\"itemListElement\":[{\"@type\":\"ListItem\",\"position\":1,\"name\":\"Startseite\",\"item\":\"https:\/\/pp-performance.de\/shop\/\"},{\"@type\":\"ListItem\",\"position\":2,\"name\":\"Shop\",\"item\":\"https:\/\/pp-performance.de\/shop\/shop\/\"},{\"@type\":\"ListItem\",\"position\":3,\"name\":\"Alpha Line Spray Wax\"}]},{\"@type\":\"WebSite\",\"@id\":\"https:\/\/pp-performance.de\/shop\/#website\",\"url\":\"https:\/\/pp-performance.de\/shop\/\",\"name\":\"PP-Perfomance Shop\",\"description\":\"\",\"potentialAction\":[{\"@type\":\"SearchAction\",\"target\":{\"@type\":\"EntryPoint\",\"urlTemplate\":\"https:\/\/pp-performance.de\/shop\/?s={search_term_string}\"},\"query-input\":\"required name=search_term_string\"}],\"inLanguage\":\"de\"}]}<\/script>\n<!-- \/ Yoast SEO plugin. -->","yoast_head_json":{"title":"Alpha Line Spray Wax | PP-Performance Shop","description":"Versiegelt & konserviert Lack, Chrom & Kunststoffe. Sch\u00fctzt vor UV-Einstrahlung. Jetzt f\u00fcr 17,94\u20ac Versandkostenfrei shoppen! PP-Performance","robots":{"index":"index","follow":"follow","max-snippet":"max-snippet:-1","max-image-preview":"max-image-preview:large","max-video-preview":"max-video-preview:-1"},"canonical":"https:\/\/pp-performance.de\/shop\/product\/alpha-line-spray-wax-pp-performance\/","og_locale":"de_DE","og_type":"article","og_title":"Alpha Line Spray Wax | PP-Performance Shop","og_description":"Versiegelt & konserviert Lack, Chrom & Kunststoffe. Sch\u00fctzt vor UV-Einstrahlung. Jetzt f\u00fcr 17,94\u20ac Versandkostenfrei shoppen! PP-Performance","og_url":"https:\/\/pp-performance.de\/shop\/product\/alpha-line-spray-wax-pp-performance\/","og_site_name":"PP-Perfomance Shop","article_modified_time":"2022-09-10T06:08:39+00:00","og_image":[{"width":920,"height":920,"url":"https:\/\/pp-performance.de\/shop\/wp-content\/uploads\/2022\/09\/Spray_Wax.png","type":"image\/png"}],"twitter_card":"summary_large_image","twitter_misc":{"Gesch\u00e4tzte Lesezeit":"1\u00a0Minute"},"schema":{"@context":"https:\/\/schema.org","@graph":[{"@type":"WebPage","@id":"https:\/\/pp-performance.de\/shop\/product\/alpha-line-spray-wax-pp-performance\/","url":"https:\/\/pp-performance.de\/shop\/product\/alpha-line-spray-wax-pp-performance\/","name":"Alpha Line Spray Wax | PP-Performance Shop","isPartOf":{"@id":"https:\/\/pp-performance.de\/shop\/#website"},"datePublished":"2022-09-08T15:53:12+00:00","dateModified":"2022-09-10T06:08:39+00:00","description":"Versiegelt & konserviert Lack, Chrom & Kunststoffe. Sch\u00fctzt vor UV-Einstrahlung. Jetzt f\u00fcr 17,94\u20ac Versandkostenfrei shoppen! PP-Performance","breadcrumb":{"@id":"https:\/\/pp-performance.de\/shop\/product\/alpha-line-spray-wax-pp-performance\/#breadcrumb"},"inLanguage":"de","potentialAction":[{"@type":"ReadAction","target":["https:\/\/pp-performance.de\/shop\/product\/alpha-line-spray-wax-pp-performance\/"]}]},{"@type":"BreadcrumbList","@id":"https:\/\/pp-performance.de\/shop\/product\/alpha-line-spray-wax-pp-performance\/#breadcrumb","itemListElement":[{"@type":"ListItem","position":1,"name":"Startseite","item":"https:\/\/pp-performance.de\/shop\/"},{"@type":"ListItem","position":2,"name":"Shop","item":"https:\/\/pp-performance.de\/shop\/shop\/"},{"@type":"ListItem","position":3,"name":"Alpha Line Spray Wax"}]},{"@type":"WebSite","@id":"https:\/\/pp-performance.de\/shop\/#website","url":"https:\/\/pp-performance.de\/shop\/","name":"PP-Perfomance Shop","description":"","potentialAction":[{"@type":"SearchAction","target":{"@type":"EntryPoint","urlTemplate":"https:\/\/pp-performance.de\/shop\/?s={search_term_string}"},"query-input":"required name=search_term_string"}],"inLanguage":"de"}]}},"_links":{"self":[{"href":"https:\/\/pp-performance.de\/shop\/wp-json\/wp\/v2\/product\/23179"}],"collection":[{"href":"https:\/\/pp-performance.de\/shop\/wp-json\/wp\/v2\/product"}],"about":[{"href":"https:\/\/pp-performance.de\/shop\/wp-json\/wp\/v2\/types\/product"}],"wp:featuredmedia":[{"embeddable":true,"href":"https:\/\/pp-performance.de\/shop\/wp-json\/wp\/v2\/media\/23182"}],"wp:attachment":[{"href":"https:\/\/pp-performance.de\/shop\/wp-json\/wp\/v2\/media?parent=23179"}],"wp:term":[{"taxonomy":"product_cat","embeddable":true,"href":"https:\/\/pp-performance.de\/shop\/wp-json\/wp\/v2\/product_cat?post=23179"},{"taxonomy":"product_tag","embeddable":true,"href":"https:\/\/pp-performance.de\/shop\/wp-json\/wp\/v2\/product_tag?post=23179"}],"curies":[{"name":"wp","href":"https:\/\/api.w.org\/{rel}","templated":true}]}}