{"id":23183,"date":"2022-09-08T18:02:10","date_gmt":"2022-09-08T16:02:10","guid":{"rendered":"https:\/\/pp-performance.de\/shop\/?post_type=product&#038;p=23183"},"modified":"2025-01-26T19:03:48","modified_gmt":"2025-01-26T18:03:48","slug":"alpha-line-ultimate-car-care-set","status":"publish","type":"product","link":"https:\/\/pp-performance.de\/shop\/product\/alpha-line-ultimate-car-care-set\/","title":{"rendered":"Alpha Line Ultimate Car Care Set"},"content":{"rendered":"<p style=\"font-weight: 400;\"><strong>ALPHA LINE Ultimate Car Care Set<\/strong><\/p>\n<p style=\"font-weight: 400;\"><strong>Die 1 for all L\u00f6sung f\u00fcr Deine Autopflege. Alles was Du f\u00fcr eine erfolgreiche Reinigung und Pflege brauchst!<\/strong><\/p>\n<p style=\"font-weight: 400;\"><strong>EIN GRIFF \u2013 ALLES DABEI.<\/strong><\/p>\n<p style=\"font-weight: 400;\">Das ALPHA LINE CAR CARE SET wurde als Erg\u00e4nzung zur Autoreinigung an der Waschbox oder Waschstrasse entwickelt.<\/p>\n<p style=\"font-weight: 400;\">Es hilft Dir Dein Reinigungs-Ergebnis deutlich zu verbessern und die Pflege deines Autos zu intensivieren. Geringer Aufwand \u2013 Tolles Ergebnis!<\/p>\n<p style=\"font-weight: 400;\"><strong>Inhalt:<\/strong><\/p>\n<ul>\n<li>1x Insektenentferner 500ml<\/li>\n<li>1x Felgenreiniger 500ml<\/li>\n<li>1x Reifen &amp; Kunststoffpflege 500ml<\/li>\n<li>1x Spray Wax 500ml<\/li>\n<li>1x Mikrofasertuch Wheel<\/li>\n<li>1x Mikrofasertuch Insect<\/li>\n<li>1x Mikrofasertuch Soft<\/li>\n<li>1x Mikrofasertuch Finish<\/li>\n<li>1x Applikator Pad<\/li>\n<li>Hochwertige Planen Tasche<\/li>\n<\/ul>\n<p style=\"font-weight: 400;\">Lagertemperatur: +5 bis +40\u00b0C<\/p>\n<p style=\"font-weight: 400;\">Youtube Link: <a href=\"https:\/\/www.youtube.com\/watch?v=WiUdlcPGnuM\">https:\/\/www.youtube.com\/watch?v=WiUdlcPGnuM<\/a><\/p>\n<p style=\"font-weight: 400;\">Youtube Link: <a href=\"https:\/\/www.youtube.com\/watch?v=1rCsmgJ-p70&amp;t=11s\">https:\/\/www.youtube.com\/watch?v=1rCsmgJ-p70&amp;t=11s<\/a><\/p>\n<p style=\"font-weight: 400;\">\n","protected":false},"excerpt":{"rendered":"<p style=\"font-weight: 400;\"><strong>EIN GRIFF \u2013 ALLES DABEI.<\/strong><\/p>\n<p style=\"font-weight: 400;\">Das ALPHA LINE CAR CARE SET wurde als Erg\u00e4nzung zur Autoreinigung an der Waschbox oder Waschstrasse entwickelt.<\/p>\n<p style=\"font-weight: 400;\">Es hilft Dir Dein Reinigungs-Ergebnis deutlich zu verbessern und die Pflege deines Autos zu intensivieren. Geringer Aufwand \u2013 Tolles Ergebnis!<\/p>\n","protected":false},"featured_media":23186,"template":"","meta":[],"product_cat":[253,15],"product_tag":[],"yoast_head":"<!-- This site is optimized with the Yoast SEO plugin v20.9 - https:\/\/yoast.com\/wordpress\/plugins\/seo\/ -->\n<title>Alpha Line Ultimate Car Care Set | PP-Performance Shop<\/title>\n<meta name=\"description\" content=\"Alles was Du f\u00fcr eine erfolgreiche Reinigung und Pflege brauchst!Jetzt f\u00fcr 91,94\u20ac Versandkostenfrei shoppen! PP-Performance\" \/>\n<meta name=\"robots\" content=\"index, follow, max-snippet:-1, max-image-preview:large, max-video-preview:-1\" \/>\n<link rel=\"canonical\" href=\"https:\/\/pp-performance.de\/shop\/product\/alpha-line-ultimate-car-care-set\/\" \/>\n<meta property=\"og:locale\" content=\"de_DE\" \/>\n<meta property=\"og:type\" content=\"article\" \/>\n<meta property=\"og:title\" content=\"Alpha Line Ultimate Car Care Set | PP-Performance Shop\" \/>\n<meta property=\"og:description\" content=\"Alles was Du f\u00fcr eine erfolgreiche Reinigung und Pflege brauchst!Jetzt f\u00fcr 91,94\u20ac Versandkostenfrei shoppen! PP-Performance\" \/>\n<meta property=\"og:url\" content=\"https:\/\/pp-performance.de\/shop\/product\/alpha-line-ultimate-car-care-set\/\" \/>\n<meta property=\"og:site_name\" content=\"PP-Perfomance Shop\" \/>\n<meta property=\"article:modified_time\" content=\"2025-01-26T18:03:48+00:00\" \/>\n<meta property=\"og:image\" content=\"https:\/\/pp-performance.de\/shop\/wp-content\/uploads\/2022\/09\/Alphaline_CarCare-Set-Bild1_.png\" \/>\n\t<meta property=\"og:image:width\" content=\"920\" \/>\n\t<meta property=\"og:image:height\" content=\"920\" \/>\n\t<meta property=\"og:image:type\" content=\"image\/png\" \/>\n<meta name=\"twitter:card\" content=\"summary_large_image\" \/>\n<meta name=\"twitter:label1\" content=\"Gesch\u00e4tzte Lesezeit\" \/>\n\t<meta name=\"twitter:data1\" content=\"1\u00a0Minute\" \/>\n<script type=\"application\/ld+json\" class=\"yoast-schema-graph\">{\"@context\":\"https:\/\/schema.org\",\"@graph\":[{\"@type\":\"WebPage\",\"@id\":\"https:\/\/pp-performance.de\/shop\/product\/alpha-line-ultimate-car-care-set\/\",\"url\":\"https:\/\/pp-performance.de\/shop\/product\/alpha-line-ultimate-car-care-set\/\",\"name\":\"Alpha Line Ultimate Car Care Set | PP-Performance Shop\",\"isPartOf\":{\"@id\":\"https:\/\/pp-performance.de\/shop\/#website\"},\"datePublished\":\"2022-09-08T16:02:10+00:00\",\"dateModified\":\"2025-01-26T18:03:48+00:00\",\"description\":\"Alles was Du f\u00fcr eine erfolgreiche Reinigung und Pflege brauchst!Jetzt f\u00fcr 91,94\u20ac Versandkostenfrei shoppen! PP-Performance\",\"breadcrumb\":{\"@id\":\"https:\/\/pp-performance.de\/shop\/product\/alpha-line-ultimate-car-care-set\/#breadcrumb\"},\"inLanguage\":\"de\",\"potentialAction\":[{\"@type\":\"ReadAction\",\"target\":[\"https:\/\/pp-performance.de\/shop\/product\/alpha-line-ultimate-car-care-set\/\"]}]},{\"@type\":\"BreadcrumbList\",\"@id\":\"https:\/\/pp-performance.de\/shop\/product\/alpha-line-ultimate-car-care-set\/#breadcrumb\",\"itemListElement\":[{\"@type\":\"ListItem\",\"position\":1,\"name\":\"Startseite\",\"item\":\"https:\/\/pp-performance.de\/shop\/\"},{\"@type\":\"ListItem\",\"position\":2,\"name\":\"Shop\",\"item\":\"https:\/\/pp-performance.de\/shop\/shop\/\"},{\"@type\":\"ListItem\",\"position\":3,\"name\":\"Alpha Line Ultimate Car Care Set\"}]},{\"@type\":\"WebSite\",\"@id\":\"https:\/\/pp-performance.de\/shop\/#website\",\"url\":\"https:\/\/pp-performance.de\/shop\/\",\"name\":\"PP-Perfomance Shop\",\"description\":\"\",\"potentialAction\":[{\"@type\":\"SearchAction\",\"target\":{\"@type\":\"EntryPoint\",\"urlTemplate\":\"https:\/\/pp-performance.de\/shop\/?s={search_term_string}\"},\"query-input\":\"required name=search_term_string\"}],\"inLanguage\":\"de\"}]}<\/script>\n<!-- \/ Yoast SEO plugin. -->","yoast_head_json":{"title":"Alpha Line Ultimate Car Care Set | PP-Performance Shop","description":"Alles was Du f\u00fcr eine erfolgreiche Reinigung und Pflege brauchst!Jetzt f\u00fcr 91,94\u20ac Versandkostenfrei shoppen! PP-Performance","robots":{"index":"index","follow":"follow","max-snippet":"max-snippet:-1","max-image-preview":"max-image-preview:large","max-video-preview":"max-video-preview:-1"},"canonical":"https:\/\/pp-performance.de\/shop\/product\/alpha-line-ultimate-car-care-set\/","og_locale":"de_DE","og_type":"article","og_title":"Alpha Line Ultimate Car Care Set | PP-Performance Shop","og_description":"Alles was Du f\u00fcr eine erfolgreiche Reinigung und Pflege brauchst!Jetzt f\u00fcr 91,94\u20ac Versandkostenfrei shoppen! PP-Performance","og_url":"https:\/\/pp-performance.de\/shop\/product\/alpha-line-ultimate-car-care-set\/","og_site_name":"PP-Perfomance Shop","article_modified_time":"2025-01-26T18:03:48+00:00","og_image":[{"width":920,"height":920,"url":"https:\/\/pp-performance.de\/shop\/wp-content\/uploads\/2022\/09\/Alphaline_CarCare-Set-Bild1_.png","type":"image\/png"}],"twitter_card":"summary_large_image","twitter_misc":{"Gesch\u00e4tzte Lesezeit":"1\u00a0Minute"},"schema":{"@context":"https:\/\/schema.org","@graph":[{"@type":"WebPage","@id":"https:\/\/pp-performance.de\/shop\/product\/alpha-line-ultimate-car-care-set\/","url":"https:\/\/pp-performance.de\/shop\/product\/alpha-line-ultimate-car-care-set\/","name":"Alpha Line Ultimate Car Care Set | PP-Performance Shop","isPartOf":{"@id":"https:\/\/pp-performance.de\/shop\/#website"},"datePublished":"2022-09-08T16:02:10+00:00","dateModified":"2025-01-26T18:03:48+00:00","description":"Alles was Du f\u00fcr eine erfolgreiche Reinigung und Pflege brauchst!Jetzt f\u00fcr 91,94\u20ac Versandkostenfrei shoppen! PP-Performance","breadcrumb":{"@id":"https:\/\/pp-performance.de\/shop\/product\/alpha-line-ultimate-car-care-set\/#breadcrumb"},"inLanguage":"de","potentialAction":[{"@type":"ReadAction","target":["https:\/\/pp-performance.de\/shop\/product\/alpha-line-ultimate-car-care-set\/"]}]},{"@type":"BreadcrumbList","@id":"https:\/\/pp-performance.de\/shop\/product\/alpha-line-ultimate-car-care-set\/#breadcrumb","itemListElement":[{"@type":"ListItem","position":1,"name":"Startseite","item":"https:\/\/pp-performance.de\/shop\/"},{"@type":"ListItem","position":2,"name":"Shop","item":"https:\/\/pp-performance.de\/shop\/shop\/"},{"@type":"ListItem","position":3,"name":"Alpha Line Ultimate Car Care Set"}]},{"@type":"WebSite","@id":"https:\/\/pp-performance.de\/shop\/#website","url":"https:\/\/pp-performance.de\/shop\/","name":"PP-Perfomance Shop","description":"","potentialAction":[{"@type":"SearchAction","target":{"@type":"EntryPoint","urlTemplate":"https:\/\/pp-performance.de\/shop\/?s={search_term_string}"},"query-input":"required name=search_term_string"}],"inLanguage":"de"}]}},"_links":{"self":[{"href":"https:\/\/pp-performance.de\/shop\/wp-json\/wp\/v2\/product\/23183"}],"collection":[{"href":"https:\/\/pp-performance.de\/shop\/wp-json\/wp\/v2\/product"}],"about":[{"href":"https:\/\/pp-performance.de\/shop\/wp-json\/wp\/v2\/types\/product"}],"wp:featuredmedia":[{"embeddable":true,"href":"https:\/\/pp-performance.de\/shop\/wp-json\/wp\/v2\/media\/23186"}],"wp:attachment":[{"href":"https:\/\/pp-performance.de\/shop\/wp-json\/wp\/v2\/media?parent=23183"}],"wp:term":[{"taxonomy":"product_cat","embeddable":true,"href":"https:\/\/pp-performance.de\/shop\/wp-json\/wp\/v2\/product_cat?post=23183"},{"taxonomy":"product_tag","embeddable":true,"href":"https:\/\/pp-performance.de\/shop\/wp-json\/wp\/v2\/product_tag?post=23183"}],"curies":[{"name":"wp","href":"https:\/\/api.w.org\/{rel}","templated":true}]}}