{"id":23436,"date":"2022-11-04T10:41:29","date_gmt":"2022-11-04T09:41:29","guid":{"rendered":"https:\/\/pp-performance.de\/shop\/?post_type=product&#038;p=23436"},"modified":"2023-03-13T10:08:44","modified_gmt":"2023-03-13T09:08:44","slug":"ansmann-stiftleuchte-taschenlampe-ppperformance","status":"publish","type":"product","link":"https:\/\/pp-performance.de\/shop\/product\/ansmann-stiftleuchte-taschenlampe-ppperformance\/","title":{"rendered":"Stiftleuchte Future T120"},"content":{"rendered":"<h3>Vielseitig und griffig<\/h3>\n<p>Die professionelle Stiftleuchte FUTURE T120 von ANSMANN besticht durch ihre optimalen Geh\u00e4useproportionen und griffige Oberfl\u00e4che aus hochwertigem Aluminium. Durch die Verwendung eines gro\u00dfen Ein- und Aus-Schalters in der Endkappe ist die Lampe ideal f\u00fcr den Einhandbetrieb geeignet, auch mit Handschuhen.<\/p>\n<h3>Wasserdicht und robust<\/h3>\n<p>Das Geh\u00e4use der Stiftleuchte FUTURE T120 ist robust und hochwertig verarbeitet und sogar gegen den Eintritt von Staub und Spritzwasser gesch\u00fctzt (IP54).<\/p>\n<h3>Hocheffizientes Reflektorsystem<\/h3>\n<p>Dank des hocheffizienten Reflektorsystems wird eine Lichtausbeute von bis zu 130 Lumen und eine Leuchtweite von bis zu 75 Metern erreicht. Eine lange Leuchtdauer von 4 Stunden runden die herausragenden Lampeneigenschaften der Stiftleuchte FUTURE T120 ab.<\/p>\n<h3>Verbraucherhinweis<\/h3>\n<p>Diese Lampe ist f\u00fcr mobile Zwecke vorgesehen, die enthaltene LED-Lampe ist nicht f\u00fcr die Raumbeleuchtung im Haushalt geeignet.<\/p>\n<p style=\"font-weight: 400;\">\n","protected":false},"excerpt":{"rendered":"<p>Professionelle Aluminium-Stiftleuchte mit hocheffizientem Reflektorsystem, inkl. 2\u00d7 ANSMANN Alkaline Micro AAA Batterien und abnehmbarem Clip<\/p>\n","protected":false},"featured_media":23450,"template":"","meta":[],"product_cat":[255,254,15],"product_tag":[],"yoast_head":"<!-- This site is optimized with the Yoast SEO plugin v20.9 - https:\/\/yoast.com\/wordpress\/plugins\/seo\/ -->\n<title>Stiftleuchte Future T120 | PP-Performance Shop<\/title>\n<meta name=\"description\" content=\"Die ANSMANN Future T120 bis zu 4h Leuchtdauer &amp; bis zu 75m Leuchtweite. 130lm! Jetzt bei uns f\u00fcr nur 29,99\u20ac shoppen!\" \/>\n<meta name=\"robots\" content=\"index, follow, max-snippet:-1, max-image-preview:large, max-video-preview:-1\" \/>\n<link rel=\"canonical\" href=\"https:\/\/pp-performance.de\/shop\/product\/ansmann-stiftleuchte-taschenlampe-ppperformance\/\" \/>\n<meta property=\"og:locale\" content=\"de_DE\" \/>\n<meta property=\"og:type\" content=\"article\" \/>\n<meta property=\"og:title\" content=\"Stiftleuchte Future T120 | PP-Performance Shop\" \/>\n<meta property=\"og:description\" content=\"Die ANSMANN Future T120 bis zu 4h Leuchtdauer &amp; bis zu 75m Leuchtweite. 130lm! Jetzt bei uns f\u00fcr nur 29,99\u20ac shoppen!\" \/>\n<meta property=\"og:url\" content=\"https:\/\/pp-performance.de\/shop\/product\/ansmann-stiftleuchte-taschenlampe-ppperformance\/\" \/>\n<meta property=\"og:site_name\" content=\"PP-Perfomance Shop\" \/>\n<meta property=\"article:modified_time\" content=\"2023-03-13T09:08:44+00:00\" \/>\n<meta property=\"og:image\" content=\"https:\/\/pp-performance.de\/shop\/wp-content\/uploads\/2022\/11\/1600-0160_Profi_Penlight_T120_bu_03.jpg\" \/>\n\t<meta property=\"og:image:width\" content=\"1000\" \/>\n\t<meta property=\"og:image:height\" content=\"1000\" \/>\n\t<meta property=\"og:image:type\" content=\"image\/jpeg\" \/>\n<meta name=\"twitter:card\" content=\"summary_large_image\" \/>\n<meta name=\"twitter:label1\" content=\"Gesch\u00e4tzte Lesezeit\" \/>\n\t<meta name=\"twitter:data1\" content=\"1\u00a0Minute\" \/>\n<script type=\"application\/ld+json\" class=\"yoast-schema-graph\">{\"@context\":\"https:\/\/schema.org\",\"@graph\":[{\"@type\":\"WebPage\",\"@id\":\"https:\/\/pp-performance.de\/shop\/product\/ansmann-stiftleuchte-taschenlampe-ppperformance\/\",\"url\":\"https:\/\/pp-performance.de\/shop\/product\/ansmann-stiftleuchte-taschenlampe-ppperformance\/\",\"name\":\"Stiftleuchte Future T120 | PP-Performance Shop\",\"isPartOf\":{\"@id\":\"https:\/\/pp-performance.de\/shop\/#website\"},\"datePublished\":\"2022-11-04T09:41:29+00:00\",\"dateModified\":\"2023-03-13T09:08:44+00:00\",\"description\":\"Die ANSMANN Future T120 bis zu 4h Leuchtdauer & bis zu 75m Leuchtweite. 130lm! Jetzt bei uns f\u00fcr nur 29,99\u20ac shoppen!\",\"breadcrumb\":{\"@id\":\"https:\/\/pp-performance.de\/shop\/product\/ansmann-stiftleuchte-taschenlampe-ppperformance\/#breadcrumb\"},\"inLanguage\":\"de\",\"potentialAction\":[{\"@type\":\"ReadAction\",\"target\":[\"https:\/\/pp-performance.de\/shop\/product\/ansmann-stiftleuchte-taschenlampe-ppperformance\/\"]}]},{\"@type\":\"BreadcrumbList\",\"@id\":\"https:\/\/pp-performance.de\/shop\/product\/ansmann-stiftleuchte-taschenlampe-ppperformance\/#breadcrumb\",\"itemListElement\":[{\"@type\":\"ListItem\",\"position\":1,\"name\":\"Startseite\",\"item\":\"https:\/\/pp-performance.de\/shop\/\"},{\"@type\":\"ListItem\",\"position\":2,\"name\":\"Shop\",\"item\":\"https:\/\/pp-performance.de\/shop\/shop\/\"},{\"@type\":\"ListItem\",\"position\":3,\"name\":\"Stiftleuchte Future T120\"}]},{\"@type\":\"WebSite\",\"@id\":\"https:\/\/pp-performance.de\/shop\/#website\",\"url\":\"https:\/\/pp-performance.de\/shop\/\",\"name\":\"PP-Perfomance Shop\",\"description\":\"\",\"potentialAction\":[{\"@type\":\"SearchAction\",\"target\":{\"@type\":\"EntryPoint\",\"urlTemplate\":\"https:\/\/pp-performance.de\/shop\/?s={search_term_string}\"},\"query-input\":\"required name=search_term_string\"}],\"inLanguage\":\"de\"}]}<\/script>\n<!-- \/ Yoast SEO plugin. -->","yoast_head_json":{"title":"Stiftleuchte Future T120 | PP-Performance Shop","description":"Die ANSMANN Future T120 bis zu 4h Leuchtdauer & bis zu 75m Leuchtweite. 130lm! Jetzt bei uns f\u00fcr nur 29,99\u20ac shoppen!","robots":{"index":"index","follow":"follow","max-snippet":"max-snippet:-1","max-image-preview":"max-image-preview:large","max-video-preview":"max-video-preview:-1"},"canonical":"https:\/\/pp-performance.de\/shop\/product\/ansmann-stiftleuchte-taschenlampe-ppperformance\/","og_locale":"de_DE","og_type":"article","og_title":"Stiftleuchte Future T120 | PP-Performance Shop","og_description":"Die ANSMANN Future T120 bis zu 4h Leuchtdauer & bis zu 75m Leuchtweite. 130lm! Jetzt bei uns f\u00fcr nur 29,99\u20ac shoppen!","og_url":"https:\/\/pp-performance.de\/shop\/product\/ansmann-stiftleuchte-taschenlampe-ppperformance\/","og_site_name":"PP-Perfomance Shop","article_modified_time":"2023-03-13T09:08:44+00:00","og_image":[{"width":1000,"height":1000,"url":"https:\/\/pp-performance.de\/shop\/wp-content\/uploads\/2022\/11\/1600-0160_Profi_Penlight_T120_bu_03.jpg","type":"image\/jpeg"}],"twitter_card":"summary_large_image","twitter_misc":{"Gesch\u00e4tzte Lesezeit":"1\u00a0Minute"},"schema":{"@context":"https:\/\/schema.org","@graph":[{"@type":"WebPage","@id":"https:\/\/pp-performance.de\/shop\/product\/ansmann-stiftleuchte-taschenlampe-ppperformance\/","url":"https:\/\/pp-performance.de\/shop\/product\/ansmann-stiftleuchte-taschenlampe-ppperformance\/","name":"Stiftleuchte Future T120 | PP-Performance Shop","isPartOf":{"@id":"https:\/\/pp-performance.de\/shop\/#website"},"datePublished":"2022-11-04T09:41:29+00:00","dateModified":"2023-03-13T09:08:44+00:00","description":"Die ANSMANN Future T120 bis zu 4h Leuchtdauer & bis zu 75m Leuchtweite. 130lm! Jetzt bei uns f\u00fcr nur 29,99\u20ac shoppen!","breadcrumb":{"@id":"https:\/\/pp-performance.de\/shop\/product\/ansmann-stiftleuchte-taschenlampe-ppperformance\/#breadcrumb"},"inLanguage":"de","potentialAction":[{"@type":"ReadAction","target":["https:\/\/pp-performance.de\/shop\/product\/ansmann-stiftleuchte-taschenlampe-ppperformance\/"]}]},{"@type":"BreadcrumbList","@id":"https:\/\/pp-performance.de\/shop\/product\/ansmann-stiftleuchte-taschenlampe-ppperformance\/#breadcrumb","itemListElement":[{"@type":"ListItem","position":1,"name":"Startseite","item":"https:\/\/pp-performance.de\/shop\/"},{"@type":"ListItem","position":2,"name":"Shop","item":"https:\/\/pp-performance.de\/shop\/shop\/"},{"@type":"ListItem","position":3,"name":"Stiftleuchte Future T120"}]},{"@type":"WebSite","@id":"https:\/\/pp-performance.de\/shop\/#website","url":"https:\/\/pp-performance.de\/shop\/","name":"PP-Perfomance Shop","description":"","potentialAction":[{"@type":"SearchAction","target":{"@type":"EntryPoint","urlTemplate":"https:\/\/pp-performance.de\/shop\/?s={search_term_string}"},"query-input":"required name=search_term_string"}],"inLanguage":"de"}]}},"_links":{"self":[{"href":"https:\/\/pp-performance.de\/shop\/wp-json\/wp\/v2\/product\/23436"}],"collection":[{"href":"https:\/\/pp-performance.de\/shop\/wp-json\/wp\/v2\/product"}],"about":[{"href":"https:\/\/pp-performance.de\/shop\/wp-json\/wp\/v2\/types\/product"}],"wp:featuredmedia":[{"embeddable":true,"href":"https:\/\/pp-performance.de\/shop\/wp-json\/wp\/v2\/media\/23450"}],"wp:attachment":[{"href":"https:\/\/pp-performance.de\/shop\/wp-json\/wp\/v2\/media?parent=23436"}],"wp:term":[{"taxonomy":"product_cat","embeddable":true,"href":"https:\/\/pp-performance.de\/shop\/wp-json\/wp\/v2\/product_cat?post=23436"},{"taxonomy":"product_tag","embeddable":true,"href":"https:\/\/pp-performance.de\/shop\/wp-json\/wp\/v2\/product_tag?post=23436"}],"curies":[{"name":"wp","href":"https:\/\/api.w.org\/{rel}","templated":true}]}}