{"id":23438,"date":"2022-11-04T11:14:54","date_gmt":"2022-11-04T10:14:54","guid":{"rendered":"https:\/\/pp-performance.de\/shop\/?post_type=product&#038;p=23438"},"modified":"2023-03-13T10:07:59","modified_gmt":"2023-03-13T09:07:59","slug":"profi-arbeitsleuchte-il700r-ppperformance","status":"publish","type":"product","link":"https:\/\/pp-performance.de\/shop\/product\/profi-arbeitsleuchte-il700r-ppperformance\/","title":{"rendered":"Profi-Arbeitsleuchte IL700R"},"content":{"rendered":"<h3>Deine Projekte, deine Leidenschaft, deine Leuchte<\/h3>\n<p>ANSMANN steht f\u00fcr Qualit\u00e4t und Zuverl\u00e4ssigkeit! Wir haben es uns zum Ziel gesetzt, hochwertige Qualit\u00e4tsprodukte f\u00fcr Profis zu entwickeln. Die IL700R ist eine professionelle Werkstattleuchte mit einem schmalen Lampen-Design. Die handliche und zuverl\u00e4ssige Leuchte integriert sich m\u00fchelos in den anspruchsvollen Alltag f\u00fcr Arbeiten an der Hebeb\u00fchne, Inspektionen, in Werkst\u00e4tten oder Industrie &#8211; vor allem an schlecht erreichbaren Stellen.<\/p>\n<h3>Leistungsstark, robust und wetterfest<\/h3>\n<p>Durch den Einsatz der COB-LED-Technologie erzeugt die Lampe ein intensives helles Licht. Die Hauptleuchte kommt dabei auf eine Helligkeit von bis zu 700\u00a0Lumen. Dank des breiten Abstrahlwinkels wird das helle Licht gleichm\u00e4\u00dfig verteilt, damit kleine Details ebenso wie gro\u00dfe Fl\u00e4chen homogen ausgeleuchtet werden. Ein zus\u00e4tzliches LED am Lampenkopf bietet ein leistungsstarkes Pr\u00e4zisionslicht, mit dem Sie garantiert nichts mehr \u00fcbersehen. Das robuste Kunststoffgeh\u00e4use mit gummierten Teilen eignet sich optimal f\u00fcr die Benutzung bei unterschiedlichsten Bedingungen.<\/p>\n<h3>Ergonomische Designkonzept durch und durch<\/h3>\n<p>Das Geh\u00e4use ist schmal und handlich geformt. Die gummierten Oberfl\u00e4che sorgt f\u00fcr den n\u00f6tigen Grip bei anspruchsvolle Arbeiten. Zwei integrierte Haltemagnete auf der R\u00fcckseite, ein Magnet im 360\u00b0 drehbaren Leuchtenfu\u00df sowie ein ausklappbarer Haken dienen der Fixierung und Ausrichtung der Leuchte an metallischen Gegenst\u00e4nden und zur einfachen Aufbewahrung am Werkstattwagen. Dadurch bleiben beide H\u00e4nde frei f\u00fcr Ihre Arbeit in der Werkstatt, auf Baustellen oder bei Montagearbeiten. Mithilfe des gro\u00dfen Tasters kann zwischen der Haupt und Zusatz-LED unterschieden werden. Mit dem zus\u00e4tzlichen Dimmrad kann das Hauptlicht zwischen ca. 60 und 700 Lumen eingestellt werden.<\/p>\n<h3>Starker Akku &#8211; aufladen und loslegen<\/h3>\n<p>Ein fest verbauter Lithium-Ionen Akku mit 3,7\u00a0V sorgt f\u00fcr lange Leuchtzeit. Die Werkstattleuchte kommt dabei auf bis zu 15\u00a0Stunden, das Zusatzlicht auf ca. 10\u00a0Stunden Leuchtdauer. Die IL700R kann mithilfe des mitgelieferten Typ-C Kabels \u00fcber alle USB Schnittstellen aufgeladen werden \u2013 und das ganz schnell und einfach innerhalb von 4\u00a0Stunden! Die integrierte LED neben der Lade-Buchse informiert Sie zuverl\u00e4ssig \u00fcber den aktuellen Ladezustand. Ob mobil oder zu Hause, mit der IL700R haben Sie immer den passenden Begleiter, der Licht ins Dunkle bringt!<\/p>\n<h3>Verbraucherhinweis<\/h3>\n<p>Diese Lampe ist f\u00fcr mobile Zwecke vorgesehen, die enthaltene LED-Lampe ist nicht f\u00fcr die Raumbeleuchtung im Haushalt geeignet.<\/p>\n<table id=\"product-attribute-specs-table\" class=\"data table additional-attributes\">\n<tbody>\n<tr>\n<th class=\"col label\" scope=\"row\">Leuchtmittel<\/th>\n<td class=\"col data\" data-th=\"Leuchtmittel\">LED<\/td>\n<\/tr>\n<tr>\n<th class=\"col label\" scope=\"row\">Leistung Leuchtmittel<\/th>\n<td class=\"col data\" data-th=\"Leistung Leuchtmittel\">7 W<\/td>\n<\/tr>\n<tr>\n<th class=\"col label\" scope=\"row\">Lichtstrom<\/th>\n<td class=\"col data\" data-th=\"Lichtstrom\">700 Lumen<\/td>\n<\/tr>\n<tr>\n<th class=\"col label\" scope=\"row\">Leuchtweite<\/th>\n<td class=\"col data\" data-th=\"Leuchtweite\">35 m<\/td>\n<\/tr>\n<tr>\n<th class=\"col label\" scope=\"row\">Leuchtdauer<\/th>\n<td class=\"col data\" data-th=\"Leuchtdauer\">15 Std.<\/td>\n<\/tr>\n<tr>\n<th class=\"col label\" scope=\"row\">Leuchtmodi<\/th>\n<td class=\"col data\" data-th=\"Leuchtmodi\">Haupt-LED: einstellbar 60-700 Lumen<\/p>\n<p>Zusatz-LED: 100% | 120 Lumen<\/td>\n<\/tr>\n<tr>\n<th class=\"col label\" scope=\"row\">Farbtemperatur<\/th>\n<td class=\"col data\" data-th=\"Farbtemperatur\">6500 k<\/td>\n<\/tr>\n<tr>\n<th class=\"col label\" scope=\"row\">Schutzart<\/th>\n<td class=\"col data\" data-th=\"Schutzart\">IP54<\/td>\n<\/tr>\n<tr>\n<th class=\"col label\" scope=\"row\">Stromversorgung<\/th>\n<td class=\"col data\" data-th=\"Stromversorgung\">Li-Ion 3.7V\/2600mAh<\/td>\n<\/tr>\n<tr>\n<th class=\"col label\" scope=\"row\">Verpackung<\/th>\n<td class=\"col data\" data-th=\"Verpackung\">Karton<\/td>\n<\/tr>\n<\/tbody>\n<\/table>\n","protected":false},"excerpt":{"rendered":"<div class=\"product-info-stock-sku\">\n<div class=\"product attribute overview\">\n<div class=\"value\">Wiederaufladbare Inspektionsleuchte f\u00fcr den professionellen Einsatz; handlich und robust<\/div>\n<\/div>\n<\/div>\n<div class=\"additional-attributes-wrapper table-wrapper\"><\/div>\n","protected":false},"featured_media":23459,"template":"","meta":[],"product_cat":[255,254,15],"product_tag":[],"yoast_head":"<!-- This site is optimized with the Yoast SEO plugin v20.9 - https:\/\/yoast.com\/wordpress\/plugins\/seo\/ -->\n<title>Profi-Arbeitsleuchte IL700R | PP-Performance Shop<\/title>\n<meta name=\"description\" content=\"Wiederaufladbare Inspektionsleuchte f\u00fcr den professionellen Einsatz. Bis zu 700 lm und 15h Leuchtdauer. Jetzt bei uns f\u00fcr 71,99\u20ac shoppen!\" \/>\n<meta name=\"robots\" content=\"index, follow, max-snippet:-1, max-image-preview:large, max-video-preview:-1\" \/>\n<link rel=\"canonical\" href=\"https:\/\/pp-performance.de\/shop\/product\/profi-arbeitsleuchte-il700r-ppperformance\/\" \/>\n<meta property=\"og:locale\" content=\"de_DE\" \/>\n<meta property=\"og:type\" content=\"article\" \/>\n<meta property=\"og:title\" content=\"Profi-Arbeitsleuchte IL700R | PP-Performance Shop\" \/>\n<meta property=\"og:description\" content=\"Wiederaufladbare Inspektionsleuchte f\u00fcr den professionellen Einsatz. Bis zu 700 lm und 15h Leuchtdauer. Jetzt bei uns f\u00fcr 71,99\u20ac shoppen!\" \/>\n<meta property=\"og:url\" content=\"https:\/\/pp-performance.de\/shop\/product\/profi-arbeitsleuchte-il700r-ppperformance\/\" \/>\n<meta property=\"og:site_name\" content=\"PP-Perfomance Shop\" \/>\n<meta property=\"article:modified_time\" content=\"2023-03-13T09:07:59+00:00\" \/>\n<meta property=\"og:image\" content=\"https:\/\/pp-performance.de\/shop\/wp-content\/uploads\/2022\/11\/1600-0422_PROFI-IL-Inspection-Light_IL700R-Slim_bu_01.jpg\" \/>\n\t<meta property=\"og:image:width\" content=\"1000\" \/>\n\t<meta property=\"og:image:height\" content=\"1000\" \/>\n\t<meta property=\"og:image:type\" content=\"image\/jpeg\" \/>\n<meta name=\"twitter:card\" content=\"summary_large_image\" \/>\n<meta name=\"twitter:label1\" content=\"Gesch\u00e4tzte Lesezeit\" \/>\n\t<meta name=\"twitter:data1\" content=\"3\u00a0Minuten\" \/>\n<script type=\"application\/ld+json\" class=\"yoast-schema-graph\">{\"@context\":\"https:\/\/schema.org\",\"@graph\":[{\"@type\":\"WebPage\",\"@id\":\"https:\/\/pp-performance.de\/shop\/product\/profi-arbeitsleuchte-il700r-ppperformance\/\",\"url\":\"https:\/\/pp-performance.de\/shop\/product\/profi-arbeitsleuchte-il700r-ppperformance\/\",\"name\":\"Profi-Arbeitsleuchte IL700R | PP-Performance Shop\",\"isPartOf\":{\"@id\":\"https:\/\/pp-performance.de\/shop\/#website\"},\"datePublished\":\"2022-11-04T10:14:54+00:00\",\"dateModified\":\"2023-03-13T09:07:59+00:00\",\"description\":\"Wiederaufladbare Inspektionsleuchte f\u00fcr den professionellen Einsatz. Bis zu 700 lm und 15h Leuchtdauer. Jetzt bei uns f\u00fcr 71,99\u20ac shoppen!\",\"breadcrumb\":{\"@id\":\"https:\/\/pp-performance.de\/shop\/product\/profi-arbeitsleuchte-il700r-ppperformance\/#breadcrumb\"},\"inLanguage\":\"de\",\"potentialAction\":[{\"@type\":\"ReadAction\",\"target\":[\"https:\/\/pp-performance.de\/shop\/product\/profi-arbeitsleuchte-il700r-ppperformance\/\"]}]},{\"@type\":\"BreadcrumbList\",\"@id\":\"https:\/\/pp-performance.de\/shop\/product\/profi-arbeitsleuchte-il700r-ppperformance\/#breadcrumb\",\"itemListElement\":[{\"@type\":\"ListItem\",\"position\":1,\"name\":\"Startseite\",\"item\":\"https:\/\/pp-performance.de\/shop\/\"},{\"@type\":\"ListItem\",\"position\":2,\"name\":\"Shop\",\"item\":\"https:\/\/pp-performance.de\/shop\/shop\/\"},{\"@type\":\"ListItem\",\"position\":3,\"name\":\"Profi-Arbeitsleuchte IL700R\"}]},{\"@type\":\"WebSite\",\"@id\":\"https:\/\/pp-performance.de\/shop\/#website\",\"url\":\"https:\/\/pp-performance.de\/shop\/\",\"name\":\"PP-Perfomance Shop\",\"description\":\"\",\"potentialAction\":[{\"@type\":\"SearchAction\",\"target\":{\"@type\":\"EntryPoint\",\"urlTemplate\":\"https:\/\/pp-performance.de\/shop\/?s={search_term_string}\"},\"query-input\":\"required name=search_term_string\"}],\"inLanguage\":\"de\"}]}<\/script>\n<!-- \/ Yoast SEO plugin. -->","yoast_head_json":{"title":"Profi-Arbeitsleuchte IL700R | PP-Performance Shop","description":"Wiederaufladbare Inspektionsleuchte f\u00fcr den professionellen Einsatz. Bis zu 700 lm und 15h Leuchtdauer. Jetzt bei uns f\u00fcr 71,99\u20ac shoppen!","robots":{"index":"index","follow":"follow","max-snippet":"max-snippet:-1","max-image-preview":"max-image-preview:large","max-video-preview":"max-video-preview:-1"},"canonical":"https:\/\/pp-performance.de\/shop\/product\/profi-arbeitsleuchte-il700r-ppperformance\/","og_locale":"de_DE","og_type":"article","og_title":"Profi-Arbeitsleuchte IL700R | PP-Performance Shop","og_description":"Wiederaufladbare Inspektionsleuchte f\u00fcr den professionellen Einsatz. Bis zu 700 lm und 15h Leuchtdauer. Jetzt bei uns f\u00fcr 71,99\u20ac shoppen!","og_url":"https:\/\/pp-performance.de\/shop\/product\/profi-arbeitsleuchte-il700r-ppperformance\/","og_site_name":"PP-Perfomance Shop","article_modified_time":"2023-03-13T09:07:59+00:00","og_image":[{"width":1000,"height":1000,"url":"https:\/\/pp-performance.de\/shop\/wp-content\/uploads\/2022\/11\/1600-0422_PROFI-IL-Inspection-Light_IL700R-Slim_bu_01.jpg","type":"image\/jpeg"}],"twitter_card":"summary_large_image","twitter_misc":{"Gesch\u00e4tzte Lesezeit":"3\u00a0Minuten"},"schema":{"@context":"https:\/\/schema.org","@graph":[{"@type":"WebPage","@id":"https:\/\/pp-performance.de\/shop\/product\/profi-arbeitsleuchte-il700r-ppperformance\/","url":"https:\/\/pp-performance.de\/shop\/product\/profi-arbeitsleuchte-il700r-ppperformance\/","name":"Profi-Arbeitsleuchte IL700R | PP-Performance Shop","isPartOf":{"@id":"https:\/\/pp-performance.de\/shop\/#website"},"datePublished":"2022-11-04T10:14:54+00:00","dateModified":"2023-03-13T09:07:59+00:00","description":"Wiederaufladbare Inspektionsleuchte f\u00fcr den professionellen Einsatz. Bis zu 700 lm und 15h Leuchtdauer. Jetzt bei uns f\u00fcr 71,99\u20ac shoppen!","breadcrumb":{"@id":"https:\/\/pp-performance.de\/shop\/product\/profi-arbeitsleuchte-il700r-ppperformance\/#breadcrumb"},"inLanguage":"de","potentialAction":[{"@type":"ReadAction","target":["https:\/\/pp-performance.de\/shop\/product\/profi-arbeitsleuchte-il700r-ppperformance\/"]}]},{"@type":"BreadcrumbList","@id":"https:\/\/pp-performance.de\/shop\/product\/profi-arbeitsleuchte-il700r-ppperformance\/#breadcrumb","itemListElement":[{"@type":"ListItem","position":1,"name":"Startseite","item":"https:\/\/pp-performance.de\/shop\/"},{"@type":"ListItem","position":2,"name":"Shop","item":"https:\/\/pp-performance.de\/shop\/shop\/"},{"@type":"ListItem","position":3,"name":"Profi-Arbeitsleuchte IL700R"}]},{"@type":"WebSite","@id":"https:\/\/pp-performance.de\/shop\/#website","url":"https:\/\/pp-performance.de\/shop\/","name":"PP-Perfomance Shop","description":"","potentialAction":[{"@type":"SearchAction","target":{"@type":"EntryPoint","urlTemplate":"https:\/\/pp-performance.de\/shop\/?s={search_term_string}"},"query-input":"required name=search_term_string"}],"inLanguage":"de"}]}},"_links":{"self":[{"href":"https:\/\/pp-performance.de\/shop\/wp-json\/wp\/v2\/product\/23438"}],"collection":[{"href":"https:\/\/pp-performance.de\/shop\/wp-json\/wp\/v2\/product"}],"about":[{"href":"https:\/\/pp-performance.de\/shop\/wp-json\/wp\/v2\/types\/product"}],"wp:featuredmedia":[{"embeddable":true,"href":"https:\/\/pp-performance.de\/shop\/wp-json\/wp\/v2\/media\/23459"}],"wp:attachment":[{"href":"https:\/\/pp-performance.de\/shop\/wp-json\/wp\/v2\/media?parent=23438"}],"wp:term":[{"taxonomy":"product_cat","embeddable":true,"href":"https:\/\/pp-performance.de\/shop\/wp-json\/wp\/v2\/product_cat?post=23438"},{"taxonomy":"product_tag","embeddable":true,"href":"https:\/\/pp-performance.de\/shop\/wp-json\/wp\/v2\/product_tag?post=23438"}],"curies":[{"name":"wp","href":"https:\/\/api.w.org\/{rel}","templated":true}]}}