{"id":23439,"date":"2022-11-04T11:55:35","date_gmt":"2022-11-04T10:55:35","guid":{"rendered":"https:\/\/pp-performance.de\/shop\/?post_type=product&#038;p=23439"},"modified":"2025-10-15T20:26:44","modified_gmt":"2025-10-15T18:26:44","slug":"arbeitsleuchte-mini-booster-500r-ppperformance","status":"publish","type":"product","link":"https:\/\/pp-performance.de\/shop\/product\/arbeitsleuchte-mini-booster-500r-ppperformance\/","title":{"rendered":"Arbeitsleuchte Mini-Booster 500R"},"content":{"rendered":"<h3>Mini-Booster<\/h3>\n<p>Die kleine, handliche und zuverl\u00e4ssige Leuchte integriert sich m\u00fchelos in den anspruchsvollen Alltag f\u00fcr Arbeiten an der Hebeb\u00fchne, Inspektionen, in Werkst\u00e4tten oder Industrie.<\/p>\n<h3>Leistungsstarke Leuchtkraft<\/h3>\n<p>Trotz der kleinen Bauform und durch den Einsatz der COB-LED-Technologie erzeugt die Lampe ein intensives Licht und erreicht eine Helligkeit von 300 Lumen, im kurzzeitigen Boost-Modus sogar bis zu 500 Lumen.<br \/>\nDas Licht der LEDs hat eine Farbtemperatur von ca. 6000K, welche die Augen nicht zu sehr belastet. Das bedeutet ein angenehm nat\u00fcrliches, wei\u00dfes Licht, das nicht erm\u00fcdet und ein entspanntes Arbeiten erm\u00f6glicht.<\/p>\n<h3>Universeller Einsatz<\/h3>\n<p>Die Leuchte ist mit einem Haltemagnet sowie einem Halteclip mit integriertem Haltemagnet ausgestattet, welche eine universelle Befestigung im Einsatz bieten.<\/p>\n<h3>Lithium Akkupack &#8211; aufladen und loslegen<\/h3>\n<p>Ein fest verbauter Lithium-Polymer Akku mit 3,7 V sorgt f\u00fcr ca. 3 Stunden Leuchtdauer. Die Lampe kann mit einem USB-Ladeger\u00e4t \u00fcber Typ-C-Ladebuchse aufgeladen werden. Die praktische Ladekontrollanzeige informiert zuverl\u00e4ssig \u00fcber den Ladezustand. Ob mobil oder zu Hause, mit der Mini-Booster 500R haben Sie immer den passenden Begleiter, der Licht ins Dunkle bringt!<\/p>\n<h3>Die Funktionen im \u00dcberblick:<\/h3>\n<ul>\n<li>Mini-Inspektionsleuchte mit COB-LED-Technologie<\/li>\n<li>Robustes Aluminiumgeh\u00e4use<\/li>\n<li>Inkl. Magnet f\u00fcr flexible Lichtausrichtung<\/li>\n<li>Ein Halteclip inkl. Haltemagnet an der Geh\u00e4user\u00fcckseite<\/li>\n<li>Fest verbauter Li-Po-Akkupack (3,7 V \/ 600 mAh \/ 2.22 Wh)<\/li>\n<li>Akku-Ladekontrollanzeige \u00fcber LED<\/li>\n<\/ul>\n<h3>Verbraucherhinweis<\/h3>\n<p>Diese Lampe ist f\u00fcr mobile Zwecke vorgesehen, die enthaltene LED-Lampe ist nicht austauschbar und nicht f\u00fcr die Raumbeleuchtung im Haushalt geeignet.<\/p>\n<table id=\"product-attribute-specs-table\" class=\"data table additional-attributes\">\n<tbody>\n<tr>\n<th class=\"col label\" scope=\"row\">Leuchtmittel<\/th>\n<td class=\"col data\" data-th=\"Leuchtmittel\">COB LED<\/td>\n<\/tr>\n<tr>\n<th class=\"col label\" scope=\"row\">Leistung Leuchtmittel<\/th>\n<td class=\"col data\" data-th=\"Leistung Leuchtmittel\">4,5 W<\/td>\n<\/tr>\n<tr>\n<th class=\"col label\" scope=\"row\">Lichtstrom<\/th>\n<td class=\"col data\" data-th=\"Lichtstrom\">500 Lumen<\/td>\n<\/tr>\n<tr>\n<th class=\"col label\" scope=\"row\">Leuchtweite<\/th>\n<td class=\"col data\" data-th=\"Leuchtweite\">26 m<\/td>\n<\/tr>\n<tr>\n<th class=\"col label\" scope=\"row\">Leuchtdauer<\/th>\n<td class=\"col data\" data-th=\"Leuchtdauer\">3 Std.<\/td>\n<\/tr>\n<tr>\n<th class=\"col label\" scope=\"row\">Farbtemperatur<\/th>\n<td class=\"col data\" data-th=\"Farbtemperatur\">5000 &#8211; 6500 k<\/td>\n<\/tr>\n<tr>\n<th class=\"col label\" scope=\"row\">Leistungsdaten<\/th>\n<td class=\"col data\" data-th=\"Leistungsdaten\">\n<table class=\"CSFlexTable FlexTable\">\n<colgroup>\n<col \/>\n<col \/>\n<col \/>\n<col \/>\n<col \/><\/colgroup>\n<thead>\n<tr>\n<th class=\"TableHeader\" colspan=\"1\" rowspan=\"1\">Modus<\/th>\n<th class=\"TableHeader\" colspan=\"1\" rowspan=\"1\">Leuchtweite<\/th>\n<th class=\"TableHeader\" colspan=\"1\" rowspan=\"1\">Lichtstrom<\/th>\n<th class=\"TableHeader\" colspan=\"1\" rowspan=\"1\">Helligkeit<\/th>\n<th class=\"TableHeader\" colspan=\"1\" rowspan=\"1\">Leuchtdauer<\/th>\n<\/tr>\n<\/thead>\n<\/table>\n<\/td>\n<\/tr>\n<tr>\n<th class=\"col label\" scope=\"row\">Schutzart<\/th>\n<td class=\"col data\" data-th=\"Schutzart\">IPX3<\/td>\n<\/tr>\n<tr>\n<th class=\"col label\" scope=\"row\">Stromversorgung<\/th>\n<td class=\"col data\" data-th=\"Stromversorgung\">Li-Po Akkupack 3.7V\/600mAh\/2.22Wh<\/td>\n<\/tr>\n<tr>\n<th class=\"col label\" scope=\"row\">Verpackung<\/th>\n<td class=\"col data\" data-th=\"Verpackung\">Box<\/td>\n<\/tr>\n<\/tbody>\n<\/table>\n","protected":false},"excerpt":{"rendered":"<div class=\"product-info-stock-sku\">\n<div class=\"product attribute overview\">\n<div class=\"value\">Mini-Arbeitsleuchte mit Boost-Funktion, wiederaufladbar, klein und leistungsstark, inkl. Haltemagnet und Clip<\/div>\n<\/div>\n<\/div>\n<div class=\"additional-attributes-wrapper table-wrapper\"><\/div>\n","protected":false},"featured_media":23471,"template":"","meta":[],"product_cat":[255,254,15],"product_tag":[],"yoast_head":"<!-- This site is optimized with the Yoast SEO plugin v20.9 - https:\/\/yoast.com\/wordpress\/plugins\/seo\/ -->\n<title>Arbeitsleuchte Mini-Booster 500R | PP-Performance Shop<\/title>\n<meta name=\"description\" content=\"Mini-Arbeitsleuchte mit Boost-Funktion, wiederaufladbar, klein und leistungsstark, Jetzt f\u00fcr\u20ac versandkostenfrei bei uns shoppen!\" \/>\n<meta name=\"robots\" content=\"index, follow, max-snippet:-1, max-image-preview:large, max-video-preview:-1\" \/>\n<link rel=\"canonical\" href=\"https:\/\/pp-performance.de\/shop\/product\/arbeitsleuchte-mini-booster-500r-ppperformance\/\" \/>\n<meta property=\"og:locale\" content=\"de_DE\" \/>\n<meta property=\"og:type\" content=\"article\" \/>\n<meta property=\"og:title\" content=\"Arbeitsleuchte Mini-Booster 500R | PP-Performance Shop\" \/>\n<meta property=\"og:description\" content=\"Mini-Arbeitsleuchte mit Boost-Funktion, wiederaufladbar, klein und leistungsstark, Jetzt f\u00fcr\u20ac versandkostenfrei bei uns shoppen!\" \/>\n<meta property=\"og:url\" content=\"https:\/\/pp-performance.de\/shop\/product\/arbeitsleuchte-mini-booster-500r-ppperformance\/\" \/>\n<meta property=\"og:site_name\" content=\"PP-Perfomance Shop\" \/>\n<meta property=\"article:modified_time\" content=\"2025-10-15T18:26:44+00:00\" \/>\n<meta property=\"og:image\" content=\"https:\/\/pp-performance.de\/shop\/wp-content\/uploads\/2022\/11\/1600-0504_Mini-Booster-WL500R-Power_bu_01.jpg\" \/>\n\t<meta property=\"og:image:width\" content=\"1000\" \/>\n\t<meta property=\"og:image:height\" content=\"1000\" \/>\n\t<meta property=\"og:image:type\" content=\"image\/jpeg\" \/>\n<meta name=\"twitter:card\" content=\"summary_large_image\" \/>\n<meta name=\"twitter:label1\" content=\"Gesch\u00e4tzte Lesezeit\" \/>\n\t<meta name=\"twitter:data1\" content=\"2\u00a0Minuten\" \/>\n<script type=\"application\/ld+json\" class=\"yoast-schema-graph\">{\"@context\":\"https:\/\/schema.org\",\"@graph\":[{\"@type\":\"WebPage\",\"@id\":\"https:\/\/pp-performance.de\/shop\/product\/arbeitsleuchte-mini-booster-500r-ppperformance\/\",\"url\":\"https:\/\/pp-performance.de\/shop\/product\/arbeitsleuchte-mini-booster-500r-ppperformance\/\",\"name\":\"Arbeitsleuchte Mini-Booster 500R | PP-Performance Shop\",\"isPartOf\":{\"@id\":\"https:\/\/pp-performance.de\/shop\/#website\"},\"datePublished\":\"2022-11-04T10:55:35+00:00\",\"dateModified\":\"2025-10-15T18:26:44+00:00\",\"description\":\"Mini-Arbeitsleuchte mit Boost-Funktion, wiederaufladbar, klein und leistungsstark, Jetzt f\u00fcr\u20ac versandkostenfrei bei uns shoppen!\",\"breadcrumb\":{\"@id\":\"https:\/\/pp-performance.de\/shop\/product\/arbeitsleuchte-mini-booster-500r-ppperformance\/#breadcrumb\"},\"inLanguage\":\"de\",\"potentialAction\":[{\"@type\":\"ReadAction\",\"target\":[\"https:\/\/pp-performance.de\/shop\/product\/arbeitsleuchte-mini-booster-500r-ppperformance\/\"]}]},{\"@type\":\"BreadcrumbList\",\"@id\":\"https:\/\/pp-performance.de\/shop\/product\/arbeitsleuchte-mini-booster-500r-ppperformance\/#breadcrumb\",\"itemListElement\":[{\"@type\":\"ListItem\",\"position\":1,\"name\":\"Startseite\",\"item\":\"https:\/\/pp-performance.de\/shop\/\"},{\"@type\":\"ListItem\",\"position\":2,\"name\":\"Shop\",\"item\":\"https:\/\/pp-performance.de\/shop\/shop\/\"},{\"@type\":\"ListItem\",\"position\":3,\"name\":\"Arbeitsleuchte Mini-Booster 500R\"}]},{\"@type\":\"WebSite\",\"@id\":\"https:\/\/pp-performance.de\/shop\/#website\",\"url\":\"https:\/\/pp-performance.de\/shop\/\",\"name\":\"PP-Perfomance Shop\",\"description\":\"\",\"potentialAction\":[{\"@type\":\"SearchAction\",\"target\":{\"@type\":\"EntryPoint\",\"urlTemplate\":\"https:\/\/pp-performance.de\/shop\/?s={search_term_string}\"},\"query-input\":\"required name=search_term_string\"}],\"inLanguage\":\"de\"}]}<\/script>\n<!-- \/ Yoast SEO plugin. -->","yoast_head_json":{"title":"Arbeitsleuchte Mini-Booster 500R | PP-Performance Shop","description":"Mini-Arbeitsleuchte mit Boost-Funktion, wiederaufladbar, klein und leistungsstark, Jetzt f\u00fcr\u20ac versandkostenfrei bei uns shoppen!","robots":{"index":"index","follow":"follow","max-snippet":"max-snippet:-1","max-image-preview":"max-image-preview:large","max-video-preview":"max-video-preview:-1"},"canonical":"https:\/\/pp-performance.de\/shop\/product\/arbeitsleuchte-mini-booster-500r-ppperformance\/","og_locale":"de_DE","og_type":"article","og_title":"Arbeitsleuchte Mini-Booster 500R | PP-Performance Shop","og_description":"Mini-Arbeitsleuchte mit Boost-Funktion, wiederaufladbar, klein und leistungsstark, Jetzt f\u00fcr\u20ac versandkostenfrei bei uns shoppen!","og_url":"https:\/\/pp-performance.de\/shop\/product\/arbeitsleuchte-mini-booster-500r-ppperformance\/","og_site_name":"PP-Perfomance Shop","article_modified_time":"2025-10-15T18:26:44+00:00","og_image":[{"width":1000,"height":1000,"url":"https:\/\/pp-performance.de\/shop\/wp-content\/uploads\/2022\/11\/1600-0504_Mini-Booster-WL500R-Power_bu_01.jpg","type":"image\/jpeg"}],"twitter_card":"summary_large_image","twitter_misc":{"Gesch\u00e4tzte Lesezeit":"2\u00a0Minuten"},"schema":{"@context":"https:\/\/schema.org","@graph":[{"@type":"WebPage","@id":"https:\/\/pp-performance.de\/shop\/product\/arbeitsleuchte-mini-booster-500r-ppperformance\/","url":"https:\/\/pp-performance.de\/shop\/product\/arbeitsleuchte-mini-booster-500r-ppperformance\/","name":"Arbeitsleuchte Mini-Booster 500R | PP-Performance Shop","isPartOf":{"@id":"https:\/\/pp-performance.de\/shop\/#website"},"datePublished":"2022-11-04T10:55:35+00:00","dateModified":"2025-10-15T18:26:44+00:00","description":"Mini-Arbeitsleuchte mit Boost-Funktion, wiederaufladbar, klein und leistungsstark, Jetzt f\u00fcr\u20ac versandkostenfrei bei uns shoppen!","breadcrumb":{"@id":"https:\/\/pp-performance.de\/shop\/product\/arbeitsleuchte-mini-booster-500r-ppperformance\/#breadcrumb"},"inLanguage":"de","potentialAction":[{"@type":"ReadAction","target":["https:\/\/pp-performance.de\/shop\/product\/arbeitsleuchte-mini-booster-500r-ppperformance\/"]}]},{"@type":"BreadcrumbList","@id":"https:\/\/pp-performance.de\/shop\/product\/arbeitsleuchte-mini-booster-500r-ppperformance\/#breadcrumb","itemListElement":[{"@type":"ListItem","position":1,"name":"Startseite","item":"https:\/\/pp-performance.de\/shop\/"},{"@type":"ListItem","position":2,"name":"Shop","item":"https:\/\/pp-performance.de\/shop\/shop\/"},{"@type":"ListItem","position":3,"name":"Arbeitsleuchte Mini-Booster 500R"}]},{"@type":"WebSite","@id":"https:\/\/pp-performance.de\/shop\/#website","url":"https:\/\/pp-performance.de\/shop\/","name":"PP-Perfomance Shop","description":"","potentialAction":[{"@type":"SearchAction","target":{"@type":"EntryPoint","urlTemplate":"https:\/\/pp-performance.de\/shop\/?s={search_term_string}"},"query-input":"required name=search_term_string"}],"inLanguage":"de"}]}},"_links":{"self":[{"href":"https:\/\/pp-performance.de\/shop\/wp-json\/wp\/v2\/product\/23439"}],"collection":[{"href":"https:\/\/pp-performance.de\/shop\/wp-json\/wp\/v2\/product"}],"about":[{"href":"https:\/\/pp-performance.de\/shop\/wp-json\/wp\/v2\/types\/product"}],"wp:featuredmedia":[{"embeddable":true,"href":"https:\/\/pp-performance.de\/shop\/wp-json\/wp\/v2\/media\/23471"}],"wp:attachment":[{"href":"https:\/\/pp-performance.de\/shop\/wp-json\/wp\/v2\/media?parent=23439"}],"wp:term":[{"taxonomy":"product_cat","embeddable":true,"href":"https:\/\/pp-performance.de\/shop\/wp-json\/wp\/v2\/product_cat?post=23439"},{"taxonomy":"product_tag","embeddable":true,"href":"https:\/\/pp-performance.de\/shop\/wp-json\/wp\/v2\/product_tag?post=23439"}],"curies":[{"name":"wp","href":"https:\/\/api.w.org\/{rel}","templated":true}]}}