{"id":24427,"date":"2025-10-15T19:31:10","date_gmt":"2025-10-15T17:31:10","guid":{"rendered":"https:\/\/pp-performance.de\/shop\/?post_type=product&#038;p=24427"},"modified":"2025-10-15T20:36:25","modified_gmt":"2025-10-15T18:36:25","slug":"porsche-911-turbo-motorbausatz-im-massstab-13","status":"publish","type":"product","link":"https:\/\/pp-performance.de\/shop\/product\/porsche-911-turbo-motorbausatz-im-massstab-13\/","title":{"rendered":"Porsche 911 Turbomotor im Ma\u00dfstab 1:3"},"content":{"rendered":"<div class=\"emotion--row row--2 has--dynamic-height\">\n<div class=\"emotion--row-inner row-innner--2\">\n<div class=\"emotion--element html-text-element col-1 row-1 start-col-1 start-row-1 col-xs-4 start-col-xs-1 row-xs-2 start-row-xs-2 col-s-4 start-col-s-1 row-s-2 start-row-s-2 col-m-4 start-col-m-1 row-m-2 start-row-m-2 col-l-4 start-col-l-1 row-l-2 start-row-l-2 col-xl-4 start-col-xl-1 row-xl-2 start-row-xl-2 has--dynamic-height\" data-custom-class=\"has--dynamic-height\">\n<div class=\"emotion--html\">\n<div class=\"html--content\">\n<p>Der Porsche 911 Turbo war ein technologischer Wegweiser im Bereich der hochleistungssportwagen. Der gewaltige Heckspoiler machte bereits im Stand deutlich, welche Urgewalt unter der klassischen Karosserie schlummerte \u2013 und war eine Kampfansage an die Konkurrenz.<\/p>\n<p>&nbsp;<\/p>\n<p>Zum Modelljahr 1975 wurde die damals noch neue Turbotechnologie in den Sechszylinder-Boxer aus Zuffenhausen eingebaut und sorgte damit f\u00fcr explosive Fahrleistungen, die Mitte der 1970er-Jahre zur absoluten Weltspitze geh\u00f6rten.<\/p>\n<p>&nbsp;<\/p>\n<p>Nach und nach entsteht aus ca. 200 Einzelteilen ein funktionsf\u00e4higes, detailliertes und und teilweise transparentes Motorenmodell, in dem sich alle Teile wie beim gro\u00dfen Vorbild bewegen.<\/p>\n<p>Die einzelnen Bauteile lassen sich ganz einfach zusammenstecken und verschrauben \u2013 ganz ohne Klebstoff.<\/p>\n<\/div>\n<\/div>\n<\/div>\n<\/div>\n<\/div>\n<p>&nbsp;<\/p>\n<ul>\n<li style=\"list-style-type: none;\">\n<ul>\n<li class=\"features--entry\">Originalgetreues Funktionsmodell<\/li>\n<li class=\"features--entry\">Teile in neuer Farbe, viele davon in Metallic-Optik<\/li>\n<li class=\"features--entry\">Hochwertiger Lautsprecher f\u00fcr kraftvollen Turbo-Sound<\/li>\n<li class=\"features--entry\">Soundmodul jetzt mit Audioausgang f\u00fcr externe Lautsprecher<\/li>\n<li class=\"features--entry\">Stark reduzierte mechanische Ger\u00e4usche<\/li>\n<li class=\"features--entry\">Inklusive hochwertigem Begleitbuch mit 90 Seiten samt detaillierter Bauanleitung<\/li>\n<li class=\"features--entry\">Offizielles Porsche-Lizenzprodukt<\/li>\n<li>F\u00fcr Kinder unter 14 Jahren nicht geeignet!<\/li>\n<li>Zus\u00e4tzlich erforderlich: 3 x 1,5-V-Batterien (Typ AA)<\/li>\n<li>Inhalt: Modellbausatz, ben\u00f6tigtes Werkzeug, Begleitbuch<\/li>\n<li>Ma\u00dfe aufgebauter Artikel: 35 x 30 x 30 cm<\/li>\n<\/ul>\n<\/li>\n<\/ul>\n","protected":false},"excerpt":{"rendered":"<div class=\"emotion--row row--11 emotion--headline\">\n<div class=\"emotion--row-inner row-innner--11\">\n<div class=\"emotion--element html-text-element col-1 row-1 start-col-1 start-row-1 col-xs-4 start-col-xs-1 row-xs-1 start-row-xs-12 col-s-4 start-col-s-1 row-s-1 start-row-s-12 col-m-4 start-col-m-1 row-m-1 start-row-m-11 col-l-4 start-col-l-1 row-l-1 start-row-l-11 col-xl-4 start-col-xl-1 row-xl-1 start-row-xl-11 emotion--headline\" data-custom-class=\"emotion--headline\">\n<div class=\"emotion--html\">\n<div class=\"html--content\">\n<h3>Man k\u00f6nnte meinen, er w\u00e4re echt!<\/h3>\n<p>Erleben Sie den Turbo-Mmotor mit allen Sinnen! Sehen Sie die Ventile \u00f6ffnen und schlie\u00dfen, sehen Sie die Kurbelwelle pr\u00e4szise rotieren, machen Sie die Augen zu und h\u00f6ren den Original-Motor-Sound, sp\u00fcren Sie die Vibrationen die sie vom Popometer kennen!<\/p>\n<\/div>\n<\/div>\n<\/div>\n<\/div>\n<\/div>\n<div class=\"emotion--row row--12 has--dynamic-height\">\n<div class=\"emotion--row-inner row-innner--12\">\n<div class=\"emotion--element html-text-element col-1 row-1 start-col-1 start-row-1 col-xs-4 start-col-xs-1 row-xs-2 start-row-xs-13 col-s-4 start-col-s-1 row-s-1 start-row-s-13 col-m-4 start-col-m-1 row-m-2 start-row-m-12 col-l-2 start-col-l-1 row-l-2 start-row-l-12 col-xl-2 start-col-xl-1 row-xl-2 start-row-xl-12 has--dynamic-height\" data-custom-class=\"has--dynamic-height\">\n<div class=\"emotion--html\">\n<div class=\"html--content\">\n<p><strong>+ Soundmodul mit Original-Porsche-Sound<\/strong><\/p>\n<p><strong>+ Transparentes Geh\u00e4use f\u00fcr einen faszinierenden Blick ins Innere<\/strong><\/p>\n<p><strong>+ Nockenwelle \u00fcber Zahnriemen angesteuert<\/strong><\/p>\n<p><strong>+ Simulierter Z\u00fcndfunken<\/strong><\/p>\n<p><strong>+ Funktionierender Z\u00fcndverteiler<\/strong><\/p>\n<p><strong>+ Angetriebenes L\u00fcfterrad<\/strong><\/p>\n<p><strong>+ Podest zum Aufstellen<\/strong><\/p>\n<p>&nbsp;<\/p>\n<\/div>\n<\/div>\n<\/div>\n<div class=\"emotion--element html-text-element col-1 row-1 start-col-1 start-row-1 col-xs-4 start-col-xs-1 row-xs-2 start-row-xs-15 col-s-4 start-col-s-1 row-s-2 start-row-s-14 col-m-4 start-col-m-1 row-m-1 start-row-m-14 col-l-2 start-col-l-3 row-l-2 start-row-l-12 col-xl-2 start-col-xl-3 row-xl-2 start-row-xl-12 has--dynamic-height\" data-custom-class=\"has--dynamic-height\">\n<div class=\"emotion--html\">\n<div class=\"html--content\">\n<p>\u2713\u00a0\u00a0<strong>Aufbauerlebnis allein oder zu zweit, nahe am Original-Turbomotor. <\/strong><\/p>\n<p>\u2713\u00a0\u00a0<strong>Ein exklusives Produkt von FRANZIS und der Marke PORSCHE inkl. Porsche-Teilenummer<\/strong><\/p>\n<p>\u2713\u00a0\u00a0<strong>Motor- und Markenkult mit allen Sinnen erlebbar \u2013 inkl. Sound, haptisches Erlebnis grafisch ansprechend im Begleitbuch aufbereitete Historie und Originalit\u00e4t<\/strong><\/p>\n<\/div>\n<\/div>\n<\/div>\n<\/div>\n<\/div>\n","protected":false},"featured_media":24428,"template":"","meta":[],"product_cat":[95,15],"product_tag":[],"yoast_head":"<!-- This site is optimized with the Yoast SEO plugin v20.9 - https:\/\/yoast.com\/wordpress\/plugins\/seo\/ -->\n<title>Porsche 911 Turbomotor im Ma\u00dfstab 1:3 | PP-Performance Shop<\/title>\n<meta name=\"description\" content=\"Porsche 911 Turbomotor Originalgetreues Funktionsmodell .Der Porsche-Turbomotor ist einzigartig, und die Fahrzeuge, die er antreibt, sind legend\u00e4r.\" \/>\n<meta name=\"robots\" content=\"index, follow, max-snippet:-1, max-image-preview:large, max-video-preview:-1\" \/>\n<link rel=\"canonical\" href=\"https:\/\/pp-performance.de\/shop\/product\/porsche-911-turbo-motorbausatz-im-massstab-13\/\" \/>\n<meta property=\"og:locale\" content=\"de_DE\" \/>\n<meta property=\"og:type\" content=\"article\" \/>\n<meta property=\"og:title\" content=\"Porsche 911 Turbomotor im Ma\u00dfstab 1:3 | PP-Performance Shop\" \/>\n<meta property=\"og:description\" content=\"Porsche 911 Turbomotor Originalgetreues Funktionsmodell .Der Porsche-Turbomotor ist einzigartig, und die Fahrzeuge, die er antreibt, sind legend\u00e4r.\" \/>\n<meta property=\"og:url\" content=\"https:\/\/pp-performance.de\/shop\/product\/porsche-911-turbo-motorbausatz-im-massstab-13\/\" \/>\n<meta property=\"og:site_name\" content=\"PP-Perfomance Shop\" \/>\n<meta property=\"article:modified_time\" content=\"2025-10-15T18:36:25+00:00\" \/>\n<meta property=\"og:image\" content=\"https:\/\/pp-performance.de\/shop\/wp-content\/uploads\/2025\/10\/67250_01_Porsche_911_Turbomotor_Packshot.jpg\" \/>\n\t<meta property=\"og:image:width\" content=\"1772\" \/>\n\t<meta property=\"og:image:height\" content=\"1444\" \/>\n\t<meta property=\"og:image:type\" content=\"image\/jpeg\" \/>\n<meta name=\"twitter:card\" content=\"summary_large_image\" \/>\n<meta name=\"twitter:label1\" content=\"Gesch\u00e4tzte Lesezeit\" \/>\n\t<meta name=\"twitter:data1\" content=\"1\u00a0Minute\" \/>\n<script type=\"application\/ld+json\" class=\"yoast-schema-graph\">{\"@context\":\"https:\/\/schema.org\",\"@graph\":[{\"@type\":\"WebPage\",\"@id\":\"https:\/\/pp-performance.de\/shop\/product\/porsche-911-turbo-motorbausatz-im-massstab-13\/\",\"url\":\"https:\/\/pp-performance.de\/shop\/product\/porsche-911-turbo-motorbausatz-im-massstab-13\/\",\"name\":\"Porsche 911 Turbomotor im Ma\u00dfstab 1:3 | PP-Performance Shop\",\"isPartOf\":{\"@id\":\"https:\/\/pp-performance.de\/shop\/#website\"},\"datePublished\":\"2025-10-15T17:31:10+00:00\",\"dateModified\":\"2025-10-15T18:36:25+00:00\",\"description\":\"Porsche 911 Turbomotor Originalgetreues Funktionsmodell .Der Porsche-Turbomotor ist einzigartig, und die Fahrzeuge, die er antreibt, sind legend\u00e4r.\",\"breadcrumb\":{\"@id\":\"https:\/\/pp-performance.de\/shop\/product\/porsche-911-turbo-motorbausatz-im-massstab-13\/#breadcrumb\"},\"inLanguage\":\"de\",\"potentialAction\":[{\"@type\":\"ReadAction\",\"target\":[\"https:\/\/pp-performance.de\/shop\/product\/porsche-911-turbo-motorbausatz-im-massstab-13\/\"]}]},{\"@type\":\"BreadcrumbList\",\"@id\":\"https:\/\/pp-performance.de\/shop\/product\/porsche-911-turbo-motorbausatz-im-massstab-13\/#breadcrumb\",\"itemListElement\":[{\"@type\":\"ListItem\",\"position\":1,\"name\":\"Startseite\",\"item\":\"https:\/\/pp-performance.de\/shop\/\"},{\"@type\":\"ListItem\",\"position\":2,\"name\":\"Shop\",\"item\":\"https:\/\/pp-performance.de\/shop\/shop\/\"},{\"@type\":\"ListItem\",\"position\":3,\"name\":\"Porsche 911 Turbomotor im Ma\u00dfstab 1:3\"}]},{\"@type\":\"WebSite\",\"@id\":\"https:\/\/pp-performance.de\/shop\/#website\",\"url\":\"https:\/\/pp-performance.de\/shop\/\",\"name\":\"PP-Perfomance Shop\",\"description\":\"\",\"potentialAction\":[{\"@type\":\"SearchAction\",\"target\":{\"@type\":\"EntryPoint\",\"urlTemplate\":\"https:\/\/pp-performance.de\/shop\/?s={search_term_string}\"},\"query-input\":\"required name=search_term_string\"}],\"inLanguage\":\"de\"}]}<\/script>\n<!-- \/ Yoast SEO plugin. -->","yoast_head_json":{"title":"Porsche 911 Turbomotor im Ma\u00dfstab 1:3 | PP-Performance Shop","description":"Porsche 911 Turbomotor Originalgetreues Funktionsmodell .Der Porsche-Turbomotor ist einzigartig, und die Fahrzeuge, die er antreibt, sind legend\u00e4r.","robots":{"index":"index","follow":"follow","max-snippet":"max-snippet:-1","max-image-preview":"max-image-preview:large","max-video-preview":"max-video-preview:-1"},"canonical":"https:\/\/pp-performance.de\/shop\/product\/porsche-911-turbo-motorbausatz-im-massstab-13\/","og_locale":"de_DE","og_type":"article","og_title":"Porsche 911 Turbomotor im Ma\u00dfstab 1:3 | PP-Performance Shop","og_description":"Porsche 911 Turbomotor Originalgetreues Funktionsmodell .Der Porsche-Turbomotor ist einzigartig, und die Fahrzeuge, die er antreibt, sind legend\u00e4r.","og_url":"https:\/\/pp-performance.de\/shop\/product\/porsche-911-turbo-motorbausatz-im-massstab-13\/","og_site_name":"PP-Perfomance Shop","article_modified_time":"2025-10-15T18:36:25+00:00","og_image":[{"width":1772,"height":1444,"url":"https:\/\/pp-performance.de\/shop\/wp-content\/uploads\/2025\/10\/67250_01_Porsche_911_Turbomotor_Packshot.jpg","type":"image\/jpeg"}],"twitter_card":"summary_large_image","twitter_misc":{"Gesch\u00e4tzte Lesezeit":"1\u00a0Minute"},"schema":{"@context":"https:\/\/schema.org","@graph":[{"@type":"WebPage","@id":"https:\/\/pp-performance.de\/shop\/product\/porsche-911-turbo-motorbausatz-im-massstab-13\/","url":"https:\/\/pp-performance.de\/shop\/product\/porsche-911-turbo-motorbausatz-im-massstab-13\/","name":"Porsche 911 Turbomotor im Ma\u00dfstab 1:3 | PP-Performance Shop","isPartOf":{"@id":"https:\/\/pp-performance.de\/shop\/#website"},"datePublished":"2025-10-15T17:31:10+00:00","dateModified":"2025-10-15T18:36:25+00:00","description":"Porsche 911 Turbomotor Originalgetreues Funktionsmodell .Der Porsche-Turbomotor ist einzigartig, und die Fahrzeuge, die er antreibt, sind legend\u00e4r.","breadcrumb":{"@id":"https:\/\/pp-performance.de\/shop\/product\/porsche-911-turbo-motorbausatz-im-massstab-13\/#breadcrumb"},"inLanguage":"de","potentialAction":[{"@type":"ReadAction","target":["https:\/\/pp-performance.de\/shop\/product\/porsche-911-turbo-motorbausatz-im-massstab-13\/"]}]},{"@type":"BreadcrumbList","@id":"https:\/\/pp-performance.de\/shop\/product\/porsche-911-turbo-motorbausatz-im-massstab-13\/#breadcrumb","itemListElement":[{"@type":"ListItem","position":1,"name":"Startseite","item":"https:\/\/pp-performance.de\/shop\/"},{"@type":"ListItem","position":2,"name":"Shop","item":"https:\/\/pp-performance.de\/shop\/shop\/"},{"@type":"ListItem","position":3,"name":"Porsche 911 Turbomotor im Ma\u00dfstab 1:3"}]},{"@type":"WebSite","@id":"https:\/\/pp-performance.de\/shop\/#website","url":"https:\/\/pp-performance.de\/shop\/","name":"PP-Perfomance Shop","description":"","potentialAction":[{"@type":"SearchAction","target":{"@type":"EntryPoint","urlTemplate":"https:\/\/pp-performance.de\/shop\/?s={search_term_string}"},"query-input":"required name=search_term_string"}],"inLanguage":"de"}]}},"_links":{"self":[{"href":"https:\/\/pp-performance.de\/shop\/wp-json\/wp\/v2\/product\/24427"}],"collection":[{"href":"https:\/\/pp-performance.de\/shop\/wp-json\/wp\/v2\/product"}],"about":[{"href":"https:\/\/pp-performance.de\/shop\/wp-json\/wp\/v2\/types\/product"}],"wp:featuredmedia":[{"embeddable":true,"href":"https:\/\/pp-performance.de\/shop\/wp-json\/wp\/v2\/media\/24428"}],"wp:attachment":[{"href":"https:\/\/pp-performance.de\/shop\/wp-json\/wp\/v2\/media?parent=24427"}],"wp:term":[{"taxonomy":"product_cat","embeddable":true,"href":"https:\/\/pp-performance.de\/shop\/wp-json\/wp\/v2\/product_cat?post=24427"},{"taxonomy":"product_tag","embeddable":true,"href":"https:\/\/pp-performance.de\/shop\/wp-json\/wp\/v2\/product_tag?post=24427"}],"curies":[{"name":"wp","href":"https:\/\/api.w.org\/{rel}","templated":true}]}}