{"id":24432,"date":"2025-10-15T19:57:56","date_gmt":"2025-10-15T17:57:56","guid":{"rendered":"https:\/\/pp-performance.de\/shop\/?post_type=product&#038;p=24432"},"modified":"2025-10-15T20:24:05","modified_gmt":"2025-10-15T18:24:05","slug":"porsche-911-carrera-rs-2-7-adventskalender","status":"publish","type":"product","link":"https:\/\/pp-performance.de\/shop\/product\/porsche-911-carrera-rs-2-7-adventskalender\/","title":{"rendered":"Porsche 911 Carrera RS 2.7 Adventskalender"},"content":{"rendered":"<div class=\"emotion--row row--2 has--dynamic-height\">\n<div class=\"emotion--row-inner row-innner--2\">\n<div class=\"emotion--element html-text-element col-1 row-1 start-col-1 start-row-1 col-xs-4 start-col-xs-1 row-xs-2 start-row-xs-2 col-s-4 start-col-s-1 row-s-2 start-row-s-2 col-m-4 start-col-m-1 row-m-2 start-row-m-2 col-l-4 start-col-l-1 row-l-2 start-row-l-2 col-xl-4 start-col-xl-1 row-xl-2 start-row-xl-2 has--dynamic-height\" data-custom-class=\"has--dynamic-height\">\n<div class=\"emotion--html\">\n<div class=\"html--content\">Am Mythos Porsche hatte der Motorsport von Anfang an einen gro\u00dfen Anteil. Die Leichtgewicht-Rennwagen aus dem Hause Porsche wurden zu Technik- und Design-Ikonen. Der Porsche 911 Carrera RS 2.7-Adventskalender enth\u00e4lt einen mehrteiligen Modellauto-Bausatz, eine Kunststoffbasis mit Soundmodul, LEDs, eine Hintergrundtafel und viele weitere \u00dcberraschungen. Ein Fest f\u00fcr alle Fans!<\/div>\n<\/div>\n<\/div>\n<\/div>\n<\/div>\n<p>&nbsp;<\/p>\n<ul>\n<li style=\"list-style-type: none;\">\n<ul>\n<li class=\"features--entry\">Der Adventskalender zu einem der faszinierendsten Porsche-Modelle der 70er-Jahre<\/li>\n<li class=\"features--entry\">Das Komplettpaket f\u00fcr alle Porsche Fans: In 24 Schritten zum hellgelben Porsche 911 Carrera RS 2.7 unterm Weihnachtsbaum.<\/li>\n<li class=\"features--entry\">Alles dabei: hochwertigesModellfahrzeug, Soundbasis, viele kleine \u00dcberraschungen<\/li>\n<li class=\"features--entry\">Die Geschichte eines der heute wertvollsten Porsche-Serienfahrzeuge aller Zeiten<\/li>\n<li class=\"features--entry\">Mit ausf\u00fchrlicher Aufbauanleitung<\/li>\n<li class=\"features--entry\">Metall-Modell im Ma\u00dfstab 1:24<\/li>\n<li>Hergestellt mit Zustimmung der Dr. Ing. h.c. F. Porsche AG.<\/li>\n<li>Zus\u00e4tzlich erforderlich: 2x 1,5V-Batterien (Typ AA)<\/li>\n<li>F\u00fcr Kinder unter 14 Jahren nicht geeignet!<\/li>\n<\/ul>\n<\/li>\n<\/ul>\n","protected":false},"excerpt":{"rendered":"<div class=\"emotion--row row--1 emotion--headline has--background has--dynamic-height\">\n<div class=\"emotion--row-inner row-innner--1\">\n<div class=\"emotion--element html-text-element col-1 row-1 start-col-1 start-row-1 col-xs-4 start-col-xs-1 row-xs-1 start-row-xs-1 col-s-4 start-col-s-1 row-s-1 start-row-s-1 col-m-4 start-col-m-1 row-m-1 start-row-m-1 col-l-4 start-col-l-1 row-l-1 start-row-l-1 col-xl-4 start-col-xl-1 row-xl-1 start-row-xl-1 emotion--headline has--background has--dynamic-height\" data-custom-class=\"emotion--headline has--background has--dynamic-height\">\n<div class=\"emotion--html\">\n<div class=\"html--content\">\n<h3>In 24 Tagen zum ultimativen Modellauto<\/h3>\n<\/div>\n<\/div>\n<\/div>\n<\/div>\n<\/div>\n<div class=\"emotion--row row--2 has--background has--dynamic-height\">\n<div class=\"emotion--row-inner row-innner--2\">\n<div class=\"emotion--element html-text-element col-1 row-1 start-col-1 start-row-1 col-xs-4 start-col-xs-1 row-xs-2 start-row-xs-2 col-s-4 start-col-s-1 row-s-2 start-row-s-2 col-m-4 start-col-m-1 row-m-1 start-row-m-2 col-l-4 start-col-l-1 row-l-1 start-row-l-2 col-xl-4 start-col-xl-1 row-xl-1 start-row-xl-2 has--background has--dynamic-height\" data-custom-class=\"has--background has--dynamic-height\">\n<div class=\"emotion--html\">\n<div class=\"html--content\">\n<p>Die unz\u00e4hligen Erfolge im Rennsport, die Porsche bis in die fr\u00fchen 1970er-Jahre eingefahren hatte, f\u00fchrten zur Entwicklung des ersten \u201eSpitzenmodells\u201c der 911-Baureihe: Der \u201eCarrera RS 2.7\u201c deb\u00fctierte 1973 und faszinierte durch seine kompromisslose Sportlichkeit. Der typische Entenb\u00fcrzel war das charakteristische Erkennungsmodell des schnellen Zuffenhauseners und sorge bei Sportwagenfans weltweit f\u00fcr Herzklopfen.<\/p>\n<\/div>\n<\/div>\n<\/div>\n<\/div>\n<\/div>\n<div class=\"emotion--row row--3 has--background has--dynamic-height\">\n<div class=\"emotion--row-inner row-innner--3\">\n<div class=\"emotion--element html-text-element col-1 row-1 start-col-1 start-row-1 col-xs-4 start-col-xs-1 row-xs-1 start-row-xs-4 col-s-4 start-col-s-1 row-s-1 start-row-s-4 col-m-4 start-col-m-1 row-m-1 start-row-m-3 col-l-4 start-col-l-1 row-l-1 start-row-l-3 col-xl-4 start-col-xl-1 row-xl-1 start-row-xl-3 has--background has--dynamic-height\" data-custom-class=\"has--background has--dynamic-height\">\n<div class=\"emotion--html\">\n<div class=\"html--content\">\n<p><strong>Eine echte Ikone f\u00fcr Ihr Wohnzimmer!<\/strong><\/p>\n<p>Der Porsche 911 Carrera RS 2.7 hat sich zu einem der begehrtesten \u2013 und teuersten &#8211; Porsche-Modelle entwickelt. Porsche war es gelungen, hochwertige Renntechnologie so in die Serie zu integrieren, dass diese Fahrzeuge auch im Alltagsbetrieb problemlos zu bewegen waren. zu Sammler und Carrera-RS-Fans k\u00f6nnen sich nun \u00fcber eine Modellversion im Ma\u00dfstab 1:24 freuen.<\/p>\n<p>Das Leichtbaukonzept und seine sportliche Auslegung machten den Porsche 911 Carrera RS 2.7 zu einem der begehrenswertesten Sportwagen seiner Zeit. Auf der dynamischen Soundbasis macht diese Version in Hellgelb eine exzellente Figur \u2013 auf Knopfdruck mit originalem Motorsound und Showroom-Beleuchtung!<\/p>\n<\/div>\n<\/div>\n<\/div>\n<\/div>\n<\/div>\n","protected":false},"featured_media":24439,"template":"","meta":[],"product_cat":[95,15],"product_tag":[],"yoast_head":"<!-- This site is optimized with the Yoast SEO plugin v20.9 - https:\/\/yoast.com\/wordpress\/plugins\/seo\/ -->\n<title>Porsche 911 Carrera RS 2.7 Adventskalender | PP-Performance Shop<\/title>\n<meta name=\"description\" content=\"Der Porsche 911 Carrera RS 2.7 hat sich zu einem der begehrtesten \u2013 und teuersten - Porsche-Modelle entwickelt. Porsche war es gelungen, hochwertige Renntechnologie so in die Serie zu integrieren, dass diese Fahrzeuge auch im Alltagsbetrieb problemlos zu bewegen waren. zu Sammler und Carrera-RS-Fans k\u00f6nnen sich nun \u00fcber eine Modellversion im Ma\u00dfstab 1:24 freuen.\" \/>\n<meta name=\"robots\" content=\"index, follow, max-snippet:-1, max-image-preview:large, max-video-preview:-1\" \/>\n<link rel=\"canonical\" href=\"https:\/\/pp-performance.de\/shop\/product\/porsche-911-carrera-rs-2-7-adventskalender\/\" \/>\n<meta property=\"og:locale\" content=\"de_DE\" \/>\n<meta property=\"og:type\" content=\"article\" \/>\n<meta property=\"og:title\" content=\"Porsche 911 Carrera RS 2.7 Adventskalender | PP-Performance Shop\" \/>\n<meta property=\"og:description\" content=\"Der Porsche 911 Carrera RS 2.7 hat sich zu einem der begehrtesten \u2013 und teuersten - Porsche-Modelle entwickelt. Porsche war es gelungen, hochwertige Renntechnologie so in die Serie zu integrieren, dass diese Fahrzeuge auch im Alltagsbetrieb problemlos zu bewegen waren. zu Sammler und Carrera-RS-Fans k\u00f6nnen sich nun \u00fcber eine Modellversion im Ma\u00dfstab 1:24 freuen.\" \/>\n<meta property=\"og:url\" content=\"https:\/\/pp-performance.de\/shop\/product\/porsche-911-carrera-rs-2-7-adventskalender\/\" \/>\n<meta property=\"og:site_name\" content=\"PP-Perfomance Shop\" \/>\n<meta property=\"article:modified_time\" content=\"2025-10-15T18:24:05+00:00\" \/>\n<meta property=\"og:image\" content=\"https:\/\/pp-performance.de\/shop\/wp-content\/uploads\/2025\/10\/67273_01_Porsche_911_Carrera_AK_Packshot_highres-1024x1011.jpg\" \/>\n\t<meta property=\"og:image:width\" content=\"1024\" \/>\n\t<meta property=\"og:image:height\" content=\"1011\" \/>\n\t<meta property=\"og:image:type\" content=\"image\/jpeg\" \/>\n<meta name=\"twitter:card\" content=\"summary_large_image\" \/>\n<meta name=\"twitter:label1\" content=\"Gesch\u00e4tzte Lesezeit\" \/>\n\t<meta name=\"twitter:data1\" content=\"1\u00a0Minute\" \/>\n<script type=\"application\/ld+json\" class=\"yoast-schema-graph\">{\"@context\":\"https:\/\/schema.org\",\"@graph\":[{\"@type\":\"WebPage\",\"@id\":\"https:\/\/pp-performance.de\/shop\/product\/porsche-911-carrera-rs-2-7-adventskalender\/\",\"url\":\"https:\/\/pp-performance.de\/shop\/product\/porsche-911-carrera-rs-2-7-adventskalender\/\",\"name\":\"Porsche 911 Carrera RS 2.7 Adventskalender | PP-Performance Shop\",\"isPartOf\":{\"@id\":\"https:\/\/pp-performance.de\/shop\/#website\"},\"datePublished\":\"2025-10-15T17:57:56+00:00\",\"dateModified\":\"2025-10-15T18:24:05+00:00\",\"description\":\"Der Porsche 911 Carrera RS 2.7 hat sich zu einem der begehrtesten \u2013 und teuersten - Porsche-Modelle entwickelt. Porsche war es gelungen, hochwertige Renntechnologie so in die Serie zu integrieren, dass diese Fahrzeuge auch im Alltagsbetrieb problemlos zu bewegen waren. zu Sammler und Carrera-RS-Fans k\u00f6nnen sich nun \u00fcber eine Modellversion im Ma\u00dfstab 1:24 freuen.\",\"breadcrumb\":{\"@id\":\"https:\/\/pp-performance.de\/shop\/product\/porsche-911-carrera-rs-2-7-adventskalender\/#breadcrumb\"},\"inLanguage\":\"de\",\"potentialAction\":[{\"@type\":\"ReadAction\",\"target\":[\"https:\/\/pp-performance.de\/shop\/product\/porsche-911-carrera-rs-2-7-adventskalender\/\"]}]},{\"@type\":\"BreadcrumbList\",\"@id\":\"https:\/\/pp-performance.de\/shop\/product\/porsche-911-carrera-rs-2-7-adventskalender\/#breadcrumb\",\"itemListElement\":[{\"@type\":\"ListItem\",\"position\":1,\"name\":\"Startseite\",\"item\":\"https:\/\/pp-performance.de\/shop\/\"},{\"@type\":\"ListItem\",\"position\":2,\"name\":\"Shop\",\"item\":\"https:\/\/pp-performance.de\/shop\/shop\/\"},{\"@type\":\"ListItem\",\"position\":3,\"name\":\"Porsche 911 Carrera RS 2.7 Adventskalender\"}]},{\"@type\":\"WebSite\",\"@id\":\"https:\/\/pp-performance.de\/shop\/#website\",\"url\":\"https:\/\/pp-performance.de\/shop\/\",\"name\":\"PP-Perfomance Shop\",\"description\":\"\",\"potentialAction\":[{\"@type\":\"SearchAction\",\"target\":{\"@type\":\"EntryPoint\",\"urlTemplate\":\"https:\/\/pp-performance.de\/shop\/?s={search_term_string}\"},\"query-input\":\"required name=search_term_string\"}],\"inLanguage\":\"de\"}]}<\/script>\n<!-- \/ Yoast SEO plugin. -->","yoast_head_json":{"title":"Porsche 911 Carrera RS 2.7 Adventskalender | PP-Performance Shop","description":"Der Porsche 911 Carrera RS 2.7 hat sich zu einem der begehrtesten \u2013 und teuersten - Porsche-Modelle entwickelt. Porsche war es gelungen, hochwertige Renntechnologie so in die Serie zu integrieren, dass diese Fahrzeuge auch im Alltagsbetrieb problemlos zu bewegen waren. zu Sammler und Carrera-RS-Fans k\u00f6nnen sich nun \u00fcber eine Modellversion im Ma\u00dfstab 1:24 freuen.","robots":{"index":"index","follow":"follow","max-snippet":"max-snippet:-1","max-image-preview":"max-image-preview:large","max-video-preview":"max-video-preview:-1"},"canonical":"https:\/\/pp-performance.de\/shop\/product\/porsche-911-carrera-rs-2-7-adventskalender\/","og_locale":"de_DE","og_type":"article","og_title":"Porsche 911 Carrera RS 2.7 Adventskalender | PP-Performance Shop","og_description":"Der Porsche 911 Carrera RS 2.7 hat sich zu einem der begehrtesten \u2013 und teuersten - Porsche-Modelle entwickelt. Porsche war es gelungen, hochwertige Renntechnologie so in die Serie zu integrieren, dass diese Fahrzeuge auch im Alltagsbetrieb problemlos zu bewegen waren. zu Sammler und Carrera-RS-Fans k\u00f6nnen sich nun \u00fcber eine Modellversion im Ma\u00dfstab 1:24 freuen.","og_url":"https:\/\/pp-performance.de\/shop\/product\/porsche-911-carrera-rs-2-7-adventskalender\/","og_site_name":"PP-Perfomance Shop","article_modified_time":"2025-10-15T18:24:05+00:00","og_image":[{"width":1024,"height":1011,"url":"https:\/\/pp-performance.de\/shop\/wp-content\/uploads\/2025\/10\/67273_01_Porsche_911_Carrera_AK_Packshot_highres-1024x1011.jpg","type":"image\/jpeg"}],"twitter_card":"summary_large_image","twitter_misc":{"Gesch\u00e4tzte Lesezeit":"1\u00a0Minute"},"schema":{"@context":"https:\/\/schema.org","@graph":[{"@type":"WebPage","@id":"https:\/\/pp-performance.de\/shop\/product\/porsche-911-carrera-rs-2-7-adventskalender\/","url":"https:\/\/pp-performance.de\/shop\/product\/porsche-911-carrera-rs-2-7-adventskalender\/","name":"Porsche 911 Carrera RS 2.7 Adventskalender | PP-Performance Shop","isPartOf":{"@id":"https:\/\/pp-performance.de\/shop\/#website"},"datePublished":"2025-10-15T17:57:56+00:00","dateModified":"2025-10-15T18:24:05+00:00","description":"Der Porsche 911 Carrera RS 2.7 hat sich zu einem der begehrtesten \u2013 und teuersten - Porsche-Modelle entwickelt. Porsche war es gelungen, hochwertige Renntechnologie so in die Serie zu integrieren, dass diese Fahrzeuge auch im Alltagsbetrieb problemlos zu bewegen waren. zu Sammler und Carrera-RS-Fans k\u00f6nnen sich nun \u00fcber eine Modellversion im Ma\u00dfstab 1:24 freuen.","breadcrumb":{"@id":"https:\/\/pp-performance.de\/shop\/product\/porsche-911-carrera-rs-2-7-adventskalender\/#breadcrumb"},"inLanguage":"de","potentialAction":[{"@type":"ReadAction","target":["https:\/\/pp-performance.de\/shop\/product\/porsche-911-carrera-rs-2-7-adventskalender\/"]}]},{"@type":"BreadcrumbList","@id":"https:\/\/pp-performance.de\/shop\/product\/porsche-911-carrera-rs-2-7-adventskalender\/#breadcrumb","itemListElement":[{"@type":"ListItem","position":1,"name":"Startseite","item":"https:\/\/pp-performance.de\/shop\/"},{"@type":"ListItem","position":2,"name":"Shop","item":"https:\/\/pp-performance.de\/shop\/shop\/"},{"@type":"ListItem","position":3,"name":"Porsche 911 Carrera RS 2.7 Adventskalender"}]},{"@type":"WebSite","@id":"https:\/\/pp-performance.de\/shop\/#website","url":"https:\/\/pp-performance.de\/shop\/","name":"PP-Perfomance Shop","description":"","potentialAction":[{"@type":"SearchAction","target":{"@type":"EntryPoint","urlTemplate":"https:\/\/pp-performance.de\/shop\/?s={search_term_string}"},"query-input":"required name=search_term_string"}],"inLanguage":"de"}]}},"_links":{"self":[{"href":"https:\/\/pp-performance.de\/shop\/wp-json\/wp\/v2\/product\/24432"}],"collection":[{"href":"https:\/\/pp-performance.de\/shop\/wp-json\/wp\/v2\/product"}],"about":[{"href":"https:\/\/pp-performance.de\/shop\/wp-json\/wp\/v2\/types\/product"}],"wp:featuredmedia":[{"embeddable":true,"href":"https:\/\/pp-performance.de\/shop\/wp-json\/wp\/v2\/media\/24439"}],"wp:attachment":[{"href":"https:\/\/pp-performance.de\/shop\/wp-json\/wp\/v2\/media?parent=24432"}],"wp:term":[{"taxonomy":"product_cat","embeddable":true,"href":"https:\/\/pp-performance.de\/shop\/wp-json\/wp\/v2\/product_cat?post=24432"},{"taxonomy":"product_tag","embeddable":true,"href":"https:\/\/pp-performance.de\/shop\/wp-json\/wp\/v2\/product_tag?post=24432"}],"curies":[{"name":"wp","href":"https:\/\/api.w.org\/{rel}","templated":true}]}}